{"id":53092,"date":"2017-08-31T08:32:38","date_gmt":"2017-08-31T06:32:38","guid":{"rendered":"https:\/\/www.smart-impulse.com\/technologie\/"},"modified":"2018-03-28T12:36:25","modified_gmt":"2018-03-28T10:36:25","slug":"nilm-technology","status":"publish","type":"page","link":"https:\/\/www.smart-impulse.com\/en\/nilm-technology\/","title":{"rendered":"Technology"},"content":{"rendered":"<div class=\"wpb-content-wrapper\"><p>[vc_row row_type=&#8221;row&#8221; use_row_as_full_screen_section=&#8221;no&#8221; type=&#8221;grid&#8221; oblique_section=&#8221;no&#8221; text_align=&#8221;left&#8221; triangle_shape=&#8221;no&#8221; css_animation=&#8221;&#8221; box_shadow_on_row=&#8221;no&#8221;][vc_column][vc_separator type=&#8221;normal&#8221; color=&#8221;#b5b5b5&#8243; border_style=&#8221;solid&#8221;][vc_row_inner row_type=&#8221;row&#8221; type=&#8221;full_width&#8221; use_row_as_full_screen_section_slide=&#8221;no&#8221; text_align=&#8221;left&#8221; padding_top=&#8221;40&#8243; css_animation=&#8221;&#8221; box_shadow_on_row=&#8221;no&#8221;][vc_column_inner el_class=&#8221;image-techno-gauche&#8221; width=&#8221;1\/2&#8243;][vc_single_image image=&#8221;51331&#8243; img_size=&#8221;full&#8221; alignment=&#8221;center&#8221; edgt_css_animation=&#8221;&#8221;][\/vc_column_inner][vc_column_inner width=&#8221;1\/2&#8243;][vc_column_text css=&#8221;.vc_custom_1507577855644{margin-top: 10px !important;margin-bottom: 20px !important;}&#8221;]<\/p>\n<h3><span style=\"color: #7ac621;\">Smart Impulse NILM* technology: <\/span><br \/>\nWorld-class innovation and proven reliability<\/h3>\n<p>[\/vc_column_text][vc_column_text]Nonintrusive load monitoring, or NILM technology, means measuring aggregated consumption data and using intelligent algorithms to identify the nature of consumer equipment. <span style=\"font-size: 11px;\">(*NILM: Non-Intrusive\u00a0Load\u00a0Monitoring)<\/span>[\/vc_column_text][vc_column_text css=&#8221;.vc_custom_1507577893060{margin-top: 15px !important;}&#8221;]After 10 years of intensive research and development, Smart Impulse has become the world leader in NILM technologies. By combining the high-frequency measuring of electrical signals with algorithms at the cutting edge of artificial intelligence, it is possible to identify the electrical signature of each type of equipment to continuously provide respective consumption data.<br \/>\n[\/vc_column_text][\/vc_column_inner][\/vc_row_inner][vc_separator type=&#8221;normal&#8221; color=&#8221;#b5b5b5&#8243; border_style=&#8221;solid&#8221; up=&#8221;40&#8243;][\/vc_column][\/vc_row][vc_row row_type=&#8221;row&#8221; use_row_as_full_screen_section=&#8221;no&#8221; type=&#8221;grid&#8221; oblique_section=&#8221;no&#8221; text_align=&#8221;left&#8221; triangle_shape=&#8221;no&#8221; padding_top=&#8221;40&#8243; css_animation=&#8221;&#8221; box_shadow_on_row=&#8221;no&#8221;][vc_column][vc_row_inner row_type=&#8221;row&#8221; type=&#8221;full_width&#8221; use_row_as_full_screen_section_slide=&#8221;no&#8221; text_align=&#8221;left&#8221; css_animation=&#8221;&#8221; box_shadow_on_row=&#8221;no&#8221;][vc_column_inner width=&#8221;1\/12&#8243;][\/vc_column_inner][vc_column_inner el_class=&#8221;bloc-techno-gauche&#8221; width=&#8221;5\/12&#8243; css=&#8221;.vc_custom_1506573420534{margin-top: -30px !important;border-right-width: 1px !important;border-right-color: #efefef !important;border-right-style: solid !important;}&#8221;][vc_single_image image=&#8221;50784&#8243; img_size=&#8221;full&#8221; alignment=&#8221;center&#8221; edgt_css_animation=&#8221;&#8221;][vc_column_text css=&#8221;.vc_custom_1504163356639{margin-top: 15px !important;margin-bottom: 15px !important;}&#8221;]<\/p>\n<h4 style=\"text-align: center;\">Innovation<\/h4>\n<p>[\/vc_column_text][vc_column_text]<\/p>\n<div class=\"tuto\">\n<div class=\"imago\"><img decoding=\"async\" src=\"https:\/\/www.smart-impulse.com\/wp-content\/uploads\/2017\/09\/rond-vert-creux-2-1.jpg\" \/><\/div>\n<div class=\"texto\">10 years of intensive R&amp;D<\/div>\n<\/div>\n<div class=\"tuto\">\n<div class=\"imago\"><img decoding=\"async\" src=\"https:\/\/www.smart-impulse.com\/wp-content\/uploads\/2017\/09\/rond-vert-creux-2-1.jpg\" \/><\/div>\n<div class=\"texto\">6 patents filed<\/div>\n<\/div>\n<div class=\"tuto\">\n<div class=\"imago\"><img decoding=\"async\" src=\"https:\/\/www.smart-impulse.com\/wp-content\/uploads\/2017\/09\/rond-vert-creux-2-1.jpg\" \/><\/div>\n<div class=\"texto\">Reputed as the world-class provider of NILM* technology-based solutions (*NILM: Non-Intrusive\u00a0Load\u00a0Monitoring)<\/div>\n<\/div>\n<p>[\/vc_column_text][\/vc_column_inner][vc_column_inner el_class=&#8221;clic-droit&#8221; width=&#8221;5\/12&#8243;][vc_single_image image=&#8221;50797&#8243; img_size=&#8221;full&#8221; alignment=&#8221;center&#8221; edgt_css_animation=&#8221;&#8221;][vc_column_text css=&#8221;.vc_custom_1507577909130{margin-top: 15px !important;margin-bottom: 25px !important;}&#8221;]<\/p>\n<h4 style=\"text-align: center;\">Reliability<\/h4>\n<p>[\/vc_column_text][vc_column_text]<\/p>\n<div class=\"tuto\">\n<div class=\"imago\"><img decoding=\"async\" src=\"https:\/\/www.smart-impulse.com\/wp-content\/uploads\/2017\/09\/rond-vert-creux-2-1.jpg\" \/><\/div>\n<div class=\"texto\">Technology certified by the French CSTB (Scientific &amp; Technical Center for Buildings)<\/div>\n<\/div>\n<div class=\"tuto\">\n<div class=\"imago\"><img decoding=\"async\" src=\"https:\/\/www.smart-impulse.com\/wp-content\/uploads\/2017\/09\/rond-vert-creux-2-1.jpg\" \/><\/div>\n<div class=\"texto\">Tested technology adopted by the world\u2019s leaders in energy services<\/div>\n<\/div>\n<div class=\"tuto\">\n<div class=\"imago\"><img decoding=\"async\" src=\"https:\/\/www.smart-impulse.com\/wp-content\/uploads\/2017\/09\/rond-vert-creux-2-1.jpg\" \/><\/div>\n<div class=\"texto\">The Smart Impulse team of experts guarantees the pertinence of data provided<\/div>\n<\/div>\n<p>[\/vc_column_text][\/vc_column_inner][vc_column_inner width=&#8221;1\/12&#8243;][\/vc_column_inner][\/vc_row_inner][vc_empty_space height=&#8221;40px&#8221; image_repeat=&#8221;no-repeat&#8221;][\/vc_column][\/vc_row][vc_row row_type=&#8221;row&#8221; use_row_as_full_screen_section=&#8221;no&#8221; type=&#8221;full_width&#8221; oblique_section=&#8221;no&#8221; text_align=&#8221;left&#8221; triangle_shape=&#8221;no&#8221; background_color=&#8221;#f2f3f4&#8243; css_animation=&#8221;&#8221; box_shadow_on_row=&#8221;no&#8221;][vc_column][vc_row_inner row_type=&#8221;row&#8221; type=&#8221;grid&#8221; use_row_as_full_screen_section_slide=&#8221;no&#8221; text_align=&#8221;left&#8221; css_animation=&#8221;&#8221; box_shadow_on_row=&#8221;no&#8221;][vc_column_inner][vc_separator type=&#8221;normal&#8221; color=&#8221;#b5b5b5&#8243; border_style=&#8221;solid&#8221; down=&#8221;40&#8243;][vc_column_text css=&#8221;.vc_custom_1521717283794{margin-bottom: 20px !important;}&#8221;]<img decoding=\"async\" class=\"aligncenter wp-image-51670 size-full\" title=\"NILM testimony\" src=\"https:\/\/www.smart-impulse.com\/wp-content\/uploads\/2017\/08\/guillemets.png\" alt=\"NILM testimony\" width=\"42\" height=\"35\" \/>[\/vc_column_text][vc_column_text]<\/p>\n<h3 style=\"text-align: center;\"><span style=\"font-weight: 400; color: #333333; font-style: italic;\"> The relative proportion of the various end-uses significantly reflects reality, so that decisions to improve energy consumption, such as energy audits, are efficiently informed.<br \/>\nFor long-term monitoring (for example, to measure the impact of energy performance actions), [\u2026] the Smart\u00a0Impulse solution is even better suited.<br \/>\n<\/span><\/h3>\n<p>[\/vc_column_text][vc_column_text css=&#8221;.vc_custom_1507654351762{margin-top: 10px !important;}&#8221;]<\/p>\n<p style=\"text-align: center; text-transform: uppercase;\">Smart\u00a0Impulse Evaluation Study &#8211; CSTB<\/p>\n<p>[\/vc_column_text][vc_separator type=&#8221;normal&#8221; color=&#8221;#1dc1ca&#8221; border_style=&#8221;solid&#8221; thickness=&#8221;2&#8243; up=&#8221;40&#8243;][\/vc_column_inner][\/vc_row_inner][\/vc_column][\/vc_row][vc_row row_type=&#8221;row&#8221; use_row_as_full_screen_section=&#8221;no&#8221; type=&#8221;full_width&#8221; oblique_section=&#8221;no&#8221; text_align=&#8221;center&#8221; triangle_shape=&#8221;no&#8221; padding_top=&#8221;20&#8243; padding_bottom=&#8221;40&#8243; css_animation=&#8221;&#8221; box_shadow_on_row=&#8221;no&#8221;][vc_column el_class=&#8221;find&#8221;][vc_empty_space height=&#8221;40px&#8221; image_repeat=&#8221;no-repeat&#8221;][vc_column_text]<\/p>\n<h1 style=\"text-align: center;\">Find out more about our solutions<\/h1>\n<p>[\/vc_column_text][vc_empty_space image_repeat=&#8221;no-repeat&#8221;]<a href=\"https:\/\/www.smart-impulse.com\/en\/contact\/\" target=\"_self\"  class=\"qbutton  medium qbutton_with_icon icon_right\" style=\"border-radius: 25px;-moz-border-radius: 25px;-webkit-border-radius: 25px; \">Contact us<i class=\"edgt_icon_ion_icon ion-android-arrow-dropright button_icon\" style=\"color: #ffffff;width: inherit; \" ><\/i><\/a>[\/vc_column][\/vc_row][vc_column][\/vc_column]<\/p>\n<\/div>","protected":false},"excerpt":{"rendered":"<p>[vc_row row_type=&#8221;row&#8221; use_row_as_full_screen_section=&#8221;no&#8221; type=&#8221;grid&#8221; oblique_section=&#8221;no&#8221; text_align=&#8221;left&#8221; triangle_shape=&#8221;no&#8221; css_animation=&#8221;&#8221; box_shadow_on_row=&#8221;no&#8221;][vc_column][vc_separator type=&#8221;normal&#8221; color=&#8221;#b5b5b5&#8243; border_style=&#8221;solid&#8221;][vc_row_inner row_type=&#8221;row&#8221; type=&#8221;full_width&#8221; use_row_as_full_screen_section_slide=&#8221;no&#8221; text_align=&#8221;left&#8221; padding_top=&#8221;40&#8243; css_animation=&#8221;&#8221; box_shadow_on_row=&#8221;no&#8221;][vc_column_inner el_class=&#8221;image-techno-gauche&#8221; width=&#8221;1\/2&#8243;][vc_single_image image=&#8221;51331&#8243; img_size=&#8221;full&#8221; alignment=&#8221;center&#8221; edgt_css_animation=&#8221;&#8221;][\/vc_column_inner][vc_column_inner width=&#8221;1\/2&#8243;][vc_column_text css=&#8221;.vc_custom_1507577855644{margin-top: 10px !important;margin-bottom: 20px !important;}&#8221;] Smart Impulse NILM* technology: World-class innovation and proven reliability&#8230;<\/p>\n","protected":false},"author":2,"featured_media":0,"parent":0,"menu_order":0,"comment_status":"closed","ping_status":"closed","template":"full_width.php","meta":{"footnotes":""},"class_list":["post-53092","page","type-page","status-publish","hentry"],"yoast_head":"<!-- This site is optimized with the Yoast SEO plugin v27.3 - https:\/\/yoast.com\/product\/yoast-seo-wordpress\/ -->\n<title>NILM Technology - SMART IMPULSE : 10 years of intensive R&amp;D<\/title>\n<meta name=\"description\" content=\"NILM Technology, means measuring aggregated consumption data and using intelligent algorithms to identify the nature of consumer equipment.\" \/>\n<meta name=\"robots\" content=\"index, follow, max-snippet:-1, max-image-preview:large, max-video-preview:-1\" \/>\n<link rel=\"canonical\" href=\"https:\/\/www.smart-impulse.com\/en\/nilm-technology\/\" \/>\n<meta property=\"og:locale\" content=\"en_US\" \/>\n<meta property=\"og:type\" content=\"article\" \/>\n<meta property=\"og:title\" content=\"NILM Technology - SMART IMPULSE : 10 years of intensive R&amp;D\" \/>\n<meta property=\"og:description\" content=\"NILM Technology, means measuring aggregated consumption data and using intelligent algorithms to identify the nature of consumer equipment.\" \/>\n<meta property=\"og:url\" content=\"https:\/\/www.smart-impulse.com\/en\/nilm-technology\/\" \/>\n<meta property=\"og:site_name\" content=\"SMART IMPULSE\" \/>\n<meta property=\"article:publisher\" content=\"https:\/\/www.facebook.com\/Smartimpulse\/\" \/>\n<meta property=\"article:modified_time\" content=\"2018-03-28T10:36:25+00:00\" \/>\n<meta property=\"og:image\" content=\"https:\/\/www.smart-impulse.com\/wp-content\/uploads\/2017\/09\/rond-vert-creux-2-1.jpg\" \/>\n<meta name=\"twitter:card\" content=\"summary_large_image\" \/>\n<meta name=\"twitter:site\" content=\"@SmartImpulse\" \/>\n<meta name=\"twitter:label1\" content=\"Est. reading time\" \/>\n\t<meta name=\"twitter:data1\" content=\"4 minutes\" \/>\n<script type=\"application\/ld+json\" class=\"yoast-schema-graph\">{\"@context\":\"https:\\\/\\\/schema.org\",\"@graph\":[{\"@type\":\"Article\",\"@id\":\"https:\\\/\\\/www.smart-impulse.com\\\/en\\\/nilm-technology\\\/#article\",\"isPartOf\":{\"@id\":\"https:\\\/\\\/www.smart-impulse.com\\\/en\\\/nilm-technology\\\/\"},\"author\":{\"name\":\"henri\",\"@id\":\"https:\\\/\\\/www.smart-impulse.com\\\/#\\\/schema\\\/person\\\/2d4412593582e41e55aed32d655f41c2\"},\"headline\":\"Technology\",\"datePublished\":\"2017-08-31T06:32:38+00:00\",\"dateModified\":\"2018-03-28T10:36:25+00:00\",\"mainEntityOfPage\":{\"@id\":\"https:\\\/\\\/www.smart-impulse.com\\\/en\\\/nilm-technology\\\/\"},\"wordCount\":781,\"publisher\":{\"@id\":\"https:\\\/\\\/www.smart-impulse.com\\\/#organization\"},\"image\":{\"@id\":\"https:\\\/\\\/www.smart-impulse.com\\\/en\\\/nilm-technology\\\/#primaryimage\"},\"thumbnailUrl\":\"https:\\\/\\\/www.smart-impulse.com\\\/wp-content\\\/uploads\\\/2017\\\/09\\\/rond-vert-creux-2-1.jpg\",\"inLanguage\":\"en-US\"},{\"@type\":\"WebPage\",\"@id\":\"https:\\\/\\\/www.smart-impulse.com\\\/en\\\/nilm-technology\\\/\",\"url\":\"https:\\\/\\\/www.smart-impulse.com\\\/en\\\/nilm-technology\\\/\",\"name\":\"NILM Technology - SMART IMPULSE : 10 years of intensive R&D\",\"isPartOf\":{\"@id\":\"https:\\\/\\\/www.smart-impulse.com\\\/#website\"},\"primaryImageOfPage\":{\"@id\":\"https:\\\/\\\/www.smart-impulse.com\\\/en\\\/nilm-technology\\\/#primaryimage\"},\"image\":{\"@id\":\"https:\\\/\\\/www.smart-impulse.com\\\/en\\\/nilm-technology\\\/#primaryimage\"},\"thumbnailUrl\":\"https:\\\/\\\/www.smart-impulse.com\\\/wp-content\\\/uploads\\\/2017\\\/09\\\/rond-vert-creux-2-1.jpg\",\"datePublished\":\"2017-08-31T06:32:38+00:00\",\"dateModified\":\"2018-03-28T10:36:25+00:00\",\"description\":\"NILM Technology, means measuring aggregated consumption data and using intelligent algorithms to identify the nature of consumer equipment.\",\"breadcrumb\":{\"@id\":\"https:\\\/\\\/www.smart-impulse.com\\\/en\\\/nilm-technology\\\/#breadcrumb\"},\"inLanguage\":\"en-US\",\"potentialAction\":[{\"@type\":\"ReadAction\",\"target\":[\"https:\\\/\\\/www.smart-impulse.com\\\/en\\\/nilm-technology\\\/\"]}]},{\"@type\":\"ImageObject\",\"inLanguage\":\"en-US\",\"@id\":\"https:\\\/\\\/www.smart-impulse.com\\\/en\\\/nilm-technology\\\/#primaryimage\",\"url\":\"https:\\\/\\\/www.smart-impulse.com\\\/wp-content\\\/uploads\\\/2017\\\/09\\\/rond-vert-creux-2-1.jpg\",\"contentUrl\":\"https:\\\/\\\/www.smart-impulse.com\\\/wp-content\\\/uploads\\\/2017\\\/09\\\/rond-vert-creux-2-1.jpg\"},{\"@type\":\"BreadcrumbList\",\"@id\":\"https:\\\/\\\/www.smart-impulse.com\\\/en\\\/nilm-technology\\\/#breadcrumb\",\"itemListElement\":[{\"@type\":\"ListItem\",\"position\":1,\"name\":\"Home\",\"item\":\"https:\\\/\\\/www.smart-impulse.com\\\/en\\\/\"},{\"@type\":\"ListItem\",\"position\":2,\"name\":\"Technology\"}]},{\"@type\":\"WebSite\",\"@id\":\"https:\\\/\\\/www.smart-impulse.com\\\/#website\",\"url\":\"https:\\\/\\\/www.smart-impulse.com\\\/\",\"name\":\"SMART IMPULSE\",\"description\":\"Ma\u00eetriser ses consommations \u00e9lectriques n&#039;aura jamais \u00e9t\u00e9 aussi facile\",\"publisher\":{\"@id\":\"https:\\\/\\\/www.smart-impulse.com\\\/#organization\"},\"potentialAction\":[{\"@type\":\"SearchAction\",\"target\":{\"@type\":\"EntryPoint\",\"urlTemplate\":\"https:\\\/\\\/www.smart-impulse.com\\\/?s={search_term_string}\"},\"query-input\":{\"@type\":\"PropertyValueSpecification\",\"valueRequired\":true,\"valueName\":\"search_term_string\"}}],\"inLanguage\":\"en-US\"},{\"@type\":\"Organization\",\"@id\":\"https:\\\/\\\/www.smart-impulse.com\\\/#organization\",\"name\":\"Smart Impulse\",\"url\":\"https:\\\/\\\/www.smart-impulse.com\\\/\",\"logo\":{\"@type\":\"ImageObject\",\"inLanguage\":\"en-US\",\"@id\":\"https:\\\/\\\/www.smart-impulse.com\\\/#\\\/schema\\\/logo\\\/image\\\/\",\"url\":\"https:\\\/\\\/www.smart-impulse.com\\\/wp-content\\\/uploads\\\/2017\\\/08\\\/logo-vert.png\",\"contentUrl\":\"https:\\\/\\\/www.smart-impulse.com\\\/wp-content\\\/uploads\\\/2017\\\/08\\\/logo-vert.png\",\"width\":200,\"height\":96,\"caption\":\"Smart Impulse\"},\"image\":{\"@id\":\"https:\\\/\\\/www.smart-impulse.com\\\/#\\\/schema\\\/logo\\\/image\\\/\"},\"sameAs\":[\"https:\\\/\\\/www.facebook.com\\\/Smartimpulse\\\/\",\"https:\\\/\\\/x.com\\\/SmartImpulse\",\"https:\\\/\\\/fr.linkedin.com\\\/company\\\/smart-impulse\"]},{\"@type\":\"Person\",\"@id\":\"https:\\\/\\\/www.smart-impulse.com\\\/#\\\/schema\\\/person\\\/2d4412593582e41e55aed32d655f41c2\",\"name\":\"henri\",\"image\":{\"@type\":\"ImageObject\",\"inLanguage\":\"en-US\",\"@id\":\"https:\\\/\\\/secure.gravatar.com\\\/avatar\\\/bccbeb9062c3bbe6c710d4f4d8be691aa4b1a66f3ac93d03f61e00257faa4fff?s=96&d=mm&r=g\",\"url\":\"https:\\\/\\\/secure.gravatar.com\\\/avatar\\\/bccbeb9062c3bbe6c710d4f4d8be691aa4b1a66f3ac93d03f61e00257faa4fff?s=96&d=mm&r=g\",\"contentUrl\":\"https:\\\/\\\/secure.gravatar.com\\\/avatar\\\/bccbeb9062c3bbe6c710d4f4d8be691aa4b1a66f3ac93d03f61e00257faa4fff?s=96&d=mm&r=g\",\"caption\":\"henri\"}}]}<\/script>\n<!-- \/ Yoast SEO plugin. -->","yoast_head_json":{"title":"NILM Technology - SMART IMPULSE : 10 years of intensive R&D","description":"NILM Technology, means measuring aggregated consumption data and using intelligent algorithms to identify the nature of consumer equipment.","robots":{"index":"index","follow":"follow","max-snippet":"max-snippet:-1","max-image-preview":"max-image-preview:large","max-video-preview":"max-video-preview:-1"},"canonical":"https:\/\/www.smart-impulse.com\/en\/nilm-technology\/","og_locale":"en_US","og_type":"article","og_title":"NILM Technology - SMART IMPULSE : 10 years of intensive R&D","og_description":"NILM Technology, means measuring aggregated consumption data and using intelligent algorithms to identify the nature of consumer equipment.","og_url":"https:\/\/www.smart-impulse.com\/en\/nilm-technology\/","og_site_name":"SMART IMPULSE","article_publisher":"https:\/\/www.facebook.com\/Smartimpulse\/","article_modified_time":"2018-03-28T10:36:25+00:00","og_image":[{"url":"https:\/\/www.smart-impulse.com\/wp-content\/uploads\/2017\/09\/rond-vert-creux-2-1.jpg","type":"","width":"","height":""}],"twitter_card":"summary_large_image","twitter_site":"@SmartImpulse","twitter_misc":{"Est. reading time":"4 minutes"},"schema":{"@context":"https:\/\/schema.org","@graph":[{"@type":"Article","@id":"https:\/\/www.smart-impulse.com\/en\/nilm-technology\/#article","isPartOf":{"@id":"https:\/\/www.smart-impulse.com\/en\/nilm-technology\/"},"author":{"name":"henri","@id":"https:\/\/www.smart-impulse.com\/#\/schema\/person\/2d4412593582e41e55aed32d655f41c2"},"headline":"Technology","datePublished":"2017-08-31T06:32:38+00:00","dateModified":"2018-03-28T10:36:25+00:00","mainEntityOfPage":{"@id":"https:\/\/www.smart-impulse.com\/en\/nilm-technology\/"},"wordCount":781,"publisher":{"@id":"https:\/\/www.smart-impulse.com\/#organization"},"image":{"@id":"https:\/\/www.smart-impulse.com\/en\/nilm-technology\/#primaryimage"},"thumbnailUrl":"https:\/\/www.smart-impulse.com\/wp-content\/uploads\/2017\/09\/rond-vert-creux-2-1.jpg","inLanguage":"en-US"},{"@type":"WebPage","@id":"https:\/\/www.smart-impulse.com\/en\/nilm-technology\/","url":"https:\/\/www.smart-impulse.com\/en\/nilm-technology\/","name":"NILM Technology - SMART IMPULSE : 10 years of intensive R&D","isPartOf":{"@id":"https:\/\/www.smart-impulse.com\/#website"},"primaryImageOfPage":{"@id":"https:\/\/www.smart-impulse.com\/en\/nilm-technology\/#primaryimage"},"image":{"@id":"https:\/\/www.smart-impulse.com\/en\/nilm-technology\/#primaryimage"},"thumbnailUrl":"https:\/\/www.smart-impulse.com\/wp-content\/uploads\/2017\/09\/rond-vert-creux-2-1.jpg","datePublished":"2017-08-31T06:32:38+00:00","dateModified":"2018-03-28T10:36:25+00:00","description":"NILM Technology, means measuring aggregated consumption data and using intelligent algorithms to identify the nature of consumer equipment.","breadcrumb":{"@id":"https:\/\/www.smart-impulse.com\/en\/nilm-technology\/#breadcrumb"},"inLanguage":"en-US","potentialAction":[{"@type":"ReadAction","target":["https:\/\/www.smart-impulse.com\/en\/nilm-technology\/"]}]},{"@type":"ImageObject","inLanguage":"en-US","@id":"https:\/\/www.smart-impulse.com\/en\/nilm-technology\/#primaryimage","url":"https:\/\/www.smart-impulse.com\/wp-content\/uploads\/2017\/09\/rond-vert-creux-2-1.jpg","contentUrl":"https:\/\/www.smart-impulse.com\/wp-content\/uploads\/2017\/09\/rond-vert-creux-2-1.jpg"},{"@type":"BreadcrumbList","@id":"https:\/\/www.smart-impulse.com\/en\/nilm-technology\/#breadcrumb","itemListElement":[{"@type":"ListItem","position":1,"name":"Home","item":"https:\/\/www.smart-impulse.com\/en\/"},{"@type":"ListItem","position":2,"name":"Technology"}]},{"@type":"WebSite","@id":"https:\/\/www.smart-impulse.com\/#website","url":"https:\/\/www.smart-impulse.com\/","name":"SMART IMPULSE","description":"Ma\u00eetriser ses consommations \u00e9lectriques n&#039;aura jamais \u00e9t\u00e9 aussi facile","publisher":{"@id":"https:\/\/www.smart-impulse.com\/#organization"},"potentialAction":[{"@type":"SearchAction","target":{"@type":"EntryPoint","urlTemplate":"https:\/\/www.smart-impulse.com\/?s={search_term_string}"},"query-input":{"@type":"PropertyValueSpecification","valueRequired":true,"valueName":"search_term_string"}}],"inLanguage":"en-US"},{"@type":"Organization","@id":"https:\/\/www.smart-impulse.com\/#organization","name":"Smart Impulse","url":"https:\/\/www.smart-impulse.com\/","logo":{"@type":"ImageObject","inLanguage":"en-US","@id":"https:\/\/www.smart-impulse.com\/#\/schema\/logo\/image\/","url":"https:\/\/www.smart-impulse.com\/wp-content\/uploads\/2017\/08\/logo-vert.png","contentUrl":"https:\/\/www.smart-impulse.com\/wp-content\/uploads\/2017\/08\/logo-vert.png","width":200,"height":96,"caption":"Smart Impulse"},"image":{"@id":"https:\/\/www.smart-impulse.com\/#\/schema\/logo\/image\/"},"sameAs":["https:\/\/www.facebook.com\/Smartimpulse\/","https:\/\/x.com\/SmartImpulse","https:\/\/fr.linkedin.com\/company\/smart-impulse"]},{"@type":"Person","@id":"https:\/\/www.smart-impulse.com\/#\/schema\/person\/2d4412593582e41e55aed32d655f41c2","name":"henri","image":{"@type":"ImageObject","inLanguage":"en-US","@id":"https:\/\/secure.gravatar.com\/avatar\/bccbeb9062c3bbe6c710d4f4d8be691aa4b1a66f3ac93d03f61e00257faa4fff?s=96&d=mm&r=g","url":"https:\/\/secure.gravatar.com\/avatar\/bccbeb9062c3bbe6c710d4f4d8be691aa4b1a66f3ac93d03f61e00257faa4fff?s=96&d=mm&r=g","contentUrl":"https:\/\/secure.gravatar.com\/avatar\/bccbeb9062c3bbe6c710d4f4d8be691aa4b1a66f3ac93d03f61e00257faa4fff?s=96&d=mm&r=g","caption":"henri"}}]}},"_links":{"self":[{"href":"https:\/\/www.smart-impulse.com\/en\/wp-json\/wp\/v2\/pages\/53092","targetHints":{"allow":["GET"]}}],"collection":[{"href":"https:\/\/www.smart-impulse.com\/en\/wp-json\/wp\/v2\/pages"}],"about":[{"href":"https:\/\/www.smart-impulse.com\/en\/wp-json\/wp\/v2\/types\/page"}],"author":[{"embeddable":true,"href":"https:\/\/www.smart-impulse.com\/en\/wp-json\/wp\/v2\/users\/2"}],"replies":[{"embeddable":true,"href":"https:\/\/www.smart-impulse.com\/en\/wp-json\/wp\/v2\/comments?post=53092"}],"version-history":[{"count":0,"href":"https:\/\/www.smart-impulse.com\/en\/wp-json\/wp\/v2\/pages\/53092\/revisions"}],"wp:attachment":[{"href":"https:\/\/www.smart-impulse.com\/en\/wp-json\/wp\/v2\/media?parent=53092"}],"curies":[{"name":"wp","href":"https:\/\/api.w.org\/{rel}","templated":true}]}}