{"id":53118,"date":"2017-09-18T15:12:59","date_gmt":"2017-09-18T13:12:59","guid":{"rendered":"https:\/\/www.smart-impulse.com\/qui-sommes-nous\/"},"modified":"2025-01-14T12:10:18","modified_gmt":"2025-01-14T11:10:18","slug":"about-us","status":"publish","type":"page","link":"https:\/\/www.smart-impulse.com\/en\/about-us\/","title":{"rendered":"About us"},"content":{"rendered":"<div class=\"wpb-content-wrapper\"><p>[vc_row css_animation=&#8221;&#8221; row_type=&#8221;row&#8221; use_row_as_full_screen_section=&#8221;no&#8221; type=&#8221;full_width&#8221; oblique_section=&#8221;no&#8221; text_align=&#8221;left&#8221; triangle_shape=&#8221;no&#8221; box_shadow_on_row=&#8221;no&#8221;][vc_column][vc_separator type=&#8221;normal&#8221; color=&#8221;#b5b5b5&#8243; border_style=&#8221;solid&#8221;][vc_empty_space height=&#8221;20px&#8221; image_repeat=&#8221;no-repeat&#8221;][vc_row_inner row_type=&#8221;row&#8221; type=&#8221;full_width&#8221; use_row_as_full_screen_section_slide=&#8221;no&#8221; text_align=&#8221;left&#8221; css_animation=&#8221;&#8221; box_shadow_on_row=&#8221;no&#8221;][vc_column_inner width=&#8221;1\/2&#8243;][vc_single_image image=&#8221;51446&#8243; img_size=&#8221;full&#8221; alignment=&#8221;center&#8221; edgt_css_animation=&#8221;&#8221;][\/vc_column_inner][vc_column_inner width=&#8221;1\/2&#8243;][vc_column_text]<\/p>\n<h3><span style=\"color: #7ac621;\">Mission<\/span><\/h3>\n<p>[\/vc_column_text][vc_column_text css=&#8221;.vc_custom_1507581974754{margin-top: 20px !important;margin-bottom: 20px !important;}&#8221;]Our mission is to help building managers better understand how their buildings consume energy so they can save energy.<br \/>\n<b><\/b>[\/vc_column_text][vc_column_text]To do this, Smart Impulse has developed <b>cutting edge technology<\/b><b> with tools that are simple to install and use<\/b> <b> and which enable them to manage their energy consumption over time.<\/b>[\/vc_column_text][\/vc_column_inner][\/vc_row_inner][vc_empty_space height=&#8221;20px&#8221; image_repeat=&#8221;no-repeat&#8221;][vc_separator type=&#8221;normal&#8221; color=&#8221;#b5b5b5&#8243; border_style=&#8221;solid&#8221;][\/vc_column][\/vc_row][vc_row css_animation=&#8221;&#8221; row_type=&#8221;row&#8221; use_row_as_full_screen_section=&#8221;no&#8221; type=&#8221;full_width&#8221; oblique_section=&#8221;no&#8221; text_align=&#8221;left&#8221; triangle_shape=&#8221;no&#8221; padding_top=&#8221;50&#8243; padding_bottom=&#8221;50&#8243; box_shadow_on_row=&#8221;no&#8221;][vc_column width=&#8221;1\/4&#8243; el_class=&#8221;YA-1&#8243;][vc_single_image image=&#8221;61520&#8243; img_size=&#8221;full&#8221; alignment=&#8221;center&#8221; css=&#8221;&#8221; edgt_css_animation=&#8221;&#8221;][\/vc_column][vc_column width=&#8221;1\/4&#8243;][vc_single_image image=&#8221;61525&#8243; img_size=&#8221;full&#8221; alignment=&#8221;center&#8221; css=&#8221;&#8221; edgt_css_animation=&#8221;&#8221;][\/vc_column][vc_column width=&#8221;1\/4&#8243;][vc_single_image image=&#8221;61522&#8243; img_size=&#8221;full&#8221; alignment=&#8221;center&#8221; css=&#8221;&#8221; edgt_css_animation=&#8221;&#8221;][\/vc_column][vc_column width=&#8221;1\/4&#8243;][vc_single_image image=&#8221;61529&#8243; img_size=&#8221;full&#8221; alignment=&#8221;center&#8221; css=&#8221;&#8221; edgt_css_animation=&#8221;&#8221;][\/vc_column][\/vc_row][vc_row css_animation=&#8221;&#8221; row_type=&#8221;row&#8221; use_row_as_full_screen_section=&#8221;no&#8221; type=&#8221;full_width&#8221; oblique_section=&#8221;no&#8221; text_align=&#8221;left&#8221; triangle_shape=&#8221;no&#8221; box_shadow_on_row=&#8221;no&#8221;][vc_column width=&#8221;1\/3&#8243; el_class=&#8221;qui-gauche&#8221;][vc_column_text]<\/p>\n<h3><span style=\"color: #7ac621;\">How it all started<br \/>\n<\/span><\/h3>\n<p>&nbsp;<\/p>\n<p>[\/vc_column_text][vc_column_text css=&#8221;.vc_custom_1507582176524{margin-right: 20px !important;}&#8221;]It all started in 2008 with one simple realisation: to reduce your electricity bill, you need to know the source of consumption. But there was no appropriate solution for existing commercial property.<\/p>\n<p>That\u2019s when we started creating algorithms and a new-generation meter that would allow building managers to clearly understand the source of their energy consumption and target energy savings of around 15%.[\/vc_column_text][\/vc_column][vc_column width=&#8221;2\/3&#8243; css=&#8221;.vc_custom_1506513296812{margin-top: 40px !important;}&#8221; el_class=&#8221;qui-droite&#8221; offset=&#8221;vc_hidden-xs&#8221;][vc_row_inner row_type=&#8221;row&#8221; type=&#8221;full_width&#8221; use_row_as_full_screen_section_slide=&#8221;no&#8221; text_align=&#8221;left&#8221; css_animation=&#8221;&#8221; box_shadow_on_row=&#8221;no&#8221;][vc_column_inner width=&#8221;1\/3&#8243;][vc_column_text]<\/p>\n<h3 style=\"text-align: left;\">2008<\/h3>\n<p style=\"text-align: left;\">Birth of the concept and development of algorithms<\/p>\n<p>[\/vc_column_text][\/vc_column_inner][vc_column_inner el_class=&#8221;douze&#8221; width=&#8221;1\/3&#8243;][vc_column_text]<\/p>\n<h3 style=\"text-align: left;\">2012<\/h3>\n<p>Launch of Smart Analyzer:<br \/>\nto break down energy consumption per end-use[\/vc_column_text][\/vc_column_inner][vc_column_inner el_class=&#8221;2016&#8243; width=&#8221;1\/3&#8243;][vc_column_text]<\/p>\n<h3 style=\"text-align: left;\">2016<\/h3>\n<p style=\"text-align: left;\">Update of the visualisation platform, launch of email reports and alerts<\/p>\n<p>[\/vc_column_text][\/vc_column_inner][\/vc_row_inner][vc_single_image image=&#8221;51712&#8243; img_size=&#8221;full&#8221; alignment=&#8221;center&#8221; edgt_css_animation=&#8221;&#8221; el_class=&#8221;barre&#8221;][vc_row_inner row_type=&#8221;row&#8221; type=&#8221;full_width&#8221; use_row_as_full_screen_section_slide=&#8221;no&#8221; text_align=&#8221;left&#8221; css_animation=&#8221;&#8221; box_shadow_on_row=&#8221;no&#8221;][vc_column_inner width=&#8221;1\/6&#8243;][\/vc_column_inner][vc_column_inner el_class=&#8221;onze&#8221; width=&#8221;2\/6&#8243;][vc_column_text]<\/p>\n<h3 style=\"text-align: left;\">2011<\/h3>\n<p style=\"text-align: left;\">Creation of the company<\/p>\n<p>[\/vc_column_text][\/vc_column_inner][vc_column_inner el_class=&#8221;quinze&#8221; width=&#8221;2\/6&#8243;][vc_column_text]<\/p>\n<h3 style=\"text-align: left;\">2015<\/h3>\n<p style=\"text-align: left;\">Launch of Smart Tag: to break down energy consumption per zone and per end-use<\/p>\n<p>[\/vc_column_text][\/vc_column_inner][vc_column_inner el_class=&#8221;sept&#8221; width=&#8221;1\/6&#8243;][vc_column_text]<\/p>\n<h3 style=\"text-align: left;\">2017<\/h3>\n<p style=\"text-align: left;\">Launch of Smart X<\/p>\n<p>[\/vc_column_text][\/vc_column_inner][\/vc_row_inner][\/vc_column][\/vc_row][vc_row css_animation=&#8221;&#8221; row_type=&#8221;row&#8221; use_row_as_full_screen_section=&#8221;no&#8221; type=&#8221;full_width&#8221; oblique_section=&#8221;no&#8221; text_align=&#8221;left&#8221; triangle_shape=&#8221;no&#8221; box_shadow_on_row=&#8221;no&#8221;][vc_column width=&#8221;1\/3&#8243; el_class=&#8221;qui-gauche&#8221;][\/vc_column][vc_column width=&#8221;2\/3&#8243; css=&#8221;.vc_custom_1506513279692{margin-top: 40px !important;}&#8221; el_class=&#8221;qui-droite&#8221; offset=&#8221;vc_hidden-lg vc_hidden-md vc_hidden-sm&#8221;][vc_row_inner row_type=&#8221;row&#8221; type=&#8221;full_width&#8221; use_row_as_full_screen_section_slide=&#8221;no&#8221; text_align=&#8221;left&#8221; css_animation=&#8221;&#8221; box_shadow_on_row=&#8221;no&#8221;][vc_column_inner width=&#8221;1\/3&#8243;][vc_column_text]<\/p>\n<h3 style=\"text-align: left;\">2008<\/h3>\n<p style=\"text-align: left;\">Birth of the concept and development of algorithms<\/p>\n<p>[\/vc_column_text][\/vc_column_inner][vc_column_inner width=&#8221;1\/3&#8243;][vc_column_text]<\/p>\n<h3 style=\"text-align: left;\">2011<\/h3>\n<p style=\"text-align: left;\">Creation of the company<\/p>\n<p>[\/vc_column_text][\/vc_column_inner][vc_column_inner width=&#8221;1\/3&#8243;][vc_column_text]<\/p>\n<h3 style=\"text-align: left;\">2012<\/h3>\n<p>Launch of Smart Analyzer:<br \/>\nto break down energy consumption per end-use[\/vc_column_text][\/vc_column_inner][\/vc_row_inner][vc_row_inner row_type=&#8221;row&#8221; type=&#8221;full_width&#8221; use_row_as_full_screen_section_slide=&#8221;no&#8221; text_align=&#8221;left&#8221; css_animation=&#8221;&#8221; box_shadow_on_row=&#8221;no&#8221;][vc_column_inner width=&#8221;1\/3&#8243;][vc_column_text]<\/p>\n<h3 style=\"text-align: left;\">2015<\/h3>\n<p style=\"text-align: left;\">Launch of Smart Tag: to break down energy consumption per zone and per end-use<\/p>\n<p>[\/vc_column_text][\/vc_column_inner][vc_column_inner width=&#8221;1\/3&#8243;][vc_column_text]<\/p>\n<h3 style=\"text-align: left;\">2016<\/h3>\n<p style=\"text-align: left;\">Update of the visualisation platform, launch of email reports and alerts<\/p>\n<p>[\/vc_column_text][\/vc_column_inner][vc_column_inner width=&#8221;1\/3&#8243;][vc_column_text]<\/p>\n<h3 style=\"text-align: left;\">2017<\/h3>\n<p style=\"text-align: left;\">Launch of Smart X<\/p>\n<p>[\/vc_column_text][\/vc_column_inner][\/vc_row_inner][\/vc_column][\/vc_row][vc_row css_animation=&#8221;&#8221; row_type=&#8221;row&#8221; use_row_as_full_screen_section=&#8221;no&#8221; type=&#8221;full_width&#8221; oblique_section=&#8221;no&#8221; text_align=&#8221;left&#8221; triangle_shape=&#8221;no&#8221; padding_top=&#8221;80&#8243; box_shadow_on_row=&#8221;no&#8221;][vc_column][vc_column_text]<\/p>\n<h3><span style=\"color: #7ac621;\">A team of passionate experts<br \/>\n<\/span><\/h3>\n<p>[\/vc_column_text][vc_column_text css=&#8221;.vc_custom_1507582398988{margin-top: 20px !important;margin-bottom: 20px !important;}&#8221;]Smart Impulse is a team of dynamic, passionate and expert individuals, resolutely focused on continuously innovating to meet and overcome the challenges in energy efficiency, today and beyond.<br \/>\nOur team is on-hand, to listen to your concerns and bring you the customised solutions you needs.<br \/>\n[\/vc_column_text][vc_empty_space height=&#8221;16px&#8221; image_repeat=&#8221;no-repeat&#8221;][vc_row_inner row_type=&#8221;row&#8221; type=&#8221;full_width&#8221; use_row_as_full_screen_section_slide=&#8221;no&#8221; text_align=&#8221;left&#8221; css_animation=&#8221;&#8221; box_shadow_on_row=&#8221;no&#8221;][vc_column_inner width=&#8221;1\/12&#8243;][\/vc_column_inner][vc_column_inner width=&#8221;10\/12&#8243;][vc_single_image image=&#8221;59305&#8243; img_size=&#8221;full&#8221; alignment=&#8221;center&#8221; css=&#8221;&#8221; edgt_css_animation=&#8221;&#8221;][\/vc_column_inner][vc_column_inner width=&#8221;1\/12&#8243;][\/vc_column_inner][\/vc_row_inner][vc_empty_space image_repeat=&#8221;no-repeat&#8221;][\/vc_column][\/vc_row]<\/p>\n<\/div>","protected":false},"excerpt":{"rendered":"<p>[vc_row css_animation=&#8221;&#8221; row_type=&#8221;row&#8221; use_row_as_full_screen_section=&#8221;no&#8221; type=&#8221;full_width&#8221; oblique_section=&#8221;no&#8221; text_align=&#8221;left&#8221; triangle_shape=&#8221;no&#8221; box_shadow_on_row=&#8221;no&#8221;][vc_column][vc_separator type=&#8221;normal&#8221; color=&#8221;#b5b5b5&#8243; border_style=&#8221;solid&#8221;][vc_empty_space height=&#8221;20px&#8221; image_repeat=&#8221;no-repeat&#8221;][vc_row_inner row_type=&#8221;row&#8221; type=&#8221;full_width&#8221; use_row_as_full_screen_section_slide=&#8221;no&#8221; text_align=&#8221;left&#8221; css_animation=&#8221;&#8221; box_shadow_on_row=&#8221;no&#8221;][vc_column_inner width=&#8221;1\/2&#8243;][vc_single_image image=&#8221;51446&#8243; img_size=&#8221;full&#8221; alignment=&#8221;center&#8221; edgt_css_animation=&#8221;&#8221;][\/vc_column_inner][vc_column_inner width=&#8221;1\/2&#8243;][vc_column_text] Mission [\/vc_column_text][vc_column_text css=&#8221;.vc_custom_1507581974754{margin-top: 20px !important;margin-bottom: 20px !important;}&#8221;]Our mission is to help building managers better&#8230;<\/p>\n","protected":false},"author":2,"featured_media":0,"parent":0,"menu_order":0,"comment_status":"closed","ping_status":"closed","template":"","meta":{"footnotes":""},"class_list":["post-53118","page","type-page","status-publish","hentry"],"yoast_head":"<!-- This site is optimized with the Yoast SEO plugin v26.9 - https:\/\/yoast.com\/product\/yoast-seo-wordpress\/ -->\n<title>About us | SMART IMPULSE<\/title>\n<meta name=\"robots\" content=\"index, follow, max-snippet:-1, max-image-preview:large, max-video-preview:-1\" \/>\n<link rel=\"canonical\" href=\"https:\/\/www.smart-impulse.com\/en\/about-us\/\" \/>\n<meta property=\"og:locale\" content=\"en_US\" \/>\n<meta property=\"og:type\" content=\"article\" \/>\n<meta property=\"og:title\" content=\"About us | SMART IMPULSE\" \/>\n<meta property=\"og:description\" content=\"[vc_row css_animation=&#8221;&#8221; row_type=&#8221;row&#8221; use_row_as_full_screen_section=&#8221;no&#8221; type=&#8221;full_width&#8221; oblique_section=&#8221;no&#8221; text_align=&#8221;left&#8221; triangle_shape=&#8221;no&#8221; box_shadow_on_row=&#8221;no&#8221;][vc_column][vc_separator type=&#8221;normal&#8221; color=&#8221;#b5b5b5&#8243; border_style=&#8221;solid&#8221;][vc_empty_space height=&#8221;20px&#8221; image_repeat=&#8221;no-repeat&#8221;][vc_row_inner row_type=&#8221;row&#8221; type=&#8221;full_width&#8221; use_row_as_full_screen_section_slide=&#8221;no&#8221; text_align=&#8221;left&#8221; css_animation=&#8221;&#8221; box_shadow_on_row=&#8221;no&#8221;][vc_column_inner width=&#8221;1\/2&#8243;][vc_single_image image=&#8221;51446&#8243; img_size=&#8221;full&#8221; alignment=&#8221;center&#8221; edgt_css_animation=&#8221;&#8221;][\/vc_column_inner][vc_column_inner width=&#8221;1\/2&#8243;][vc_column_text] Mission [\/vc_column_text][vc_column_text css=&#8221;.vc_custom_1507581974754{margin-top: 20px !important;margin-bottom: 20px !important;}&#8221;]Our mission is to help building managers better...\" \/>\n<meta property=\"og:url\" content=\"https:\/\/www.smart-impulse.com\/en\/about-us\/\" \/>\n<meta property=\"og:site_name\" content=\"SMART IMPULSE\" \/>\n<meta property=\"article:publisher\" content=\"https:\/\/www.facebook.com\/Smartimpulse\/\" \/>\n<meta property=\"article:modified_time\" content=\"2025-01-14T11:10:18+00:00\" \/>\n<meta name=\"twitter:card\" content=\"summary_large_image\" \/>\n<meta name=\"twitter:site\" content=\"@SmartImpulse\" \/>\n<meta name=\"twitter:label1\" content=\"Est. reading time\" \/>\n\t<meta name=\"twitter:data1\" content=\"4 minutes\" \/>\n<script type=\"application\/ld+json\" class=\"yoast-schema-graph\">{\"@context\":\"https:\/\/schema.org\",\"@graph\":[{\"@type\":\"Article\",\"@id\":\"https:\/\/www.smart-impulse.com\/en\/about-us\/#article\",\"isPartOf\":{\"@id\":\"https:\/\/www.smart-impulse.com\/en\/about-us\/\"},\"author\":{\"name\":\"henri\",\"@id\":\"https:\/\/www.smart-impulse.com\/#\/schema\/person\/2d4412593582e41e55aed32d655f41c2\"},\"headline\":\"About us\",\"datePublished\":\"2017-09-18T13:12:59+00:00\",\"dateModified\":\"2025-01-14T11:10:18+00:00\",\"mainEntityOfPage\":{\"@id\":\"https:\/\/www.smart-impulse.com\/en\/about-us\/\"},\"wordCount\":1131,\"publisher\":{\"@id\":\"https:\/\/www.smart-impulse.com\/#organization\"},\"inLanguage\":\"en-US\"},{\"@type\":\"WebPage\",\"@id\":\"https:\/\/www.smart-impulse.com\/en\/about-us\/\",\"url\":\"https:\/\/www.smart-impulse.com\/en\/about-us\/\",\"name\":\"About us | SMART IMPULSE\",\"isPartOf\":{\"@id\":\"https:\/\/www.smart-impulse.com\/#website\"},\"datePublished\":\"2017-09-18T13:12:59+00:00\",\"dateModified\":\"2025-01-14T11:10:18+00:00\",\"breadcrumb\":{\"@id\":\"https:\/\/www.smart-impulse.com\/en\/about-us\/#breadcrumb\"},\"inLanguage\":\"en-US\",\"potentialAction\":[{\"@type\":\"ReadAction\",\"target\":[\"https:\/\/www.smart-impulse.com\/en\/about-us\/\"]}]},{\"@type\":\"BreadcrumbList\",\"@id\":\"https:\/\/www.smart-impulse.com\/en\/about-us\/#breadcrumb\",\"itemListElement\":[{\"@type\":\"ListItem\",\"position\":1,\"name\":\"Home\",\"item\":\"https:\/\/www.smart-impulse.com\/\"},{\"@type\":\"ListItem\",\"position\":2,\"name\":\"About us\"}]},{\"@type\":\"WebSite\",\"@id\":\"https:\/\/www.smart-impulse.com\/#website\",\"url\":\"https:\/\/www.smart-impulse.com\/\",\"name\":\"SMART IMPULSE\",\"description\":\"Ma\u00eetriser ses consommations \u00e9lectriques n&#039;aura jamais \u00e9t\u00e9 aussi facile\",\"publisher\":{\"@id\":\"https:\/\/www.smart-impulse.com\/#organization\"},\"potentialAction\":[{\"@type\":\"SearchAction\",\"target\":{\"@type\":\"EntryPoint\",\"urlTemplate\":\"https:\/\/www.smart-impulse.com\/?s={search_term_string}\"},\"query-input\":{\"@type\":\"PropertyValueSpecification\",\"valueRequired\":true,\"valueName\":\"search_term_string\"}}],\"inLanguage\":\"en-US\"},{\"@type\":\"Organization\",\"@id\":\"https:\/\/www.smart-impulse.com\/#organization\",\"name\":\"Smart Impulse\",\"url\":\"https:\/\/www.smart-impulse.com\/\",\"logo\":{\"@type\":\"ImageObject\",\"inLanguage\":\"en-US\",\"@id\":\"https:\/\/www.smart-impulse.com\/#\/schema\/logo\/image\/\",\"url\":\"https:\/\/www.smart-impulse.com\/wp-content\/uploads\/2017\/08\/logo-vert.png\",\"contentUrl\":\"https:\/\/www.smart-impulse.com\/wp-content\/uploads\/2017\/08\/logo-vert.png\",\"width\":200,\"height\":96,\"caption\":\"Smart Impulse\"},\"image\":{\"@id\":\"https:\/\/www.smart-impulse.com\/#\/schema\/logo\/image\/\"},\"sameAs\":[\"https:\/\/www.facebook.com\/Smartimpulse\/\",\"https:\/\/x.com\/SmartImpulse\",\"https:\/\/fr.linkedin.com\/company\/smart-impulse\"]},{\"@type\":\"Person\",\"@id\":\"https:\/\/www.smart-impulse.com\/#\/schema\/person\/2d4412593582e41e55aed32d655f41c2\",\"name\":\"henri\",\"image\":{\"@type\":\"ImageObject\",\"inLanguage\":\"en-US\",\"@id\":\"https:\/\/www.smart-impulse.com\/#\/schema\/person\/image\/\",\"url\":\"https:\/\/secure.gravatar.com\/avatar\/bccbeb9062c3bbe6c710d4f4d8be691aa4b1a66f3ac93d03f61e00257faa4fff?s=96&d=mm&r=g\",\"contentUrl\":\"https:\/\/secure.gravatar.com\/avatar\/bccbeb9062c3bbe6c710d4f4d8be691aa4b1a66f3ac93d03f61e00257faa4fff?s=96&d=mm&r=g\",\"caption\":\"henri\"}}]}<\/script>\n<!-- \/ Yoast SEO plugin. -->","yoast_head_json":{"title":"About us | SMART IMPULSE","robots":{"index":"index","follow":"follow","max-snippet":"max-snippet:-1","max-image-preview":"max-image-preview:large","max-video-preview":"max-video-preview:-1"},"canonical":"https:\/\/www.smart-impulse.com\/en\/about-us\/","og_locale":"en_US","og_type":"article","og_title":"About us | SMART IMPULSE","og_description":"[vc_row css_animation=&#8221;&#8221; row_type=&#8221;row&#8221; use_row_as_full_screen_section=&#8221;no&#8221; type=&#8221;full_width&#8221; oblique_section=&#8221;no&#8221; text_align=&#8221;left&#8221; triangle_shape=&#8221;no&#8221; box_shadow_on_row=&#8221;no&#8221;][vc_column][vc_separator type=&#8221;normal&#8221; color=&#8221;#b5b5b5&#8243; border_style=&#8221;solid&#8221;][vc_empty_space height=&#8221;20px&#8221; image_repeat=&#8221;no-repeat&#8221;][vc_row_inner row_type=&#8221;row&#8221; type=&#8221;full_width&#8221; use_row_as_full_screen_section_slide=&#8221;no&#8221; text_align=&#8221;left&#8221; css_animation=&#8221;&#8221; box_shadow_on_row=&#8221;no&#8221;][vc_column_inner width=&#8221;1\/2&#8243;][vc_single_image image=&#8221;51446&#8243; img_size=&#8221;full&#8221; alignment=&#8221;center&#8221; edgt_css_animation=&#8221;&#8221;][\/vc_column_inner][vc_column_inner width=&#8221;1\/2&#8243;][vc_column_text] Mission [\/vc_column_text][vc_column_text css=&#8221;.vc_custom_1507581974754{margin-top: 20px !important;margin-bottom: 20px !important;}&#8221;]Our mission is to help building managers better...","og_url":"https:\/\/www.smart-impulse.com\/en\/about-us\/","og_site_name":"SMART IMPULSE","article_publisher":"https:\/\/www.facebook.com\/Smartimpulse\/","article_modified_time":"2025-01-14T11:10:18+00:00","twitter_card":"summary_large_image","twitter_site":"@SmartImpulse","twitter_misc":{"Est. reading time":"4 minutes"},"schema":{"@context":"https:\/\/schema.org","@graph":[{"@type":"Article","@id":"https:\/\/www.smart-impulse.com\/en\/about-us\/#article","isPartOf":{"@id":"https:\/\/www.smart-impulse.com\/en\/about-us\/"},"author":{"name":"henri","@id":"https:\/\/www.smart-impulse.com\/#\/schema\/person\/2d4412593582e41e55aed32d655f41c2"},"headline":"About us","datePublished":"2017-09-18T13:12:59+00:00","dateModified":"2025-01-14T11:10:18+00:00","mainEntityOfPage":{"@id":"https:\/\/www.smart-impulse.com\/en\/about-us\/"},"wordCount":1131,"publisher":{"@id":"https:\/\/www.smart-impulse.com\/#organization"},"inLanguage":"en-US"},{"@type":"WebPage","@id":"https:\/\/www.smart-impulse.com\/en\/about-us\/","url":"https:\/\/www.smart-impulse.com\/en\/about-us\/","name":"About us | SMART IMPULSE","isPartOf":{"@id":"https:\/\/www.smart-impulse.com\/#website"},"datePublished":"2017-09-18T13:12:59+00:00","dateModified":"2025-01-14T11:10:18+00:00","breadcrumb":{"@id":"https:\/\/www.smart-impulse.com\/en\/about-us\/#breadcrumb"},"inLanguage":"en-US","potentialAction":[{"@type":"ReadAction","target":["https:\/\/www.smart-impulse.com\/en\/about-us\/"]}]},{"@type":"BreadcrumbList","@id":"https:\/\/www.smart-impulse.com\/en\/about-us\/#breadcrumb","itemListElement":[{"@type":"ListItem","position":1,"name":"Home","item":"https:\/\/www.smart-impulse.com\/"},{"@type":"ListItem","position":2,"name":"About us"}]},{"@type":"WebSite","@id":"https:\/\/www.smart-impulse.com\/#website","url":"https:\/\/www.smart-impulse.com\/","name":"SMART IMPULSE","description":"Ma\u00eetriser ses consommations \u00e9lectriques n&#039;aura jamais \u00e9t\u00e9 aussi facile","publisher":{"@id":"https:\/\/www.smart-impulse.com\/#organization"},"potentialAction":[{"@type":"SearchAction","target":{"@type":"EntryPoint","urlTemplate":"https:\/\/www.smart-impulse.com\/?s={search_term_string}"},"query-input":{"@type":"PropertyValueSpecification","valueRequired":true,"valueName":"search_term_string"}}],"inLanguage":"en-US"},{"@type":"Organization","@id":"https:\/\/www.smart-impulse.com\/#organization","name":"Smart Impulse","url":"https:\/\/www.smart-impulse.com\/","logo":{"@type":"ImageObject","inLanguage":"en-US","@id":"https:\/\/www.smart-impulse.com\/#\/schema\/logo\/image\/","url":"https:\/\/www.smart-impulse.com\/wp-content\/uploads\/2017\/08\/logo-vert.png","contentUrl":"https:\/\/www.smart-impulse.com\/wp-content\/uploads\/2017\/08\/logo-vert.png","width":200,"height":96,"caption":"Smart Impulse"},"image":{"@id":"https:\/\/www.smart-impulse.com\/#\/schema\/logo\/image\/"},"sameAs":["https:\/\/www.facebook.com\/Smartimpulse\/","https:\/\/x.com\/SmartImpulse","https:\/\/fr.linkedin.com\/company\/smart-impulse"]},{"@type":"Person","@id":"https:\/\/www.smart-impulse.com\/#\/schema\/person\/2d4412593582e41e55aed32d655f41c2","name":"henri","image":{"@type":"ImageObject","inLanguage":"en-US","@id":"https:\/\/www.smart-impulse.com\/#\/schema\/person\/image\/","url":"https:\/\/secure.gravatar.com\/avatar\/bccbeb9062c3bbe6c710d4f4d8be691aa4b1a66f3ac93d03f61e00257faa4fff?s=96&d=mm&r=g","contentUrl":"https:\/\/secure.gravatar.com\/avatar\/bccbeb9062c3bbe6c710d4f4d8be691aa4b1a66f3ac93d03f61e00257faa4fff?s=96&d=mm&r=g","caption":"henri"}}]}},"_links":{"self":[{"href":"https:\/\/www.smart-impulse.com\/en\/wp-json\/wp\/v2\/pages\/53118","targetHints":{"allow":["GET"]}}],"collection":[{"href":"https:\/\/www.smart-impulse.com\/en\/wp-json\/wp\/v2\/pages"}],"about":[{"href":"https:\/\/www.smart-impulse.com\/en\/wp-json\/wp\/v2\/types\/page"}],"author":[{"embeddable":true,"href":"https:\/\/www.smart-impulse.com\/en\/wp-json\/wp\/v2\/users\/2"}],"replies":[{"embeddable":true,"href":"https:\/\/www.smart-impulse.com\/en\/wp-json\/wp\/v2\/comments?post=53118"}],"version-history":[{"count":0,"href":"https:\/\/www.smart-impulse.com\/en\/wp-json\/wp\/v2\/pages\/53118\/revisions"}],"wp:attachment":[{"href":"https:\/\/www.smart-impulse.com\/en\/wp-json\/wp\/v2\/media?parent=53118"}],"curies":[{"name":"wp","href":"https:\/\/api.w.org\/{rel}","templated":true}]}}