{"id":53871,"date":"2017-09-25T08:30:21","date_gmt":"2017-09-25T06:30:21","guid":{"rendered":"https:\/\/www.smart-impulse.com\/techdoc-2\/"},"modified":"2021-06-15T09:30:04","modified_gmt":"2021-06-15T07:30:04","slug":"techdoc","status":"publish","type":"page","link":"https:\/\/www.smart-impulse.com\/en\/techdoc\/","title":{"rendered":"Smart Impulse documentation"},"content":{"rendered":"<div class=\"wpb-content-wrapper\"><p>[vc_row css_animation=&#8221;&#8221; row_type=&#8221;row&#8221; use_row_as_full_screen_section=&#8221;no&#8221; type=&#8221;full_width&#8221; oblique_section=&#8221;no&#8221; text_align=&#8221;left&#8221; triangle_shape=&#8221;no&#8221; box_shadow_on_row=&#8221;no&#8221;][vc_column width=&#8221;1\/6&#8243;][vc_column_text css=&#8221;.vc_custom_1517846522721{margin-top: 20px !important;margin-bottom: 5px !important;}&#8221;][\/vc_column_text][\/vc_column][vc_column width=&#8221;2\/3&#8243;][vc_column_text]<\/p>\n<h3><strong>PROJECT\u00a0<\/strong><strong>DOCUMENTS<\/strong><\/h3>\n<p>[\/vc_column_text][vc_column_text]<\/p>\n<ul>\n<li><strong><a href=\"\/docs\/Project\/Site_Form.pdf\" target=\"_blank\" rel=\"nofollow noopener\">Site form<\/a><\/strong><\/li>\n<li><strong><a href=\"\/docs\/Project\/Project_Form.pdf\" target=\"_blank\" rel=\"nofollow noopener\">Project form<\/a><\/strong><\/li>\n<li><strong><a href=\"\/docs\/Project\/Equipment_Form.pdf\" target=\"_blank\" rel=\"nofollow noopener\">Equipment form<\/a><\/strong><\/li>\n<li><strong><a href=\"\/docs\/Project\/Project_timeline.pdf\" target=\"_blank\" rel=\"nofollow noopener\">Project Timeline<\/a><\/strong><\/li>\n<\/ul>\n<p>[\/vc_column_text][\/vc_column][vc_column width=&#8221;1\/6&#8243;][\/vc_column][\/vc_row][vc_row css_animation=&#8221;&#8221; row_type=&#8221;row&#8221; use_row_as_full_screen_section=&#8221;no&#8221; type=&#8221;full_width&#8221; oblique_section=&#8221;no&#8221; text_align=&#8221;left&#8221; triangle_shape=&#8221;no&#8221; box_shadow_on_row=&#8221;no&#8221;][vc_column][vc_separator type=&#8221;normal&#8221; color=&#8221;#ffffff&#8221; border_style=&#8221;solid&#8221; thickness=&#8221;1&#8243; up=&#8221;30&#8243;][\/vc_column][\/vc_row][vc_row css_animation=&#8221;&#8221; row_type=&#8221;row&#8221; use_row_as_full_screen_section=&#8221;no&#8221; type=&#8221;full_width&#8221; oblique_section=&#8221;no&#8221; text_align=&#8221;left&#8221; triangle_shape=&#8221;no&#8221; box_shadow_on_row=&#8221;no&#8221;][vc_column width=&#8221;1\/6&#8243;][vc_single_image image=&#8221;53849&#8243; edgt_css_animation=&#8221;&#8221;][\/vc_column][vc_column width=&#8221;2\/3&#8243;][vc_column_text css=&#8221;.vc_custom_1517839196952{margin-top: 20px !important;margin-bottom: 5px !important;}&#8221;]<\/p>\n<h3><strong>TECHNICAL DOCUMENTS\u00a0<\/strong><strong>&#8220;<\/strong><strong>SMART X&#8221;<\/strong><\/h3>\n<p>[\/vc_column_text][vc_column_text css=&#8221;.vc_custom_1614674770048{margin-top: 10px !important;}&#8221;]<\/p>\n<ul>\n<li style=\"list-style-type: none;\">\n<ul>\n<li><strong><a href=\"\/docs\/tech\/Instructions_Manual_SX.pdf\" target=\"_blank\" rel=\"nofollow noopener\">Full Installation manual<\/a><\/strong><\/li>\n<li><strong><a href=\"\/docs\/tech\/User_Manual_SX.pdf\" target=\"_blank\" rel=\"nofollow noopener\">User manual<\/a><\/strong><\/li>\n<li><strong><a href=\"\/docs\/tech\/Information_on_the_communication_SX.pdf\" target=\"_blank\" rel=\"nofollow noopener\">Information on the communication of the Smart X<\/a><\/strong><\/li>\n<li><strong><a href=\"\/docs\/tech\/Technical-form-SX.pdf\" target=\"_blank\" rel=\"nofollow noopener\">Technical Form<\/a><\/strong><\/li>\n<li><strong><a href=\"\/docs\/tech\/Installation_validation_form_SX.pdf\" target=\"_blank\" rel=\"nofollow noopener\">Installation certificate<\/a><\/strong><\/li>\n<li><strong><a href=\"\/en\/smart-x-setup\/\" target=\"_blank\" rel=\"nofollow noopener\">Smart X &#8211; Setup<\/a><br \/>\n<\/strong><a href=\"\/en\/smart-x-setup\/\" target=\"_blank\" rel=\"nofollow noopener\"><img decoding=\"async\" class=\"alignnone wp-image-53860\" src=\"\/wp-content\/uploads\/2018\/01\/set-up-300x169.png\" alt=\"\" width=\"213\" height=\"120\" srcset=\"https:\/\/www.smart-impulse.com\/wp-content\/uploads\/2018\/01\/set-up-300x169.png 300w, https:\/\/www.smart-impulse.com\/wp-content\/uploads\/2018\/01\/set-up-768x433.png 768w, https:\/\/www.smart-impulse.com\/wp-content\/uploads\/2018\/01\/set-up-700x394.png 700w, https:\/\/www.smart-impulse.com\/wp-content\/uploads\/2018\/01\/set-up.png 861w\" sizes=\"(max-width: 213px) 100vw, 213px\" \/><\/a><\/li>\n<\/ul>\n<\/li>\n<\/ul>\n<p>&nbsp;<\/p>\n<h4>SMART X V2 (available in March 2019)<\/h4>\n<ul>\n<li style=\"list-style-type: none;\">\n<ul>\n<li style=\"list-style-type: none;\">\n<ul>\n<li><strong><a href=\"\/docs\/tech\/Quick_Start_Guide_SmartX.pdf\" target=\"_blank\" rel=\"nofollow noopener\">Smart X &#8211; Quick Start Guide<\/a><\/strong><\/li>\n<li><strong><a href=\"\/docs\/tech\/3G_Extension_kit-Quick_Start_Guide.pdf\" target=\"_blank\" rel=\"nofollow noopener\">Smart X &#8211; 3G Extension kit &#8211; Quick Start Guide<\/a><\/strong><\/li>\n<li><strong><a href=\"\/docs\/tech\/Quick_Start_Guide_Multi-sensor_kit.pdf\" target=\"_blank\" rel=\"nofollow noopener\">Multi-sensor kit &#8211; Quick Start Guide<\/a><\/strong><\/li>\n<\/ul>\n<\/li>\n<\/ul>\n<\/li>\n<\/ul>\n<p>&nbsp;<\/p>\n<h4>SMART X V1 (until February 2019)<\/h4>\n<ul>\n<li style=\"list-style-type: none;\">\n<ul>\n<li style=\"list-style-type: none;\">\n<ul>\n<li style=\"list-style-type: none;\">\n<ul>\n<li><strong><a href=\"\/docs\/tech\/Quick_Start_Guide_SmartX(V1).pdf\" target=\"_blank\" rel=\"nofollow noopener\">Smart X &#8211; Quick Start Guide<\/a><\/strong><\/li>\n<li><strong><a href=\"\/docs\/tech\/3G_Extension_kit-Quick_Start_Guide(V1).pdf\" target=\"_blank\" rel=\"nofollow noopener\">Smart X &#8211; 3G Extension kit &#8211; Quick Start Guide<\/a><\/strong><\/li>\n<li><strong><a href=\"\/docs\/tech\/Quick_Start_Guide_Multi-sensor_kit(V1).pdf\" target=\"_blank\" rel=\"nofollow noopener\">Multi-sensor kit &#8211; Quick Start Guide<\/a><\/strong><\/li>\n<\/ul>\n<\/li>\n<\/ul>\n<\/li>\n<\/ul>\n<\/li>\n<\/ul>\n<p>[\/vc_column_text][\/vc_column][\/vc_row][vc_row css_animation=&#8221;&#8221; row_type=&#8221;row&#8221; use_row_as_full_screen_section=&#8221;no&#8221; type=&#8221;full_width&#8221; oblique_section=&#8221;no&#8221; text_align=&#8221;left&#8221; triangle_shape=&#8221;no&#8221; padding_top=&#8221;30&#8243; box_shadow_on_row=&#8221;no&#8221;][vc_column width=&#8221;1\/6&#8243;][vc_single_image image=&#8221;53857&#8243; edgt_css_animation=&#8221;&#8221;][\/vc_column][vc_column width=&#8221;2\/3&#8243;][vc_column_text css=&#8221;.vc_custom_1517846145570{margin-top: 20px !important;margin-bottom: 20px !important;}&#8221;]<\/p>\n<h3><strong>TECHNICAL DOCUMENTS &#8220;SMART ANALYZER\/SMART TAG&#8221;<\/strong><\/h3>\n<p>[\/vc_column_text][vc_column_text css=&#8221;.vc_custom_1517845644358{margin-top: 15px !important;}&#8221;]<\/p>\n<ul>\n<li style=\"list-style-type: none;\">\n<ul>\n<li style=\"list-style-type: none;\">\n<ul>\n<li style=\"list-style-type: none;\">\n<ul>\n<li><strong><a href=\"\/docs\/tech\/QUICK_START_GUIDE_SA-ST.pdf\" target=\"_blank\" rel=\"nofollow noopener\">Quick Start Guide Smart Analyzer &amp; Smart Tag<\/a><\/strong><\/li>\n<li><strong><a href=\"\/docs\/tech\/Installation_Manual_SA.pdf\" target=\"_blank\" rel=\"nofollow noopener\">Installation Manual<\/a><\/strong><\/li>\n<li><strong><a href=\"\/docs\/tech\/Information_on_the_communication_SA.pdf\" target=\"_blank\" rel=\"nofollow noopener\">Information on the communication of the Smart Analyzer<\/a><\/strong><\/li>\n<li><strong><a href=\"\/docs\/tech\/Installation_validation_form_SA.pdf\" target=\"_blank\" rel=\"nofollow noopener\">Installation validation form<\/a><\/strong><\/li>\n<li><strong><a href=\"\/docs\/tech\/Technical_Survey_Form_SA.pdf\" target=\"_blank\" rel=\"nofollow noopener\">Technical Survey Form Smart Analyzer<\/a><\/strong><\/li>\n<li><strong><a href=\"\/docs\/tech\/Technical_Survey_Form_ST.pdf\" target=\"_blank\" rel=\"nofollow noopener\">Technical Survey Form Smart Tag<\/a><\/strong><\/li>\n<li><strong><a href=\"\/docs\/tech\/Inventory_ST.pdf\" target=\"_blank\" rel=\"nofollow noopener\">Inventory of Smart Tag<\/a><\/strong><\/li>\n<\/ul>\n<\/li>\n<\/ul>\n<\/li>\n<\/ul>\n<\/li>\n<\/ul>\n<p>[\/vc_column_text][\/vc_column][\/vc_row]<\/p>\n<\/div>","protected":false},"excerpt":{"rendered":"<p>[vc_row css_animation=&#8221;&#8221; row_type=&#8221;row&#8221; use_row_as_full_screen_section=&#8221;no&#8221; type=&#8221;full_width&#8221; oblique_section=&#8221;no&#8221; text_align=&#8221;left&#8221; triangle_shape=&#8221;no&#8221; box_shadow_on_row=&#8221;no&#8221;][vc_column width=&#8221;1\/6&#8243;][vc_column_text css=&#8221;.vc_custom_1517846522721{margin-top: 20px !important;margin-bottom: 5px !important;}&#8221;][\/vc_column_text][\/vc_column][vc_column width=&#8221;2\/3&#8243;][vc_column_text] PROJECT\u00a0DOCUMENTS [\/vc_column_text][vc_column_text] Site form Project form Equipment form Project Timeline [\/vc_column_text][\/vc_column][vc_column width=&#8221;1\/6&#8243;][\/vc_column][\/vc_row][vc_row css_animation=&#8221;&#8221; row_type=&#8221;row&#8221; use_row_as_full_screen_section=&#8221;no&#8221; type=&#8221;full_width&#8221; oblique_section=&#8221;no&#8221; text_align=&#8221;left&#8221; triangle_shape=&#8221;no&#8221; box_shadow_on_row=&#8221;no&#8221;][vc_column][vc_separator type=&#8221;normal&#8221; color=&#8221;#ffffff&#8221; border_style=&#8221;solid&#8221; thickness=&#8221;1&#8243;&#8230;<\/p>\n","protected":false},"author":2,"featured_media":0,"parent":0,"menu_order":0,"comment_status":"closed","ping_status":"closed","template":"","meta":{"footnotes":""},"class_list":["post-53871","page","type-page","status-publish","hentry"],"yoast_head":"<!-- This site is optimized with the Yoast SEO plugin v27.3 - https:\/\/yoast.com\/product\/yoast-seo-wordpress\/ -->\n<title>Smart Impulse documentation | SMART IMPULSE<\/title>\n<meta name=\"robots\" content=\"index, follow, max-snippet:-1, max-image-preview:large, max-video-preview:-1\" \/>\n<link rel=\"canonical\" href=\"https:\/\/www.smart-impulse.com\/techdoc\/\" \/>\n<meta property=\"og:locale\" content=\"en_US\" \/>\n<meta property=\"og:type\" content=\"article\" \/>\n<meta property=\"og:title\" content=\"Smart Impulse documentation | SMART IMPULSE\" \/>\n<meta property=\"og:description\" content=\"[vc_row css_animation=&#8221;&#8221; row_type=&#8221;row&#8221; use_row_as_full_screen_section=&#8221;no&#8221; type=&#8221;full_width&#8221; oblique_section=&#8221;no&#8221; text_align=&#8221;left&#8221; triangle_shape=&#8221;no&#8221; box_shadow_on_row=&#8221;no&#8221;][vc_column width=&#8221;1\/6&#8243;][vc_column_text css=&#8221;.vc_custom_1517846522721{margin-top: 20px !important;margin-bottom: 5px !important;}&#8221;][\/vc_column_text][\/vc_column][vc_column width=&#8221;2\/3&#8243;][vc_column_text] PROJECT\u00a0DOCUMENTS [\/vc_column_text][vc_column_text] Site form Project form Equipment form Project Timeline [\/vc_column_text][\/vc_column][vc_column width=&#8221;1\/6&#8243;][\/vc_column][\/vc_row][vc_row css_animation=&#8221;&#8221; row_type=&#8221;row&#8221; use_row_as_full_screen_section=&#8221;no&#8221; type=&#8221;full_width&#8221; oblique_section=&#8221;no&#8221; text_align=&#8221;left&#8221; triangle_shape=&#8221;no&#8221; box_shadow_on_row=&#8221;no&#8221;][vc_column][vc_separator type=&#8221;normal&#8221; color=&#8221;#ffffff&#8221; border_style=&#8221;solid&#8221; thickness=&#8221;1&#8243;...\" \/>\n<meta property=\"og:url\" content=\"https:\/\/www.smart-impulse.com\/techdoc\/\" \/>\n<meta property=\"og:site_name\" content=\"SMART IMPULSE\" \/>\n<meta property=\"article:publisher\" content=\"https:\/\/www.facebook.com\/Smartimpulse\/\" \/>\n<meta property=\"article:modified_time\" content=\"2021-06-15T07:30:04+00:00\" \/>\n<meta name=\"twitter:card\" content=\"summary_large_image\" \/>\n<meta name=\"twitter:site\" content=\"@SmartImpulse\" \/>\n<meta name=\"twitter:label1\" content=\"Est. reading time\" \/>\n\t<meta name=\"twitter:data1\" content=\"2 minutes\" \/>\n<script type=\"application\/ld+json\" class=\"yoast-schema-graph\">{\"@context\":\"https:\\\/\\\/schema.org\",\"@graph\":[{\"@type\":\"Article\",\"@id\":\"https:\\\/\\\/www.smart-impulse.com\\\/techdoc\\\/#article\",\"isPartOf\":{\"@id\":\"https:\\\/\\\/www.smart-impulse.com\\\/techdoc\\\/\"},\"author\":{\"name\":\"henri\",\"@id\":\"https:\\\/\\\/www.smart-impulse.com\\\/#\\\/schema\\\/person\\\/2d4412593582e41e55aed32d655f41c2\"},\"headline\":\"Smart Impulse documentation\",\"datePublished\":\"2017-09-25T06:30:21+00:00\",\"dateModified\":\"2021-06-15T07:30:04+00:00\",\"mainEntityOfPage\":{\"@id\":\"https:\\\/\\\/www.smart-impulse.com\\\/techdoc\\\/\"},\"wordCount\":415,\"publisher\":{\"@id\":\"https:\\\/\\\/www.smart-impulse.com\\\/#organization\"},\"inLanguage\":\"en-US\"},{\"@type\":\"WebPage\",\"@id\":\"https:\\\/\\\/www.smart-impulse.com\\\/techdoc\\\/\",\"url\":\"https:\\\/\\\/www.smart-impulse.com\\\/techdoc\\\/\",\"name\":\"Smart Impulse documentation | SMART IMPULSE\",\"isPartOf\":{\"@id\":\"https:\\\/\\\/www.smart-impulse.com\\\/#website\"},\"datePublished\":\"2017-09-25T06:30:21+00:00\",\"dateModified\":\"2021-06-15T07:30:04+00:00\",\"breadcrumb\":{\"@id\":\"https:\\\/\\\/www.smart-impulse.com\\\/techdoc\\\/#breadcrumb\"},\"inLanguage\":\"en-US\",\"potentialAction\":[{\"@type\":\"ReadAction\",\"target\":[\"https:\\\/\\\/www.smart-impulse.com\\\/techdoc\\\/\"]}]},{\"@type\":\"BreadcrumbList\",\"@id\":\"https:\\\/\\\/www.smart-impulse.com\\\/techdoc\\\/#breadcrumb\",\"itemListElement\":[{\"@type\":\"ListItem\",\"position\":1,\"name\":\"Home\",\"item\":\"https:\\\/\\\/www.smart-impulse.com\\\/en\\\/\"},{\"@type\":\"ListItem\",\"position\":2,\"name\":\"Smart Impulse documentation\"}]},{\"@type\":\"WebSite\",\"@id\":\"https:\\\/\\\/www.smart-impulse.com\\\/#website\",\"url\":\"https:\\\/\\\/www.smart-impulse.com\\\/\",\"name\":\"SMART IMPULSE\",\"description\":\"Ma\u00eetriser ses consommations \u00e9lectriques n&#039;aura jamais \u00e9t\u00e9 aussi facile\",\"publisher\":{\"@id\":\"https:\\\/\\\/www.smart-impulse.com\\\/#organization\"},\"potentialAction\":[{\"@type\":\"SearchAction\",\"target\":{\"@type\":\"EntryPoint\",\"urlTemplate\":\"https:\\\/\\\/www.smart-impulse.com\\\/?s={search_term_string}\"},\"query-input\":{\"@type\":\"PropertyValueSpecification\",\"valueRequired\":true,\"valueName\":\"search_term_string\"}}],\"inLanguage\":\"en-US\"},{\"@type\":\"Organization\",\"@id\":\"https:\\\/\\\/www.smart-impulse.com\\\/#organization\",\"name\":\"Smart Impulse\",\"url\":\"https:\\\/\\\/www.smart-impulse.com\\\/\",\"logo\":{\"@type\":\"ImageObject\",\"inLanguage\":\"en-US\",\"@id\":\"https:\\\/\\\/www.smart-impulse.com\\\/#\\\/schema\\\/logo\\\/image\\\/\",\"url\":\"https:\\\/\\\/www.smart-impulse.com\\\/wp-content\\\/uploads\\\/2017\\\/08\\\/logo-vert.png\",\"contentUrl\":\"https:\\\/\\\/www.smart-impulse.com\\\/wp-content\\\/uploads\\\/2017\\\/08\\\/logo-vert.png\",\"width\":200,\"height\":96,\"caption\":\"Smart Impulse\"},\"image\":{\"@id\":\"https:\\\/\\\/www.smart-impulse.com\\\/#\\\/schema\\\/logo\\\/image\\\/\"},\"sameAs\":[\"https:\\\/\\\/www.facebook.com\\\/Smartimpulse\\\/\",\"https:\\\/\\\/x.com\\\/SmartImpulse\",\"https:\\\/\\\/fr.linkedin.com\\\/company\\\/smart-impulse\"]},{\"@type\":\"Person\",\"@id\":\"https:\\\/\\\/www.smart-impulse.com\\\/#\\\/schema\\\/person\\\/2d4412593582e41e55aed32d655f41c2\",\"name\":\"henri\",\"image\":{\"@type\":\"ImageObject\",\"inLanguage\":\"en-US\",\"@id\":\"https:\\\/\\\/secure.gravatar.com\\\/avatar\\\/bccbeb9062c3bbe6c710d4f4d8be691aa4b1a66f3ac93d03f61e00257faa4fff?s=96&d=mm&r=g\",\"url\":\"https:\\\/\\\/secure.gravatar.com\\\/avatar\\\/bccbeb9062c3bbe6c710d4f4d8be691aa4b1a66f3ac93d03f61e00257faa4fff?s=96&d=mm&r=g\",\"contentUrl\":\"https:\\\/\\\/secure.gravatar.com\\\/avatar\\\/bccbeb9062c3bbe6c710d4f4d8be691aa4b1a66f3ac93d03f61e00257faa4fff?s=96&d=mm&r=g\",\"caption\":\"henri\"}}]}<\/script>\n<!-- \/ Yoast SEO plugin. -->","yoast_head_json":{"title":"Smart Impulse documentation | SMART IMPULSE","robots":{"index":"index","follow":"follow","max-snippet":"max-snippet:-1","max-image-preview":"max-image-preview:large","max-video-preview":"max-video-preview:-1"},"canonical":"https:\/\/www.smart-impulse.com\/techdoc\/","og_locale":"en_US","og_type":"article","og_title":"Smart Impulse documentation | SMART IMPULSE","og_description":"[vc_row css_animation=&#8221;&#8221; row_type=&#8221;row&#8221; use_row_as_full_screen_section=&#8221;no&#8221; type=&#8221;full_width&#8221; oblique_section=&#8221;no&#8221; text_align=&#8221;left&#8221; triangle_shape=&#8221;no&#8221; box_shadow_on_row=&#8221;no&#8221;][vc_column width=&#8221;1\/6&#8243;][vc_column_text css=&#8221;.vc_custom_1517846522721{margin-top: 20px !important;margin-bottom: 5px !important;}&#8221;][\/vc_column_text][\/vc_column][vc_column width=&#8221;2\/3&#8243;][vc_column_text] PROJECT\u00a0DOCUMENTS [\/vc_column_text][vc_column_text] Site form Project form Equipment form Project Timeline [\/vc_column_text][\/vc_column][vc_column width=&#8221;1\/6&#8243;][\/vc_column][\/vc_row][vc_row css_animation=&#8221;&#8221; row_type=&#8221;row&#8221; use_row_as_full_screen_section=&#8221;no&#8221; type=&#8221;full_width&#8221; oblique_section=&#8221;no&#8221; text_align=&#8221;left&#8221; triangle_shape=&#8221;no&#8221; box_shadow_on_row=&#8221;no&#8221;][vc_column][vc_separator type=&#8221;normal&#8221; color=&#8221;#ffffff&#8221; border_style=&#8221;solid&#8221; thickness=&#8221;1&#8243;...","og_url":"https:\/\/www.smart-impulse.com\/techdoc\/","og_site_name":"SMART IMPULSE","article_publisher":"https:\/\/www.facebook.com\/Smartimpulse\/","article_modified_time":"2021-06-15T07:30:04+00:00","twitter_card":"summary_large_image","twitter_site":"@SmartImpulse","twitter_misc":{"Est. reading time":"2 minutes"},"schema":{"@context":"https:\/\/schema.org","@graph":[{"@type":"Article","@id":"https:\/\/www.smart-impulse.com\/techdoc\/#article","isPartOf":{"@id":"https:\/\/www.smart-impulse.com\/techdoc\/"},"author":{"name":"henri","@id":"https:\/\/www.smart-impulse.com\/#\/schema\/person\/2d4412593582e41e55aed32d655f41c2"},"headline":"Smart Impulse documentation","datePublished":"2017-09-25T06:30:21+00:00","dateModified":"2021-06-15T07:30:04+00:00","mainEntityOfPage":{"@id":"https:\/\/www.smart-impulse.com\/techdoc\/"},"wordCount":415,"publisher":{"@id":"https:\/\/www.smart-impulse.com\/#organization"},"inLanguage":"en-US"},{"@type":"WebPage","@id":"https:\/\/www.smart-impulse.com\/techdoc\/","url":"https:\/\/www.smart-impulse.com\/techdoc\/","name":"Smart Impulse documentation | SMART IMPULSE","isPartOf":{"@id":"https:\/\/www.smart-impulse.com\/#website"},"datePublished":"2017-09-25T06:30:21+00:00","dateModified":"2021-06-15T07:30:04+00:00","breadcrumb":{"@id":"https:\/\/www.smart-impulse.com\/techdoc\/#breadcrumb"},"inLanguage":"en-US","potentialAction":[{"@type":"ReadAction","target":["https:\/\/www.smart-impulse.com\/techdoc\/"]}]},{"@type":"BreadcrumbList","@id":"https:\/\/www.smart-impulse.com\/techdoc\/#breadcrumb","itemListElement":[{"@type":"ListItem","position":1,"name":"Home","item":"https:\/\/www.smart-impulse.com\/en\/"},{"@type":"ListItem","position":2,"name":"Smart Impulse documentation"}]},{"@type":"WebSite","@id":"https:\/\/www.smart-impulse.com\/#website","url":"https:\/\/www.smart-impulse.com\/","name":"SMART IMPULSE","description":"Ma\u00eetriser ses consommations \u00e9lectriques n&#039;aura jamais \u00e9t\u00e9 aussi facile","publisher":{"@id":"https:\/\/www.smart-impulse.com\/#organization"},"potentialAction":[{"@type":"SearchAction","target":{"@type":"EntryPoint","urlTemplate":"https:\/\/www.smart-impulse.com\/?s={search_term_string}"},"query-input":{"@type":"PropertyValueSpecification","valueRequired":true,"valueName":"search_term_string"}}],"inLanguage":"en-US"},{"@type":"Organization","@id":"https:\/\/www.smart-impulse.com\/#organization","name":"Smart Impulse","url":"https:\/\/www.smart-impulse.com\/","logo":{"@type":"ImageObject","inLanguage":"en-US","@id":"https:\/\/www.smart-impulse.com\/#\/schema\/logo\/image\/","url":"https:\/\/www.smart-impulse.com\/wp-content\/uploads\/2017\/08\/logo-vert.png","contentUrl":"https:\/\/www.smart-impulse.com\/wp-content\/uploads\/2017\/08\/logo-vert.png","width":200,"height":96,"caption":"Smart Impulse"},"image":{"@id":"https:\/\/www.smart-impulse.com\/#\/schema\/logo\/image\/"},"sameAs":["https:\/\/www.facebook.com\/Smartimpulse\/","https:\/\/x.com\/SmartImpulse","https:\/\/fr.linkedin.com\/company\/smart-impulse"]},{"@type":"Person","@id":"https:\/\/www.smart-impulse.com\/#\/schema\/person\/2d4412593582e41e55aed32d655f41c2","name":"henri","image":{"@type":"ImageObject","inLanguage":"en-US","@id":"https:\/\/secure.gravatar.com\/avatar\/bccbeb9062c3bbe6c710d4f4d8be691aa4b1a66f3ac93d03f61e00257faa4fff?s=96&d=mm&r=g","url":"https:\/\/secure.gravatar.com\/avatar\/bccbeb9062c3bbe6c710d4f4d8be691aa4b1a66f3ac93d03f61e00257faa4fff?s=96&d=mm&r=g","contentUrl":"https:\/\/secure.gravatar.com\/avatar\/bccbeb9062c3bbe6c710d4f4d8be691aa4b1a66f3ac93d03f61e00257faa4fff?s=96&d=mm&r=g","caption":"henri"}}]}},"_links":{"self":[{"href":"https:\/\/www.smart-impulse.com\/en\/wp-json\/wp\/v2\/pages\/53871","targetHints":{"allow":["GET"]}}],"collection":[{"href":"https:\/\/www.smart-impulse.com\/en\/wp-json\/wp\/v2\/pages"}],"about":[{"href":"https:\/\/www.smart-impulse.com\/en\/wp-json\/wp\/v2\/types\/page"}],"author":[{"embeddable":true,"href":"https:\/\/www.smart-impulse.com\/en\/wp-json\/wp\/v2\/users\/2"}],"replies":[{"embeddable":true,"href":"https:\/\/www.smart-impulse.com\/en\/wp-json\/wp\/v2\/comments?post=53871"}],"version-history":[{"count":0,"href":"https:\/\/www.smart-impulse.com\/en\/wp-json\/wp\/v2\/pages\/53871\/revisions"}],"wp:attachment":[{"href":"https:\/\/www.smart-impulse.com\/en\/wp-json\/wp\/v2\/media?parent=53871"}],"curies":[{"name":"wp","href":"https:\/\/api.w.org\/{rel}","templated":true}]}}