{"id":56338,"date":"2022-06-30T13:44:20","date_gmt":"2022-06-30T11:44:20","guid":{"rendered":"https:\/\/www.smart-impulse.com\/?page_id=56338"},"modified":"2022-06-30T13:46:06","modified_gmt":"2022-06-30T11:46:06","slug":"infography","status":"publish","type":"page","link":"https:\/\/www.smart-impulse.com\/en\/infography\/","title":{"rendered":"Infography &#8211; Why and how to measure energy consumption?"},"content":{"rendered":"<div class=\"wpb-content-wrapper\"><p>[vc_row css_animation=&#8221;&#8221; row_type=&#8221;row&#8221; use_row_as_full_screen_section=&#8221;no&#8221; type=&#8221;full_width&#8221; oblique_section=&#8221;no&#8221; text_align=&#8221;left&#8221; triangle_shape=&#8221;no&#8221; box_shadow_on_row=&#8221;no&#8221;][vc_column][\/vc_column][\/vc_row][vc_row css_animation=&#8221;&#8221; row_type=&#8221;row&#8221; use_row_as_full_screen_section=&#8221;no&#8221; type=&#8221;full_width&#8221; oblique_section=&#8221;no&#8221; text_align=&#8221;left&#8221; triangle_shape=&#8221;no&#8221; padding_top=&#8221;40&#8243; box_shadow_on_row=&#8221;no&#8221;][vc_column width=&#8221;1\/4&#8243;][\/vc_column][vc_column width=&#8221;1\/2&#8243;][vc_column_text]<\/p>\n<p style=\"text-align: center;\"><span style=\"color: #000000;\"><strong>To receive the Infography<br \/>\n&#8220;Why and how to measure energy consumption?&#8221;,<br \/>\nplease fill in the fields below:<\/strong><\/span><\/p>\n<p>&nbsp;<\/p>\n<p style=\"text-align: center;\">\n<div class=\"wpcf7 no-js\" id=\"wpcf7-f56332-o1\" lang=\"fr-FR\" dir=\"ltr\" data-wpcf7-id=\"56332\">\n<div class=\"screen-reader-response\"><p role=\"status\" aria-live=\"polite\" aria-atomic=\"true\"><\/p> <ul><\/ul><\/div>\n<form action=\"\/en\/wp-json\/wp\/v2\/pages\/56338#wpcf7-f56332-o1\" method=\"post\" class=\"wpcf7-form init\" aria-label=\"Formulaire de contact\" novalidate=\"novalidate\" data-status=\"init\">\n<fieldset class=\"hidden-fields-container\"><input type=\"hidden\" name=\"_wpcf7\" value=\"56332\" \/><input type=\"hidden\" name=\"_wpcf7_version\" value=\"6.1.4\" \/><input type=\"hidden\" name=\"_wpcf7_locale\" value=\"fr_FR\" \/><input type=\"hidden\" name=\"_wpcf7_unit_tag\" value=\"wpcf7-f56332-o1\" \/><input type=\"hidden\" name=\"_wpcf7_container_post\" value=\"0\" \/><input type=\"hidden\" name=\"_wpcf7_posted_data_hash\" value=\"\" \/><input type=\"hidden\" name=\"_wpcf7_recaptcha_response\" value=\"\" \/>\n<\/fieldset>\n<p>Name\n<\/p>\n<p><span class=\"wpcf7-form-control-wrap\" data-name=\"your-name\"><input size=\"40\" maxlength=\"400\" class=\"wpcf7-form-control wpcf7-text wpcf7-validates-as-required\" aria-required=\"true\" aria-invalid=\"false\" value=\"\" type=\"text\" name=\"your-name\" \/><\/span>\n<\/p>\n<p>Email address\n<\/p>\n<p><span class=\"wpcf7-form-control-wrap\" data-name=\"your-email\"><input size=\"40\" maxlength=\"400\" class=\"wpcf7-form-control wpcf7-email wpcf7-validates-as-required wpcf7-text wpcf7-validates-as-email\" aria-required=\"true\" aria-invalid=\"false\" value=\"\" type=\"email\" name=\"your-email\" \/><\/span>\n<\/p>\n<p>Company\n<\/p>\n<p><span class=\"wpcf7-form-control-wrap\" data-name=\"your-company\"><input size=\"40\" maxlength=\"400\" class=\"wpcf7-form-control wpcf7-text\" aria-invalid=\"false\" value=\"\" type=\"text\" name=\"your-company\" \/><\/span>\n<\/p>\n<p><input class=\"wpcf7-form-control wpcf7-submit has-spinner\" type=\"submit\" value=\"Download Infography\" \/>\n<\/p><div class=\"wpcf7-response-output\" aria-hidden=\"true\"><\/div>\n<\/form>\n<\/div>\n<p>[\/vc_column_text][\/vc_column][vc_column width=&#8221;1\/4&#8243;][\/vc_column][\/vc_row]<\/p>\n<\/div>","protected":false},"excerpt":{"rendered":"<p>[vc_row css_animation=&#8221;&#8221; row_type=&#8221;row&#8221; use_row_as_full_screen_section=&#8221;no&#8221; type=&#8221;full_width&#8221; oblique_section=&#8221;no&#8221; text_align=&#8221;left&#8221; triangle_shape=&#8221;no&#8221; box_shadow_on_row=&#8221;no&#8221;][vc_column][\/vc_column][\/vc_row][vc_row css_animation=&#8221;&#8221; row_type=&#8221;row&#8221; use_row_as_full_screen_section=&#8221;no&#8221; type=&#8221;full_width&#8221; oblique_section=&#8221;no&#8221; text_align=&#8221;left&#8221; triangle_shape=&#8221;no&#8221; padding_top=&#8221;40&#8243; box_shadow_on_row=&#8221;no&#8221;][vc_column width=&#8221;1\/4&#8243;][\/vc_column][vc_column width=&#8221;1\/2&#8243;][vc_column_text] To receive the Infography &#8220;Why and how to measure energy consumption?&#8221;, please fill in the fields below: &nbsp; [\/vc_column_text][\/vc_column][vc_column width=&#8221;1\/4&#8243;][\/vc_column][\/vc_row]<\/p>\n","protected":false},"author":8,"featured_media":0,"parent":0,"menu_order":0,"comment_status":"closed","ping_status":"closed","template":"","meta":{"footnotes":""},"class_list":["post-56338","page","type-page","status-publish","hentry"],"yoast_head":"<!-- This site is optimized with the Yoast SEO plugin v26.9 - https:\/\/yoast.com\/product\/yoast-seo-wordpress\/ -->\n<title>Infography - Why and how to measure energy consumption? | SMART IMPULSE<\/title>\n<meta name=\"robots\" content=\"index, follow, max-snippet:-1, max-image-preview:large, max-video-preview:-1\" \/>\n<link rel=\"canonical\" href=\"https:\/\/www.smart-impulse.com\/en\/infography\/\" \/>\n<meta property=\"og:locale\" content=\"en_US\" \/>\n<meta property=\"og:type\" content=\"article\" \/>\n<meta property=\"og:title\" content=\"Infography - Why and how to measure energy consumption? | SMART IMPULSE\" \/>\n<meta property=\"og:description\" content=\"[vc_row css_animation=&#8221;&#8221; row_type=&#8221;row&#8221; use_row_as_full_screen_section=&#8221;no&#8221; type=&#8221;full_width&#8221; oblique_section=&#8221;no&#8221; text_align=&#8221;left&#8221; triangle_shape=&#8221;no&#8221; box_shadow_on_row=&#8221;no&#8221;][vc_column][\/vc_column][\/vc_row][vc_row css_animation=&#8221;&#8221; row_type=&#8221;row&#8221; use_row_as_full_screen_section=&#8221;no&#8221; type=&#8221;full_width&#8221; oblique_section=&#8221;no&#8221; text_align=&#8221;left&#8221; triangle_shape=&#8221;no&#8221; padding_top=&#8221;40&#8243; box_shadow_on_row=&#8221;no&#8221;][vc_column width=&#8221;1\/4&#8243;][\/vc_column][vc_column width=&#8221;1\/2&#8243;][vc_column_text] To receive the Infography &#8220;Why and how to measure energy consumption?&#8221;, please fill in the fields below: &nbsp; [\/vc_column_text][\/vc_column][vc_column width=&#8221;1\/4&#8243;][\/vc_column][\/vc_row]\" \/>\n<meta property=\"og:url\" content=\"https:\/\/www.smart-impulse.com\/en\/infography\/\" \/>\n<meta property=\"og:site_name\" content=\"SMART IMPULSE\" \/>\n<meta property=\"article:publisher\" content=\"https:\/\/www.facebook.com\/Smartimpulse\/\" \/>\n<meta property=\"article:modified_time\" content=\"2022-06-30T11:46:06+00:00\" \/>\n<meta name=\"twitter:card\" content=\"summary_large_image\" \/>\n<meta name=\"twitter:site\" content=\"@SmartImpulse\" \/>\n<meta name=\"twitter:label1\" content=\"Est. reading time\" \/>\n\t<meta name=\"twitter:data1\" content=\"1 minute\" \/>\n<script type=\"application\/ld+json\" class=\"yoast-schema-graph\">{\"@context\":\"https:\/\/schema.org\",\"@graph\":[{\"@type\":\"Article\",\"@id\":\"https:\/\/www.smart-impulse.com\/en\/infography\/#article\",\"isPartOf\":{\"@id\":\"https:\/\/www.smart-impulse.com\/en\/infography\/\"},\"author\":{\"name\":\"Shannon Etienne\",\"@id\":\"https:\/\/www.smart-impulse.com\/#\/schema\/person\/c7644b94e839c291218089efd53affb4\"},\"headline\":\"Infography &#8211; Why and how to measure energy consumption?\",\"datePublished\":\"2022-06-30T11:44:20+00:00\",\"dateModified\":\"2022-06-30T11:46:06+00:00\",\"mainEntityOfPage\":{\"@id\":\"https:\/\/www.smart-impulse.com\/en\/infography\/\"},\"wordCount\":124,\"publisher\":{\"@id\":\"https:\/\/www.smart-impulse.com\/#organization\"},\"inLanguage\":\"en-US\"},{\"@type\":\"WebPage\",\"@id\":\"https:\/\/www.smart-impulse.com\/en\/infography\/\",\"url\":\"https:\/\/www.smart-impulse.com\/en\/infography\/\",\"name\":\"Infography - Why and how to measure energy consumption? | SMART IMPULSE\",\"isPartOf\":{\"@id\":\"https:\/\/www.smart-impulse.com\/#website\"},\"datePublished\":\"2022-06-30T11:44:20+00:00\",\"dateModified\":\"2022-06-30T11:46:06+00:00\",\"breadcrumb\":{\"@id\":\"https:\/\/www.smart-impulse.com\/en\/infography\/#breadcrumb\"},\"inLanguage\":\"en-US\",\"potentialAction\":[{\"@type\":\"ReadAction\",\"target\":[\"https:\/\/www.smart-impulse.com\/en\/infography\/\"]}]},{\"@type\":\"BreadcrumbList\",\"@id\":\"https:\/\/www.smart-impulse.com\/en\/infography\/#breadcrumb\",\"itemListElement\":[{\"@type\":\"ListItem\",\"position\":1,\"name\":\"Home\",\"item\":\"https:\/\/www.smart-impulse.com\/\"},{\"@type\":\"ListItem\",\"position\":2,\"name\":\"Infography &#8211; Why and how to measure energy consumption?\"}]},{\"@type\":\"WebSite\",\"@id\":\"https:\/\/www.smart-impulse.com\/#website\",\"url\":\"https:\/\/www.smart-impulse.com\/\",\"name\":\"SMART IMPULSE\",\"description\":\"Ma\u00eetriser ses consommations \u00e9lectriques n&#039;aura jamais \u00e9t\u00e9 aussi facile\",\"publisher\":{\"@id\":\"https:\/\/www.smart-impulse.com\/#organization\"},\"potentialAction\":[{\"@type\":\"SearchAction\",\"target\":{\"@type\":\"EntryPoint\",\"urlTemplate\":\"https:\/\/www.smart-impulse.com\/?s={search_term_string}\"},\"query-input\":{\"@type\":\"PropertyValueSpecification\",\"valueRequired\":true,\"valueName\":\"search_term_string\"}}],\"inLanguage\":\"en-US\"},{\"@type\":\"Organization\",\"@id\":\"https:\/\/www.smart-impulse.com\/#organization\",\"name\":\"Smart Impulse\",\"url\":\"https:\/\/www.smart-impulse.com\/\",\"logo\":{\"@type\":\"ImageObject\",\"inLanguage\":\"en-US\",\"@id\":\"https:\/\/www.smart-impulse.com\/#\/schema\/logo\/image\/\",\"url\":\"https:\/\/www.smart-impulse.com\/wp-content\/uploads\/2017\/08\/logo-vert.png\",\"contentUrl\":\"https:\/\/www.smart-impulse.com\/wp-content\/uploads\/2017\/08\/logo-vert.png\",\"width\":200,\"height\":96,\"caption\":\"Smart Impulse\"},\"image\":{\"@id\":\"https:\/\/www.smart-impulse.com\/#\/schema\/logo\/image\/\"},\"sameAs\":[\"https:\/\/www.facebook.com\/Smartimpulse\/\",\"https:\/\/x.com\/SmartImpulse\",\"https:\/\/fr.linkedin.com\/company\/smart-impulse\"]},{\"@type\":\"Person\",\"@id\":\"https:\/\/www.smart-impulse.com\/#\/schema\/person\/c7644b94e839c291218089efd53affb4\",\"name\":\"Shannon Etienne\",\"image\":{\"@type\":\"ImageObject\",\"inLanguage\":\"en-US\",\"@id\":\"https:\/\/www.smart-impulse.com\/#\/schema\/person\/image\/\",\"url\":\"https:\/\/secure.gravatar.com\/avatar\/3749b41f81b2b8e5bbe719eefc5a194731ceb2fc0a7c74eb53d8ef88330928cb?s=96&d=mm&r=g\",\"contentUrl\":\"https:\/\/secure.gravatar.com\/avatar\/3749b41f81b2b8e5bbe719eefc5a194731ceb2fc0a7c74eb53d8ef88330928cb?s=96&d=mm&r=g\",\"caption\":\"Shannon Etienne\"}}]}<\/script>\n<!-- \/ Yoast SEO plugin. -->","yoast_head_json":{"title":"Infography - Why and how to measure energy consumption? | SMART IMPULSE","robots":{"index":"index","follow":"follow","max-snippet":"max-snippet:-1","max-image-preview":"max-image-preview:large","max-video-preview":"max-video-preview:-1"},"canonical":"https:\/\/www.smart-impulse.com\/en\/infography\/","og_locale":"en_US","og_type":"article","og_title":"Infography - Why and how to measure energy consumption? | SMART IMPULSE","og_description":"[vc_row css_animation=&#8221;&#8221; row_type=&#8221;row&#8221; use_row_as_full_screen_section=&#8221;no&#8221; type=&#8221;full_width&#8221; oblique_section=&#8221;no&#8221; text_align=&#8221;left&#8221; triangle_shape=&#8221;no&#8221; box_shadow_on_row=&#8221;no&#8221;][vc_column][\/vc_column][\/vc_row][vc_row css_animation=&#8221;&#8221; row_type=&#8221;row&#8221; use_row_as_full_screen_section=&#8221;no&#8221; type=&#8221;full_width&#8221; oblique_section=&#8221;no&#8221; text_align=&#8221;left&#8221; triangle_shape=&#8221;no&#8221; padding_top=&#8221;40&#8243; box_shadow_on_row=&#8221;no&#8221;][vc_column width=&#8221;1\/4&#8243;][\/vc_column][vc_column width=&#8221;1\/2&#8243;][vc_column_text] To receive the Infography &#8220;Why and how to measure energy consumption?&#8221;, please fill in the fields below: &nbsp; [\/vc_column_text][\/vc_column][vc_column width=&#8221;1\/4&#8243;][\/vc_column][\/vc_row]","og_url":"https:\/\/www.smart-impulse.com\/en\/infography\/","og_site_name":"SMART IMPULSE","article_publisher":"https:\/\/www.facebook.com\/Smartimpulse\/","article_modified_time":"2022-06-30T11:46:06+00:00","twitter_card":"summary_large_image","twitter_site":"@SmartImpulse","twitter_misc":{"Est. reading time":"1 minute"},"schema":{"@context":"https:\/\/schema.org","@graph":[{"@type":"Article","@id":"https:\/\/www.smart-impulse.com\/en\/infography\/#article","isPartOf":{"@id":"https:\/\/www.smart-impulse.com\/en\/infography\/"},"author":{"name":"Shannon Etienne","@id":"https:\/\/www.smart-impulse.com\/#\/schema\/person\/c7644b94e839c291218089efd53affb4"},"headline":"Infography &#8211; Why and how to measure energy consumption?","datePublished":"2022-06-30T11:44:20+00:00","dateModified":"2022-06-30T11:46:06+00:00","mainEntityOfPage":{"@id":"https:\/\/www.smart-impulse.com\/en\/infography\/"},"wordCount":124,"publisher":{"@id":"https:\/\/www.smart-impulse.com\/#organization"},"inLanguage":"en-US"},{"@type":"WebPage","@id":"https:\/\/www.smart-impulse.com\/en\/infography\/","url":"https:\/\/www.smart-impulse.com\/en\/infography\/","name":"Infography - Why and how to measure energy consumption? | SMART IMPULSE","isPartOf":{"@id":"https:\/\/www.smart-impulse.com\/#website"},"datePublished":"2022-06-30T11:44:20+00:00","dateModified":"2022-06-30T11:46:06+00:00","breadcrumb":{"@id":"https:\/\/www.smart-impulse.com\/en\/infography\/#breadcrumb"},"inLanguage":"en-US","potentialAction":[{"@type":"ReadAction","target":["https:\/\/www.smart-impulse.com\/en\/infography\/"]}]},{"@type":"BreadcrumbList","@id":"https:\/\/www.smart-impulse.com\/en\/infography\/#breadcrumb","itemListElement":[{"@type":"ListItem","position":1,"name":"Home","item":"https:\/\/www.smart-impulse.com\/"},{"@type":"ListItem","position":2,"name":"Infography &#8211; Why and how to measure energy consumption?"}]},{"@type":"WebSite","@id":"https:\/\/www.smart-impulse.com\/#website","url":"https:\/\/www.smart-impulse.com\/","name":"SMART IMPULSE","description":"Ma\u00eetriser ses consommations \u00e9lectriques n&#039;aura jamais \u00e9t\u00e9 aussi facile","publisher":{"@id":"https:\/\/www.smart-impulse.com\/#organization"},"potentialAction":[{"@type":"SearchAction","target":{"@type":"EntryPoint","urlTemplate":"https:\/\/www.smart-impulse.com\/?s={search_term_string}"},"query-input":{"@type":"PropertyValueSpecification","valueRequired":true,"valueName":"search_term_string"}}],"inLanguage":"en-US"},{"@type":"Organization","@id":"https:\/\/www.smart-impulse.com\/#organization","name":"Smart Impulse","url":"https:\/\/www.smart-impulse.com\/","logo":{"@type":"ImageObject","inLanguage":"en-US","@id":"https:\/\/www.smart-impulse.com\/#\/schema\/logo\/image\/","url":"https:\/\/www.smart-impulse.com\/wp-content\/uploads\/2017\/08\/logo-vert.png","contentUrl":"https:\/\/www.smart-impulse.com\/wp-content\/uploads\/2017\/08\/logo-vert.png","width":200,"height":96,"caption":"Smart Impulse"},"image":{"@id":"https:\/\/www.smart-impulse.com\/#\/schema\/logo\/image\/"},"sameAs":["https:\/\/www.facebook.com\/Smartimpulse\/","https:\/\/x.com\/SmartImpulse","https:\/\/fr.linkedin.com\/company\/smart-impulse"]},{"@type":"Person","@id":"https:\/\/www.smart-impulse.com\/#\/schema\/person\/c7644b94e839c291218089efd53affb4","name":"Shannon Etienne","image":{"@type":"ImageObject","inLanguage":"en-US","@id":"https:\/\/www.smart-impulse.com\/#\/schema\/person\/image\/","url":"https:\/\/secure.gravatar.com\/avatar\/3749b41f81b2b8e5bbe719eefc5a194731ceb2fc0a7c74eb53d8ef88330928cb?s=96&d=mm&r=g","contentUrl":"https:\/\/secure.gravatar.com\/avatar\/3749b41f81b2b8e5bbe719eefc5a194731ceb2fc0a7c74eb53d8ef88330928cb?s=96&d=mm&r=g","caption":"Shannon Etienne"}}]}},"_links":{"self":[{"href":"https:\/\/www.smart-impulse.com\/en\/wp-json\/wp\/v2\/pages\/56338","targetHints":{"allow":["GET"]}}],"collection":[{"href":"https:\/\/www.smart-impulse.com\/en\/wp-json\/wp\/v2\/pages"}],"about":[{"href":"https:\/\/www.smart-impulse.com\/en\/wp-json\/wp\/v2\/types\/page"}],"author":[{"embeddable":true,"href":"https:\/\/www.smart-impulse.com\/en\/wp-json\/wp\/v2\/users\/8"}],"replies":[{"embeddable":true,"href":"https:\/\/www.smart-impulse.com\/en\/wp-json\/wp\/v2\/comments?post=56338"}],"version-history":[{"count":0,"href":"https:\/\/www.smart-impulse.com\/en\/wp-json\/wp\/v2\/pages\/56338\/revisions"}],"wp:attachment":[{"href":"https:\/\/www.smart-impulse.com\/en\/wp-json\/wp\/v2\/media?parent=56338"}],"curies":[{"name":"wp","href":"https:\/\/api.w.org\/{rel}","templated":true}]}}