{"id":58708,"date":"2024-04-10T17:35:02","date_gmt":"2024-04-10T15:35:02","guid":{"rendered":"https:\/\/www.smart-impulse.com\/?page_id=58708"},"modified":"2024-09-24T14:48:34","modified_gmt":"2024-09-24T12:48:34","slug":"smart-impulse-presentation","status":"publish","type":"page","link":"https:\/\/www.smart-impulse.com\/en\/smart-impulse-presentation\/","title":{"rendered":"Video &#8211; Smart Impulse presentation!"},"content":{"rendered":"<div class=\"wpb-content-wrapper\"><p>[vc_row css_animation=&#8221;&#8221; row_type=&#8221;row&#8221; use_row_as_full_screen_section=&#8221;no&#8221; type=&#8221;full_width&#8221; oblique_section=&#8221;no&#8221; text_align=&#8221;left&#8221; triangle_shape=&#8221;no&#8221; box_shadow_on_row=&#8221;no&#8221;][vc_column][\/vc_column][\/vc_row][vc_row css_animation=&#8221;&#8221; row_type=&#8221;row&#8221; use_row_as_full_screen_section=&#8221;no&#8221; type=&#8221;full_width&#8221; oblique_section=&#8221;no&#8221; text_align=&#8221;left&#8221; triangle_shape=&#8221;no&#8221; padding_top=&#8221;40&#8243; box_shadow_on_row=&#8221;no&#8221;][vc_column][vc_video link=&#8221;https:\/\/youtu.be\/pkOwjAqxU88&#8243;][\/vc_column][\/vc_row]<\/p>\n<\/div>","protected":false},"excerpt":{"rendered":"<p>[vc_row css_animation=&#8221;&#8221; row_type=&#8221;row&#8221; use_row_as_full_screen_section=&#8221;no&#8221; type=&#8221;full_width&#8221; oblique_section=&#8221;no&#8221; text_align=&#8221;left&#8221; triangle_shape=&#8221;no&#8221; box_shadow_on_row=&#8221;no&#8221;][vc_column][\/vc_column][\/vc_row][vc_row css_animation=&#8221;&#8221; row_type=&#8221;row&#8221; use_row_as_full_screen_section=&#8221;no&#8221; type=&#8221;full_width&#8221; oblique_section=&#8221;no&#8221; text_align=&#8221;left&#8221; triangle_shape=&#8221;no&#8221; padding_top=&#8221;40&#8243; box_shadow_on_row=&#8221;no&#8221;][vc_column][vc_video link=&#8221;https:\/\/youtu.be\/pkOwjAqxU88&#8243;][\/vc_column][\/vc_row]<\/p>\n","protected":false},"author":8,"featured_media":0,"parent":0,"menu_order":0,"comment_status":"closed","ping_status":"closed","template":"","meta":{"footnotes":""},"class_list":["post-58708","page","type-page","status-publish","hentry"],"yoast_head":"<!-- This site is optimized with the Yoast SEO plugin v27.3 - https:\/\/yoast.com\/product\/yoast-seo-wordpress\/ -->\n<title>Understand what Smart Impulse does in less than a minute!<\/title>\n<meta name=\"description\" content=\"What Smart Impulse does in video ? Non-intrusive technology for a clear view of your usage consumption. Average energy savings of 15%. ROI &lt;1 year.\" \/>\n<meta name=\"robots\" content=\"index, follow, max-snippet:-1, max-image-preview:large, max-video-preview:-1\" \/>\n<link rel=\"canonical\" href=\"https:\/\/www.smart-impulse.com\/en\/smart-impulse-presentation\/\" \/>\n<meta property=\"og:locale\" content=\"en_US\" \/>\n<meta property=\"og:type\" content=\"article\" \/>\n<meta property=\"og:title\" content=\"Understand what Smart Impulse does in less than a minute!\" \/>\n<meta property=\"og:description\" content=\"What Smart Impulse does in video ? Non-intrusive technology for a clear view of your usage consumption. Average energy savings of 15%. ROI &lt;1 year.\" \/>\n<meta property=\"og:url\" content=\"https:\/\/www.smart-impulse.com\/en\/smart-impulse-presentation\/\" \/>\n<meta property=\"og:site_name\" content=\"SMART IMPULSE\" \/>\n<meta property=\"article:publisher\" content=\"https:\/\/www.facebook.com\/Smartimpulse\/\" \/>\n<meta property=\"article:modified_time\" content=\"2024-09-24T12:48:34+00:00\" \/>\n<meta name=\"twitter:card\" content=\"summary_large_image\" \/>\n<meta name=\"twitter:site\" content=\"@SmartImpulse\" \/>\n<meta name=\"twitter:label1\" content=\"Est. reading time\" \/>\n\t<meta name=\"twitter:data1\" content=\"1 minute\" \/>\n<script type=\"application\/ld+json\" class=\"yoast-schema-graph\">{\"@context\":\"https:\\\/\\\/schema.org\",\"@graph\":[{\"@type\":\"Article\",\"@id\":\"https:\\\/\\\/www.smart-impulse.com\\\/en\\\/smart-impulse-presentation\\\/#article\",\"isPartOf\":{\"@id\":\"https:\\\/\\\/www.smart-impulse.com\\\/en\\\/smart-impulse-presentation\\\/\"},\"author\":{\"name\":\"Shannon Etienne\",\"@id\":\"https:\\\/\\\/www.smart-impulse.com\\\/#\\\/schema\\\/person\\\/c7644b94e839c291218089efd53affb4\"},\"headline\":\"Video &#8211; Smart Impulse presentation!\",\"datePublished\":\"2024-04-10T15:35:02+00:00\",\"dateModified\":\"2024-09-24T12:48:34+00:00\",\"mainEntityOfPage\":{\"@id\":\"https:\\\/\\\/www.smart-impulse.com\\\/en\\\/smart-impulse-presentation\\\/\"},\"wordCount\":88,\"publisher\":{\"@id\":\"https:\\\/\\\/www.smart-impulse.com\\\/#organization\"},\"inLanguage\":\"en-US\"},{\"@type\":\"WebPage\",\"@id\":\"https:\\\/\\\/www.smart-impulse.com\\\/en\\\/smart-impulse-presentation\\\/\",\"url\":\"https:\\\/\\\/www.smart-impulse.com\\\/en\\\/smart-impulse-presentation\\\/\",\"name\":\"Understand what Smart Impulse does in less than a minute!\",\"isPartOf\":{\"@id\":\"https:\\\/\\\/www.smart-impulse.com\\\/#website\"},\"datePublished\":\"2024-04-10T15:35:02+00:00\",\"dateModified\":\"2024-09-24T12:48:34+00:00\",\"description\":\"What Smart Impulse does in video ? Non-intrusive technology for a clear view of your usage consumption. Average energy savings of 15%. ROI &lt;1 year.\",\"breadcrumb\":{\"@id\":\"https:\\\/\\\/www.smart-impulse.com\\\/en\\\/smart-impulse-presentation\\\/#breadcrumb\"},\"inLanguage\":\"en-US\",\"potentialAction\":[{\"@type\":\"ReadAction\",\"target\":[\"https:\\\/\\\/www.smart-impulse.com\\\/en\\\/smart-impulse-presentation\\\/\"]}]},{\"@type\":\"BreadcrumbList\",\"@id\":\"https:\\\/\\\/www.smart-impulse.com\\\/en\\\/smart-impulse-presentation\\\/#breadcrumb\",\"itemListElement\":[{\"@type\":\"ListItem\",\"position\":1,\"name\":\"Home\",\"item\":\"https:\\\/\\\/www.smart-impulse.com\\\/en\\\/\"},{\"@type\":\"ListItem\",\"position\":2,\"name\":\"Video &#8211; Smart Impulse presentation!\"}]},{\"@type\":\"WebSite\",\"@id\":\"https:\\\/\\\/www.smart-impulse.com\\\/#website\",\"url\":\"https:\\\/\\\/www.smart-impulse.com\\\/\",\"name\":\"SMART IMPULSE\",\"description\":\"Ma\u00eetriser ses consommations \u00e9lectriques n&#039;aura jamais \u00e9t\u00e9 aussi facile\",\"publisher\":{\"@id\":\"https:\\\/\\\/www.smart-impulse.com\\\/#organization\"},\"potentialAction\":[{\"@type\":\"SearchAction\",\"target\":{\"@type\":\"EntryPoint\",\"urlTemplate\":\"https:\\\/\\\/www.smart-impulse.com\\\/?s={search_term_string}\"},\"query-input\":{\"@type\":\"PropertyValueSpecification\",\"valueRequired\":true,\"valueName\":\"search_term_string\"}}],\"inLanguage\":\"en-US\"},{\"@type\":\"Organization\",\"@id\":\"https:\\\/\\\/www.smart-impulse.com\\\/#organization\",\"name\":\"Smart Impulse\",\"url\":\"https:\\\/\\\/www.smart-impulse.com\\\/\",\"logo\":{\"@type\":\"ImageObject\",\"inLanguage\":\"en-US\",\"@id\":\"https:\\\/\\\/www.smart-impulse.com\\\/#\\\/schema\\\/logo\\\/image\\\/\",\"url\":\"https:\\\/\\\/www.smart-impulse.com\\\/wp-content\\\/uploads\\\/2017\\\/08\\\/logo-vert.png\",\"contentUrl\":\"https:\\\/\\\/www.smart-impulse.com\\\/wp-content\\\/uploads\\\/2017\\\/08\\\/logo-vert.png\",\"width\":200,\"height\":96,\"caption\":\"Smart Impulse\"},\"image\":{\"@id\":\"https:\\\/\\\/www.smart-impulse.com\\\/#\\\/schema\\\/logo\\\/image\\\/\"},\"sameAs\":[\"https:\\\/\\\/www.facebook.com\\\/Smartimpulse\\\/\",\"https:\\\/\\\/x.com\\\/SmartImpulse\",\"https:\\\/\\\/fr.linkedin.com\\\/company\\\/smart-impulse\"]},{\"@type\":\"Person\",\"@id\":\"https:\\\/\\\/www.smart-impulse.com\\\/#\\\/schema\\\/person\\\/c7644b94e839c291218089efd53affb4\",\"name\":\"Shannon Etienne\",\"image\":{\"@type\":\"ImageObject\",\"inLanguage\":\"en-US\",\"@id\":\"https:\\\/\\\/secure.gravatar.com\\\/avatar\\\/3749b41f81b2b8e5bbe719eefc5a194731ceb2fc0a7c74eb53d8ef88330928cb?s=96&d=mm&r=g\",\"url\":\"https:\\\/\\\/secure.gravatar.com\\\/avatar\\\/3749b41f81b2b8e5bbe719eefc5a194731ceb2fc0a7c74eb53d8ef88330928cb?s=96&d=mm&r=g\",\"contentUrl\":\"https:\\\/\\\/secure.gravatar.com\\\/avatar\\\/3749b41f81b2b8e5bbe719eefc5a194731ceb2fc0a7c74eb53d8ef88330928cb?s=96&d=mm&r=g\",\"caption\":\"Shannon Etienne\"}}]}<\/script>\n<!-- \/ Yoast SEO plugin. -->","yoast_head_json":{"title":"Understand what Smart Impulse does in less than a minute!","description":"What Smart Impulse does in video ? Non-intrusive technology for a clear view of your usage consumption. Average energy savings of 15%. ROI &lt;1 year.","robots":{"index":"index","follow":"follow","max-snippet":"max-snippet:-1","max-image-preview":"max-image-preview:large","max-video-preview":"max-video-preview:-1"},"canonical":"https:\/\/www.smart-impulse.com\/en\/smart-impulse-presentation\/","og_locale":"en_US","og_type":"article","og_title":"Understand what Smart Impulse does in less than a minute!","og_description":"What Smart Impulse does in video ? Non-intrusive technology for a clear view of your usage consumption. Average energy savings of 15%. ROI &lt;1 year.","og_url":"https:\/\/www.smart-impulse.com\/en\/smart-impulse-presentation\/","og_site_name":"SMART IMPULSE","article_publisher":"https:\/\/www.facebook.com\/Smartimpulse\/","article_modified_time":"2024-09-24T12:48:34+00:00","twitter_card":"summary_large_image","twitter_site":"@SmartImpulse","twitter_misc":{"Est. reading time":"1 minute"},"schema":{"@context":"https:\/\/schema.org","@graph":[{"@type":"Article","@id":"https:\/\/www.smart-impulse.com\/en\/smart-impulse-presentation\/#article","isPartOf":{"@id":"https:\/\/www.smart-impulse.com\/en\/smart-impulse-presentation\/"},"author":{"name":"Shannon Etienne","@id":"https:\/\/www.smart-impulse.com\/#\/schema\/person\/c7644b94e839c291218089efd53affb4"},"headline":"Video &#8211; Smart Impulse presentation!","datePublished":"2024-04-10T15:35:02+00:00","dateModified":"2024-09-24T12:48:34+00:00","mainEntityOfPage":{"@id":"https:\/\/www.smart-impulse.com\/en\/smart-impulse-presentation\/"},"wordCount":88,"publisher":{"@id":"https:\/\/www.smart-impulse.com\/#organization"},"inLanguage":"en-US"},{"@type":"WebPage","@id":"https:\/\/www.smart-impulse.com\/en\/smart-impulse-presentation\/","url":"https:\/\/www.smart-impulse.com\/en\/smart-impulse-presentation\/","name":"Understand what Smart Impulse does in less than a minute!","isPartOf":{"@id":"https:\/\/www.smart-impulse.com\/#website"},"datePublished":"2024-04-10T15:35:02+00:00","dateModified":"2024-09-24T12:48:34+00:00","description":"What Smart Impulse does in video ? Non-intrusive technology for a clear view of your usage consumption. Average energy savings of 15%. ROI &lt;1 year.","breadcrumb":{"@id":"https:\/\/www.smart-impulse.com\/en\/smart-impulse-presentation\/#breadcrumb"},"inLanguage":"en-US","potentialAction":[{"@type":"ReadAction","target":["https:\/\/www.smart-impulse.com\/en\/smart-impulse-presentation\/"]}]},{"@type":"BreadcrumbList","@id":"https:\/\/www.smart-impulse.com\/en\/smart-impulse-presentation\/#breadcrumb","itemListElement":[{"@type":"ListItem","position":1,"name":"Home","item":"https:\/\/www.smart-impulse.com\/en\/"},{"@type":"ListItem","position":2,"name":"Video &#8211; Smart Impulse presentation!"}]},{"@type":"WebSite","@id":"https:\/\/www.smart-impulse.com\/#website","url":"https:\/\/www.smart-impulse.com\/","name":"SMART IMPULSE","description":"Ma\u00eetriser ses consommations \u00e9lectriques n&#039;aura jamais \u00e9t\u00e9 aussi facile","publisher":{"@id":"https:\/\/www.smart-impulse.com\/#organization"},"potentialAction":[{"@type":"SearchAction","target":{"@type":"EntryPoint","urlTemplate":"https:\/\/www.smart-impulse.com\/?s={search_term_string}"},"query-input":{"@type":"PropertyValueSpecification","valueRequired":true,"valueName":"search_term_string"}}],"inLanguage":"en-US"},{"@type":"Organization","@id":"https:\/\/www.smart-impulse.com\/#organization","name":"Smart Impulse","url":"https:\/\/www.smart-impulse.com\/","logo":{"@type":"ImageObject","inLanguage":"en-US","@id":"https:\/\/www.smart-impulse.com\/#\/schema\/logo\/image\/","url":"https:\/\/www.smart-impulse.com\/wp-content\/uploads\/2017\/08\/logo-vert.png","contentUrl":"https:\/\/www.smart-impulse.com\/wp-content\/uploads\/2017\/08\/logo-vert.png","width":200,"height":96,"caption":"Smart Impulse"},"image":{"@id":"https:\/\/www.smart-impulse.com\/#\/schema\/logo\/image\/"},"sameAs":["https:\/\/www.facebook.com\/Smartimpulse\/","https:\/\/x.com\/SmartImpulse","https:\/\/fr.linkedin.com\/company\/smart-impulse"]},{"@type":"Person","@id":"https:\/\/www.smart-impulse.com\/#\/schema\/person\/c7644b94e839c291218089efd53affb4","name":"Shannon Etienne","image":{"@type":"ImageObject","inLanguage":"en-US","@id":"https:\/\/secure.gravatar.com\/avatar\/3749b41f81b2b8e5bbe719eefc5a194731ceb2fc0a7c74eb53d8ef88330928cb?s=96&d=mm&r=g","url":"https:\/\/secure.gravatar.com\/avatar\/3749b41f81b2b8e5bbe719eefc5a194731ceb2fc0a7c74eb53d8ef88330928cb?s=96&d=mm&r=g","contentUrl":"https:\/\/secure.gravatar.com\/avatar\/3749b41f81b2b8e5bbe719eefc5a194731ceb2fc0a7c74eb53d8ef88330928cb?s=96&d=mm&r=g","caption":"Shannon Etienne"}}]}},"_links":{"self":[{"href":"https:\/\/www.smart-impulse.com\/en\/wp-json\/wp\/v2\/pages\/58708","targetHints":{"allow":["GET"]}}],"collection":[{"href":"https:\/\/www.smart-impulse.com\/en\/wp-json\/wp\/v2\/pages"}],"about":[{"href":"https:\/\/www.smart-impulse.com\/en\/wp-json\/wp\/v2\/types\/page"}],"author":[{"embeddable":true,"href":"https:\/\/www.smart-impulse.com\/en\/wp-json\/wp\/v2\/users\/8"}],"replies":[{"embeddable":true,"href":"https:\/\/www.smart-impulse.com\/en\/wp-json\/wp\/v2\/comments?post=58708"}],"version-history":[{"count":0,"href":"https:\/\/www.smart-impulse.com\/en\/wp-json\/wp\/v2\/pages\/58708\/revisions"}],"wp:attachment":[{"href":"https:\/\/www.smart-impulse.com\/en\/wp-json\/wp\/v2\/media?parent=58708"}],"curies":[{"name":"wp","href":"https:\/\/api.w.org\/{rel}","templated":true}]}}