{"id":58721,"date":"2024-04-10T17:57:11","date_gmt":"2024-04-10T15:57:11","guid":{"rendered":"https:\/\/www.smart-impulse.com\/?page_id=58721"},"modified":"2024-04-10T17:57:11","modified_gmt":"2024-04-10T15:57:11","slug":"case-study-warehouse","status":"publish","type":"page","link":"https:\/\/www.smart-impulse.com\/en\/case-study-warehouse\/","title":{"rendered":"Case study 10,000 m\u00b2 &#8211; Warehouse &#8211; Form to download"},"content":{"rendered":"<h1><span style=\"font-size: 14pt;\">Case study for optimising the consumption of a 10,000 sqm Warehouse<\/span><\/h1>\n\n<div class=\"wpcf7 no-js\" id=\"wpcf7-f58719-o1\" lang=\"fr-FR\" dir=\"ltr\" data-wpcf7-id=\"58719\">\n<div class=\"screen-reader-response\"><p role=\"status\" aria-live=\"polite\" aria-atomic=\"true\"><\/p> <ul><\/ul><\/div>\n<form action=\"\/en\/wp-json\/wp\/v2\/pages\/58721#wpcf7-f58719-o1\" method=\"post\" class=\"wpcf7-form init\" aria-label=\"Formulaire de contact\" novalidate=\"novalidate\" data-status=\"init\">\n<fieldset class=\"hidden-fields-container\"><input type=\"hidden\" name=\"_wpcf7\" value=\"58719\" \/><input type=\"hidden\" name=\"_wpcf7_version\" value=\"6.1.4\" \/><input type=\"hidden\" name=\"_wpcf7_locale\" value=\"fr_FR\" \/><input type=\"hidden\" name=\"_wpcf7_unit_tag\" value=\"wpcf7-f58719-o1\" \/><input type=\"hidden\" name=\"_wpcf7_container_post\" value=\"0\" \/><input type=\"hidden\" name=\"_wpcf7_posted_data_hash\" value=\"\" \/><input type=\"hidden\" name=\"_wpcf7_recaptcha_response\" value=\"\" \/>\n<\/fieldset>\n<p>&nbsp;\n<\/p>\n<p> Mr \/ Mrs. (mandatory)\n<\/p>\n<p><span class=\"wpcf7-form-control-wrap\" data-name=\"your-gender\"><span class=\"wpcf7-form-control wpcf7-checkbox wpcf7-validates-as-required\"><span class=\"wpcf7-list-item first\"><input type=\"checkbox\" name=\"your-gender[]\" value=\"Mr\" \/><span class=\"wpcf7-list-item-label\">Mr<\/span><\/span><span class=\"wpcf7-list-item last\"><input type=\"checkbox\" name=\"your-gender[]\" value=\"Mrs\" \/><span class=\"wpcf7-list-item-label\">Mrs<\/span><\/span><\/span><\/span><br \/>\n&nbsp;\n<\/p>\n<p> First Name (mandatory)\n<\/p>\n<p><span class=\"wpcf7-form-control-wrap\" data-name=\"your-firstname\"><input size=\"40\" maxlength=\"400\" class=\"wpcf7-form-control wpcf7-text wpcf7-validates-as-required\" aria-required=\"true\" aria-invalid=\"false\" value=\"\" type=\"text\" name=\"your-firstname\" \/><\/span>\n<\/p>\n<p>&nbsp;\n<\/p>\n<p> Last Name (mandatory)\n<\/p>\n<p><span class=\"wpcf7-form-control-wrap\" data-name=\"your-name\"><input size=\"40\" maxlength=\"400\" class=\"wpcf7-form-control wpcf7-text wpcf7-validates-as-required\" aria-required=\"true\" aria-invalid=\"false\" value=\"\" type=\"text\" name=\"your-name\" \/><\/span>\n<\/p>\n<p>&nbsp;\n<\/p>\n<p> Business Email address (mandatory)\n<\/p>\n<p><span class=\"wpcf7-form-control-wrap\" data-name=\"your-email\"><input size=\"40\" maxlength=\"400\" class=\"wpcf7-form-control wpcf7-email wpcf7-validates-as-required wpcf7-text wpcf7-validates-as-email\" aria-required=\"true\" aria-invalid=\"false\" value=\"\" type=\"email\" name=\"your-email\" \/><\/span>\n<\/p>\n<p>&nbsp;\n<\/p>\n<p> Company (mandatory)\n<\/p>\n<p><span class=\"wpcf7-form-control-wrap\" data-name=\"your-company\"><input size=\"40\" maxlength=\"400\" class=\"wpcf7-form-control wpcf7-text wpcf7-validates-as-required\" aria-required=\"true\" aria-invalid=\"false\" value=\"\" type=\"text\" name=\"your-company\" \/><\/span>\n<\/p>\n<p>&nbsp;\n<\/p>\n<p> Country (mandatory)\n<\/p>\n<p><span class=\"wpcf7-form-control-wrap\" data-name=\"your-country\"><input size=\"40\" maxlength=\"400\" class=\"wpcf7-form-control wpcf7-text wpcf7-validates-as-required\" aria-required=\"true\" aria-invalid=\"false\" value=\"\" type=\"text\" name=\"your-country\" \/><\/span>\n<\/p>\n<p>&nbsp;\n<\/p>\n<p> Job title (mandatory)\n<\/p>\n<p><span class=\"wpcf7-form-control-wrap\" data-name=\"your-fonction\"><input size=\"40\" maxlength=\"400\" class=\"wpcf7-form-control wpcf7-text wpcf7-validates-as-required\" aria-required=\"true\" aria-invalid=\"false\" value=\"\" type=\"text\" name=\"your-fonction\" \/><\/span>\n<\/p>\n<p>&nbsp;\n<\/p>\n<p> Phone number (mandatory)\n<\/p>\n<p><span class=\"wpcf7-form-control-wrap\" data-name=\"your-phone\"><input size=\"40\" maxlength=\"400\" class=\"wpcf7-form-control wpcf7-tel wpcf7-validates-as-required wpcf7-text wpcf7-validates-as-tel\" aria-required=\"true\" aria-invalid=\"false\" value=\"\" type=\"tel\" name=\"your-phone\" \/><\/span>\n<\/p>\n<p>&nbsp;\n<\/p>\n<p> Please select your sector (mandatory)\n<\/p>\n<p><span class=\"wpcf7-form-control-wrap\" data-name=\"secteur\"><select class=\"wpcf7-form-control wpcf7-select\" aria-invalid=\"false\" name=\"secteur\"><option value=\"Building Owner\">Building Owner<\/option><option value=\"Office Occupier\">Office Occupier<\/option><option value=\"Facility Manager\">Facility Manager<\/option><option value=\"Retail\">Retail<\/option><option value=\"Public Sector\">Public Sector<\/option><option value=\"Consulting\">Consulting<\/option><option value=\"Platform\">Platform<\/option><option value=\"BMS\">BMS<\/option><option value=\"Other\">Other<\/option><\/select><\/span>\n<\/p>\n<p>&nbsp;\n<\/p>\n<p> Please select a preferred language\n<\/p>\n<p><span class=\"wpcf7-form-control-wrap\" data-name=\"langue\"><select class=\"wpcf7-form-control wpcf7-select\" aria-invalid=\"false\" name=\"langue\"><option value=\"French\">French<\/option><option value=\"English\">English<\/option><\/select><\/span>\n<\/p>\n<p>&nbsp;\n<\/p>\n<p><input class=\"wpcf7-form-control wpcf7-submit has-spinner\" type=\"submit\" value=\"Download Case Study\" \/>\n<\/p>\n<p>&ensp;<br \/>\n&ensp;\n<\/p>\n<p>&ensp;<br \/>\n&ensp;<br \/>\n\t<FONT size=\"1pt\">By clicking on the \"Download Case Study\" button, you hereby acknowledge that Smart Impulse will collect your personal information in accordance with our <u><a href=\"https:\/\/www.smart-impulse.com\/mentions-legales\/\">privacy policy<\/a><\/u>. You can unsubscribe from our databases at any time using the unsubscribe links or by contacting us at contact@smart-impulse.com.\n\t<\/font>\n<\/p>\n<p>&ensp;\n<\/p><div class=\"wpcf7-response-output\" aria-hidden=\"true\"><\/div>\n<\/form>\n<\/div>\n\n","protected":false},"excerpt":{"rendered":"<p>Case study for optimising the consumption of a 10,000 sqm Warehouse<\/p>\n","protected":false},"author":8,"featured_media":0,"parent":0,"menu_order":0,"comment_status":"closed","ping_status":"closed","template":"","meta":{"footnotes":""},"class_list":["post-58721","page","type-page","status-publish","hentry"],"yoast_head":"<!-- This site is optimized with the Yoast SEO plugin v26.9 - https:\/\/yoast.com\/product\/yoast-seo-wordpress\/ -->\n<title>Case study 10,000 m\u00b2 - Warehouse - Form to download | SMART IMPULSE<\/title>\n<meta name=\"robots\" content=\"index, follow, max-snippet:-1, max-image-preview:large, max-video-preview:-1\" \/>\n<link rel=\"canonical\" href=\"https:\/\/www.smart-impulse.com\/en\/case-study-warehouse\/\" \/>\n<meta property=\"og:locale\" content=\"en_US\" \/>\n<meta property=\"og:type\" content=\"article\" \/>\n<meta property=\"og:title\" content=\"Case study 10,000 m\u00b2 - Warehouse - Form to download | SMART IMPULSE\" \/>\n<meta property=\"og:description\" content=\"Case study for optimising the consumption of a 10,000 sqm Warehouse\" \/>\n<meta property=\"og:url\" content=\"https:\/\/www.smart-impulse.com\/en\/case-study-warehouse\/\" \/>\n<meta property=\"og:site_name\" content=\"SMART IMPULSE\" \/>\n<meta property=\"article:publisher\" content=\"https:\/\/www.facebook.com\/Smartimpulse\/\" \/>\n<meta name=\"twitter:card\" content=\"summary_large_image\" \/>\n<meta name=\"twitter:site\" content=\"@SmartImpulse\" \/>\n<meta name=\"twitter:label1\" content=\"Est. reading time\" \/>\n\t<meta name=\"twitter:data1\" content=\"1 minute\" \/>\n<script type=\"application\/ld+json\" class=\"yoast-schema-graph\">{\"@context\":\"https:\/\/schema.org\",\"@graph\":[{\"@type\":\"Article\",\"@id\":\"https:\/\/www.smart-impulse.com\/en\/case-study-warehouse\/#article\",\"isPartOf\":{\"@id\":\"https:\/\/www.smart-impulse.com\/en\/case-study-warehouse\/\"},\"author\":{\"name\":\"Shannon Etienne\",\"@id\":\"https:\/\/www.smart-impulse.com\/#\/schema\/person\/c7644b94e839c291218089efd53affb4\"},\"headline\":\"Case study 10,000 m\u00b2 &#8211; Warehouse &#8211; Form to download\",\"datePublished\":\"2024-04-10T15:57:11+00:00\",\"mainEntityOfPage\":{\"@id\":\"https:\/\/www.smart-impulse.com\/en\/case-study-warehouse\/\"},\"wordCount\":27,\"publisher\":{\"@id\":\"https:\/\/www.smart-impulse.com\/#organization\"},\"inLanguage\":\"en-US\"},{\"@type\":\"WebPage\",\"@id\":\"https:\/\/www.smart-impulse.com\/en\/case-study-warehouse\/\",\"url\":\"https:\/\/www.smart-impulse.com\/en\/case-study-warehouse\/\",\"name\":\"Case study 10,000 m\u00b2 - Warehouse - Form to download | SMART IMPULSE\",\"isPartOf\":{\"@id\":\"https:\/\/www.smart-impulse.com\/#website\"},\"datePublished\":\"2024-04-10T15:57:11+00:00\",\"breadcrumb\":{\"@id\":\"https:\/\/www.smart-impulse.com\/en\/case-study-warehouse\/#breadcrumb\"},\"inLanguage\":\"en-US\",\"potentialAction\":[{\"@type\":\"ReadAction\",\"target\":[\"https:\/\/www.smart-impulse.com\/en\/case-study-warehouse\/\"]}]},{\"@type\":\"BreadcrumbList\",\"@id\":\"https:\/\/www.smart-impulse.com\/en\/case-study-warehouse\/#breadcrumb\",\"itemListElement\":[{\"@type\":\"ListItem\",\"position\":1,\"name\":\"Home\",\"item\":\"https:\/\/www.smart-impulse.com\/\"},{\"@type\":\"ListItem\",\"position\":2,\"name\":\"Case study 10,000 m\u00b2 &#8211; Warehouse &#8211; Form to download\"}]},{\"@type\":\"WebSite\",\"@id\":\"https:\/\/www.smart-impulse.com\/#website\",\"url\":\"https:\/\/www.smart-impulse.com\/\",\"name\":\"SMART IMPULSE\",\"description\":\"Ma\u00eetriser ses consommations \u00e9lectriques n&#039;aura jamais \u00e9t\u00e9 aussi facile\",\"publisher\":{\"@id\":\"https:\/\/www.smart-impulse.com\/#organization\"},\"potentialAction\":[{\"@type\":\"SearchAction\",\"target\":{\"@type\":\"EntryPoint\",\"urlTemplate\":\"https:\/\/www.smart-impulse.com\/?s={search_term_string}\"},\"query-input\":{\"@type\":\"PropertyValueSpecification\",\"valueRequired\":true,\"valueName\":\"search_term_string\"}}],\"inLanguage\":\"en-US\"},{\"@type\":\"Organization\",\"@id\":\"https:\/\/www.smart-impulse.com\/#organization\",\"name\":\"Smart Impulse\",\"url\":\"https:\/\/www.smart-impulse.com\/\",\"logo\":{\"@type\":\"ImageObject\",\"inLanguage\":\"en-US\",\"@id\":\"https:\/\/www.smart-impulse.com\/#\/schema\/logo\/image\/\",\"url\":\"https:\/\/www.smart-impulse.com\/wp-content\/uploads\/2017\/08\/logo-vert.png\",\"contentUrl\":\"https:\/\/www.smart-impulse.com\/wp-content\/uploads\/2017\/08\/logo-vert.png\",\"width\":200,\"height\":96,\"caption\":\"Smart Impulse\"},\"image\":{\"@id\":\"https:\/\/www.smart-impulse.com\/#\/schema\/logo\/image\/\"},\"sameAs\":[\"https:\/\/www.facebook.com\/Smartimpulse\/\",\"https:\/\/x.com\/SmartImpulse\",\"https:\/\/fr.linkedin.com\/company\/smart-impulse\"]},{\"@type\":\"Person\",\"@id\":\"https:\/\/www.smart-impulse.com\/#\/schema\/person\/c7644b94e839c291218089efd53affb4\",\"name\":\"Shannon Etienne\",\"image\":{\"@type\":\"ImageObject\",\"inLanguage\":\"en-US\",\"@id\":\"https:\/\/www.smart-impulse.com\/#\/schema\/person\/image\/\",\"url\":\"https:\/\/secure.gravatar.com\/avatar\/3749b41f81b2b8e5bbe719eefc5a194731ceb2fc0a7c74eb53d8ef88330928cb?s=96&d=mm&r=g\",\"contentUrl\":\"https:\/\/secure.gravatar.com\/avatar\/3749b41f81b2b8e5bbe719eefc5a194731ceb2fc0a7c74eb53d8ef88330928cb?s=96&d=mm&r=g\",\"caption\":\"Shannon Etienne\"}}]}<\/script>\n<!-- \/ Yoast SEO plugin. -->","yoast_head_json":{"title":"Case study 10,000 m\u00b2 - Warehouse - Form to download | SMART IMPULSE","robots":{"index":"index","follow":"follow","max-snippet":"max-snippet:-1","max-image-preview":"max-image-preview:large","max-video-preview":"max-video-preview:-1"},"canonical":"https:\/\/www.smart-impulse.com\/en\/case-study-warehouse\/","og_locale":"en_US","og_type":"article","og_title":"Case study 10,000 m\u00b2 - Warehouse - Form to download | SMART IMPULSE","og_description":"Case study for optimising the consumption of a 10,000 sqm Warehouse","og_url":"https:\/\/www.smart-impulse.com\/en\/case-study-warehouse\/","og_site_name":"SMART IMPULSE","article_publisher":"https:\/\/www.facebook.com\/Smartimpulse\/","twitter_card":"summary_large_image","twitter_site":"@SmartImpulse","twitter_misc":{"Est. reading time":"1 minute"},"schema":{"@context":"https:\/\/schema.org","@graph":[{"@type":"Article","@id":"https:\/\/www.smart-impulse.com\/en\/case-study-warehouse\/#article","isPartOf":{"@id":"https:\/\/www.smart-impulse.com\/en\/case-study-warehouse\/"},"author":{"name":"Shannon Etienne","@id":"https:\/\/www.smart-impulse.com\/#\/schema\/person\/c7644b94e839c291218089efd53affb4"},"headline":"Case study 10,000 m\u00b2 &#8211; Warehouse &#8211; Form to download","datePublished":"2024-04-10T15:57:11+00:00","mainEntityOfPage":{"@id":"https:\/\/www.smart-impulse.com\/en\/case-study-warehouse\/"},"wordCount":27,"publisher":{"@id":"https:\/\/www.smart-impulse.com\/#organization"},"inLanguage":"en-US"},{"@type":"WebPage","@id":"https:\/\/www.smart-impulse.com\/en\/case-study-warehouse\/","url":"https:\/\/www.smart-impulse.com\/en\/case-study-warehouse\/","name":"Case study 10,000 m\u00b2 - Warehouse - Form to download | SMART IMPULSE","isPartOf":{"@id":"https:\/\/www.smart-impulse.com\/#website"},"datePublished":"2024-04-10T15:57:11+00:00","breadcrumb":{"@id":"https:\/\/www.smart-impulse.com\/en\/case-study-warehouse\/#breadcrumb"},"inLanguage":"en-US","potentialAction":[{"@type":"ReadAction","target":["https:\/\/www.smart-impulse.com\/en\/case-study-warehouse\/"]}]},{"@type":"BreadcrumbList","@id":"https:\/\/www.smart-impulse.com\/en\/case-study-warehouse\/#breadcrumb","itemListElement":[{"@type":"ListItem","position":1,"name":"Home","item":"https:\/\/www.smart-impulse.com\/"},{"@type":"ListItem","position":2,"name":"Case study 10,000 m\u00b2 &#8211; Warehouse &#8211; Form to download"}]},{"@type":"WebSite","@id":"https:\/\/www.smart-impulse.com\/#website","url":"https:\/\/www.smart-impulse.com\/","name":"SMART IMPULSE","description":"Ma\u00eetriser ses consommations \u00e9lectriques n&#039;aura jamais \u00e9t\u00e9 aussi facile","publisher":{"@id":"https:\/\/www.smart-impulse.com\/#organization"},"potentialAction":[{"@type":"SearchAction","target":{"@type":"EntryPoint","urlTemplate":"https:\/\/www.smart-impulse.com\/?s={search_term_string}"},"query-input":{"@type":"PropertyValueSpecification","valueRequired":true,"valueName":"search_term_string"}}],"inLanguage":"en-US"},{"@type":"Organization","@id":"https:\/\/www.smart-impulse.com\/#organization","name":"Smart Impulse","url":"https:\/\/www.smart-impulse.com\/","logo":{"@type":"ImageObject","inLanguage":"en-US","@id":"https:\/\/www.smart-impulse.com\/#\/schema\/logo\/image\/","url":"https:\/\/www.smart-impulse.com\/wp-content\/uploads\/2017\/08\/logo-vert.png","contentUrl":"https:\/\/www.smart-impulse.com\/wp-content\/uploads\/2017\/08\/logo-vert.png","width":200,"height":96,"caption":"Smart Impulse"},"image":{"@id":"https:\/\/www.smart-impulse.com\/#\/schema\/logo\/image\/"},"sameAs":["https:\/\/www.facebook.com\/Smartimpulse\/","https:\/\/x.com\/SmartImpulse","https:\/\/fr.linkedin.com\/company\/smart-impulse"]},{"@type":"Person","@id":"https:\/\/www.smart-impulse.com\/#\/schema\/person\/c7644b94e839c291218089efd53affb4","name":"Shannon Etienne","image":{"@type":"ImageObject","inLanguage":"en-US","@id":"https:\/\/www.smart-impulse.com\/#\/schema\/person\/image\/","url":"https:\/\/secure.gravatar.com\/avatar\/3749b41f81b2b8e5bbe719eefc5a194731ceb2fc0a7c74eb53d8ef88330928cb?s=96&d=mm&r=g","contentUrl":"https:\/\/secure.gravatar.com\/avatar\/3749b41f81b2b8e5bbe719eefc5a194731ceb2fc0a7c74eb53d8ef88330928cb?s=96&d=mm&r=g","caption":"Shannon Etienne"}}]}},"_links":{"self":[{"href":"https:\/\/www.smart-impulse.com\/en\/wp-json\/wp\/v2\/pages\/58721","targetHints":{"allow":["GET"]}}],"collection":[{"href":"https:\/\/www.smart-impulse.com\/en\/wp-json\/wp\/v2\/pages"}],"about":[{"href":"https:\/\/www.smart-impulse.com\/en\/wp-json\/wp\/v2\/types\/page"}],"author":[{"embeddable":true,"href":"https:\/\/www.smart-impulse.com\/en\/wp-json\/wp\/v2\/users\/8"}],"replies":[{"embeddable":true,"href":"https:\/\/www.smart-impulse.com\/en\/wp-json\/wp\/v2\/comments?post=58721"}],"version-history":[{"count":0,"href":"https:\/\/www.smart-impulse.com\/en\/wp-json\/wp\/v2\/pages\/58721\/revisions"}],"wp:attachment":[{"href":"https:\/\/www.smart-impulse.com\/en\/wp-json\/wp\/v2\/media?parent=58721"}],"curies":[{"name":"wp","href":"https:\/\/api.w.org\/{rel}","templated":true}]}}