{"id":60803,"date":"2024-10-31T13:15:13","date_gmt":"2024-10-31T12:15:13","guid":{"rendered":"https:\/\/www.smart-impulse.com\/?page_id=60803"},"modified":"2024-11-14T09:47:01","modified_gmt":"2024-11-14T08:47:01","slug":"form-webinar-lvmh-replay","status":"publish","type":"page","link":"https:\/\/www.smart-impulse.com\/en\/form-webinar-lvmh-replay\/","title":{"rendered":"Webinar LVMH &#8211; Replay"},"content":{"rendered":"<h2 style=\"text-align: center;\"><span style=\"color: #99cc00; font-size: 16pt;\">Replay of the Smart Impulse x LVMH webinar : <\/span><span style=\"color: #99cc00; font-size: 16pt;\">&#8220;Mastering energy data: a key lever for LVMH Environment.&#8221;<\/span><\/h2>\n<p>&nbsp;<\/p>\n<p>&nbsp;<\/p>\n<p>To receive the full replay of the webinar, sign up now by filling out the form below:<\/p>\n<p>&nbsp;<\/p>\n\n<div class=\"wpcf7 no-js\" id=\"wpcf7-f60801-o1\" lang=\"fr-FR\" dir=\"ltr\" data-wpcf7-id=\"60801\">\n<div class=\"screen-reader-response\"><p role=\"status\" aria-live=\"polite\" aria-atomic=\"true\"><\/p> <ul><\/ul><\/div>\n<form action=\"\/en\/wp-json\/wp\/v2\/pages\/60803#wpcf7-f60801-o1\" method=\"post\" class=\"wpcf7-form init\" aria-label=\"Formulaire de contact\" novalidate=\"novalidate\" data-status=\"init\">\n<fieldset class=\"hidden-fields-container\"><input type=\"hidden\" name=\"_wpcf7\" value=\"60801\" \/><input type=\"hidden\" name=\"_wpcf7_version\" value=\"6.1.5\" \/><input type=\"hidden\" name=\"_wpcf7_locale\" value=\"fr_FR\" \/><input type=\"hidden\" name=\"_wpcf7_unit_tag\" value=\"wpcf7-f60801-o1\" \/><input type=\"hidden\" name=\"_wpcf7_container_post\" value=\"0\" \/><input type=\"hidden\" name=\"_wpcf7_posted_data_hash\" value=\"\" \/><input type=\"hidden\" name=\"_wpcf7_recaptcha_response\" value=\"\" \/>\n<\/fieldset>\n<p>Your Name\n<\/p>\n<p><span class=\"wpcf7-form-control-wrap\" data-name=\"your-name\"><input size=\"40\" maxlength=\"400\" class=\"wpcf7-form-control wpcf7-text wpcf7-validates-as-required\" aria-required=\"true\" aria-invalid=\"false\" value=\"\" type=\"text\" name=\"your-name\" \/><\/span>\n<\/p>\n<p>Your Email address\n<\/p>\n<p><span class=\"wpcf7-form-control-wrap\" data-name=\"your-email\"><input size=\"40\" maxlength=\"400\" class=\"wpcf7-form-control wpcf7-email wpcf7-validates-as-required wpcf7-text wpcf7-validates-as-email\" aria-required=\"true\" aria-invalid=\"false\" value=\"\" type=\"email\" name=\"your-email\" \/><\/span>\n<\/p>\n<p>Your phone number\n<\/p>\n<p><span class=\"wpcf7-form-control-wrap\" data-name=\"your-phone\"><input size=\"40\" maxlength=\"400\" class=\"wpcf7-form-control wpcf7-tel wpcf7-validates-as-required wpcf7-text wpcf7-validates-as-tel\" aria-required=\"true\" aria-invalid=\"false\" value=\"\" type=\"tel\" name=\"your-phone\" \/><\/span>\n<\/p>\n<p>Your job title\n<\/p>\n<p><span class=\"wpcf7-form-control-wrap\" data-name=\"your-jobtitle\"><input size=\"40\" maxlength=\"400\" class=\"wpcf7-form-control wpcf7-text wpcf7-validates-as-required\" aria-required=\"true\" aria-invalid=\"false\" value=\"\" type=\"text\" name=\"your-jobtitle\" \/><\/span>\n<\/p>\n<p>Your Company\n<\/p>\n<p><span class=\"wpcf7-form-control-wrap\" data-name=\"your-company\"><input size=\"40\" maxlength=\"400\" class=\"wpcf7-form-control wpcf7-text wpcf7-validates-as-required\" aria-required=\"true\" aria-invalid=\"false\" value=\"\" type=\"text\" name=\"your-company\" \/><\/span>\n<\/p>\n<p>Veuillez s\u00e9lectionner un secteur (obligatoire)\n<\/p>\n<p><span class=\"wpcf7-form-control-wrap\" data-name=\"type\"><select class=\"wpcf7-form-control wpcf7-select\" aria-invalid=\"false\" name=\"type\"><option value=\"Propri\u00e9taire de b\u00e2timent\">Propri\u00e9taire de b\u00e2timent<\/option><option value=\"Occupant\">Occupant<\/option><option value=\"Exploitant\">Exploitant<\/option><option value=\"Retail\">Retail<\/option><option value=\"Secteur Public\">Secteur Public<\/option><option value=\"Bureau d&#039;\u00e9tudes\">Bureau d&#039;\u00e9tudes<\/option><option value=\"Editeur de plateforme\">Editeur de plateforme<\/option><option value=\"Editeur\/Int\u00e9grateur GTB\">Editeur\/Int\u00e9grateur GTB<\/option><option value=\"Autre\">Autre<\/option><\/select><\/span>\n<\/p>\n<p><input class=\"wpcf7-form-control wpcf7-submit has-spinner\" type=\"submit\" value=\"Submit\" \/>\n<\/p><div class=\"wpcf7-response-output\" aria-hidden=\"true\"><\/div>\n<\/form>\n<\/div>\n\n<p>&nbsp;<\/p>\n<p>&nbsp;<\/p>\n<p>&nbsp;<\/p>\n<p><em><span style=\"font-size: 10pt;\">By clicking on the &#8220;Submit&#8221; button, you hereby acknowledge that Smart Impulse will collect your personal information in accordance with our <u><a href=\"https:\/\/www.smart-impulse.com\/mentions-legales\/\">privacy policy<\/a><\/u>. You can unsubscribe from our databases at any time using the unsubscribe links or by contacting us at contact@smart-impulse.com.<\/span><\/em><\/p>\n","protected":false},"excerpt":{"rendered":"<p>Replay of the Smart Impulse x LVMH webinar : &#8220;Mastering energy data: a key lever for LVMH Environment.&#8221; &nbsp; &nbsp; To receive the full replay of the webinar, sign up now by filling out the form below: &nbsp; &nbsp; &nbsp;&#8230;<\/p>\n","protected":false},"author":8,"featured_media":0,"parent":0,"menu_order":0,"comment_status":"closed","ping_status":"closed","template":"","meta":{"footnotes":""},"class_list":["post-60803","page","type-page","status-publish","hentry"],"yoast_head":"<!-- This site is optimized with the Yoast SEO plugin v27.3 - https:\/\/yoast.com\/product\/yoast-seo-wordpress\/ -->\n<title>Webinar LVMH - Replay | SMART IMPULSE<\/title>\n<meta name=\"robots\" content=\"index, follow, max-snippet:-1, max-image-preview:large, max-video-preview:-1\" \/>\n<link rel=\"canonical\" href=\"https:\/\/www.smart-impulse.com\/en\/form-webinar-lvmh-replay\/\" \/>\n<meta property=\"og:locale\" content=\"en_US\" \/>\n<meta property=\"og:type\" content=\"article\" \/>\n<meta property=\"og:title\" content=\"Webinar LVMH - Replay | SMART IMPULSE\" \/>\n<meta property=\"og:description\" content=\"Replay of the Smart Impulse x LVMH webinar : &#8220;Mastering energy data: a key lever for LVMH Environment.&#8221; &nbsp; &nbsp; To receive the full replay of the webinar, sign up now by filling out the form below: &nbsp; &nbsp; &nbsp;...\" \/>\n<meta property=\"og:url\" content=\"https:\/\/www.smart-impulse.com\/en\/form-webinar-lvmh-replay\/\" \/>\n<meta property=\"og:site_name\" content=\"SMART IMPULSE\" \/>\n<meta property=\"article:publisher\" content=\"https:\/\/www.facebook.com\/Smartimpulse\/\" \/>\n<meta property=\"article:modified_time\" content=\"2024-11-14T08:47:01+00:00\" \/>\n<meta name=\"twitter:card\" content=\"summary_large_image\" \/>\n<meta name=\"twitter:site\" content=\"@SmartImpulse\" \/>\n<meta name=\"twitter:label1\" content=\"Est. reading time\" \/>\n\t<meta name=\"twitter:data1\" content=\"1 minute\" \/>\n<script type=\"application\/ld+json\" class=\"yoast-schema-graph\">{\"@context\":\"https:\\\/\\\/schema.org\",\"@graph\":[{\"@type\":\"Article\",\"@id\":\"https:\\\/\\\/www.smart-impulse.com\\\/en\\\/form-webinar-lvmh-replay\\\/#article\",\"isPartOf\":{\"@id\":\"https:\\\/\\\/www.smart-impulse.com\\\/en\\\/form-webinar-lvmh-replay\\\/\"},\"author\":{\"name\":\"Shannon Etienne\",\"@id\":\"https:\\\/\\\/www.smart-impulse.com\\\/#\\\/schema\\\/person\\\/c7644b94e839c291218089efd53affb4\"},\"headline\":\"Webinar LVMH &#8211; Replay\",\"datePublished\":\"2024-10-31T12:15:13+00:00\",\"dateModified\":\"2024-11-14T08:47:01+00:00\",\"mainEntityOfPage\":{\"@id\":\"https:\\\/\\\/www.smart-impulse.com\\\/en\\\/form-webinar-lvmh-replay\\\/\"},\"wordCount\":94,\"publisher\":{\"@id\":\"https:\\\/\\\/www.smart-impulse.com\\\/#organization\"},\"inLanguage\":\"en-US\"},{\"@type\":\"WebPage\",\"@id\":\"https:\\\/\\\/www.smart-impulse.com\\\/en\\\/form-webinar-lvmh-replay\\\/\",\"url\":\"https:\\\/\\\/www.smart-impulse.com\\\/en\\\/form-webinar-lvmh-replay\\\/\",\"name\":\"Webinar LVMH - Replay | SMART IMPULSE\",\"isPartOf\":{\"@id\":\"https:\\\/\\\/www.smart-impulse.com\\\/#website\"},\"datePublished\":\"2024-10-31T12:15:13+00:00\",\"dateModified\":\"2024-11-14T08:47:01+00:00\",\"breadcrumb\":{\"@id\":\"https:\\\/\\\/www.smart-impulse.com\\\/en\\\/form-webinar-lvmh-replay\\\/#breadcrumb\"},\"inLanguage\":\"en-US\",\"potentialAction\":[{\"@type\":\"ReadAction\",\"target\":[\"https:\\\/\\\/www.smart-impulse.com\\\/en\\\/form-webinar-lvmh-replay\\\/\"]}]},{\"@type\":\"BreadcrumbList\",\"@id\":\"https:\\\/\\\/www.smart-impulse.com\\\/en\\\/form-webinar-lvmh-replay\\\/#breadcrumb\",\"itemListElement\":[{\"@type\":\"ListItem\",\"position\":1,\"name\":\"Home\",\"item\":\"https:\\\/\\\/www.smart-impulse.com\\\/en\\\/\"},{\"@type\":\"ListItem\",\"position\":2,\"name\":\"Webinar LVMH &#8211; Replay\"}]},{\"@type\":\"WebSite\",\"@id\":\"https:\\\/\\\/www.smart-impulse.com\\\/#website\",\"url\":\"https:\\\/\\\/www.smart-impulse.com\\\/\",\"name\":\"SMART IMPULSE\",\"description\":\"Ma\u00eetriser ses consommations \u00e9lectriques n&#039;aura jamais \u00e9t\u00e9 aussi facile\",\"publisher\":{\"@id\":\"https:\\\/\\\/www.smart-impulse.com\\\/#organization\"},\"potentialAction\":[{\"@type\":\"SearchAction\",\"target\":{\"@type\":\"EntryPoint\",\"urlTemplate\":\"https:\\\/\\\/www.smart-impulse.com\\\/?s={search_term_string}\"},\"query-input\":{\"@type\":\"PropertyValueSpecification\",\"valueRequired\":true,\"valueName\":\"search_term_string\"}}],\"inLanguage\":\"en-US\"},{\"@type\":\"Organization\",\"@id\":\"https:\\\/\\\/www.smart-impulse.com\\\/#organization\",\"name\":\"Smart Impulse\",\"url\":\"https:\\\/\\\/www.smart-impulse.com\\\/\",\"logo\":{\"@type\":\"ImageObject\",\"inLanguage\":\"en-US\",\"@id\":\"https:\\\/\\\/www.smart-impulse.com\\\/#\\\/schema\\\/logo\\\/image\\\/\",\"url\":\"https:\\\/\\\/www.smart-impulse.com\\\/wp-content\\\/uploads\\\/2017\\\/08\\\/logo-vert.png\",\"contentUrl\":\"https:\\\/\\\/www.smart-impulse.com\\\/wp-content\\\/uploads\\\/2017\\\/08\\\/logo-vert.png\",\"width\":200,\"height\":96,\"caption\":\"Smart Impulse\"},\"image\":{\"@id\":\"https:\\\/\\\/www.smart-impulse.com\\\/#\\\/schema\\\/logo\\\/image\\\/\"},\"sameAs\":[\"https:\\\/\\\/www.facebook.com\\\/Smartimpulse\\\/\",\"https:\\\/\\\/x.com\\\/SmartImpulse\",\"https:\\\/\\\/fr.linkedin.com\\\/company\\\/smart-impulse\"]},{\"@type\":\"Person\",\"@id\":\"https:\\\/\\\/www.smart-impulse.com\\\/#\\\/schema\\\/person\\\/c7644b94e839c291218089efd53affb4\",\"name\":\"Shannon Etienne\",\"image\":{\"@type\":\"ImageObject\",\"inLanguage\":\"en-US\",\"@id\":\"https:\\\/\\\/secure.gravatar.com\\\/avatar\\\/3749b41f81b2b8e5bbe719eefc5a194731ceb2fc0a7c74eb53d8ef88330928cb?s=96&d=mm&r=g\",\"url\":\"https:\\\/\\\/secure.gravatar.com\\\/avatar\\\/3749b41f81b2b8e5bbe719eefc5a194731ceb2fc0a7c74eb53d8ef88330928cb?s=96&d=mm&r=g\",\"contentUrl\":\"https:\\\/\\\/secure.gravatar.com\\\/avatar\\\/3749b41f81b2b8e5bbe719eefc5a194731ceb2fc0a7c74eb53d8ef88330928cb?s=96&d=mm&r=g\",\"caption\":\"Shannon Etienne\"}}]}<\/script>\n<!-- \/ Yoast SEO plugin. -->","yoast_head_json":{"title":"Webinar LVMH - Replay | SMART IMPULSE","robots":{"index":"index","follow":"follow","max-snippet":"max-snippet:-1","max-image-preview":"max-image-preview:large","max-video-preview":"max-video-preview:-1"},"canonical":"https:\/\/www.smart-impulse.com\/en\/form-webinar-lvmh-replay\/","og_locale":"en_US","og_type":"article","og_title":"Webinar LVMH - Replay | SMART IMPULSE","og_description":"Replay of the Smart Impulse x LVMH webinar : &#8220;Mastering energy data: a key lever for LVMH Environment.&#8221; &nbsp; &nbsp; To receive the full replay of the webinar, sign up now by filling out the form below: &nbsp; &nbsp; &nbsp;...","og_url":"https:\/\/www.smart-impulse.com\/en\/form-webinar-lvmh-replay\/","og_site_name":"SMART IMPULSE","article_publisher":"https:\/\/www.facebook.com\/Smartimpulse\/","article_modified_time":"2024-11-14T08:47:01+00:00","twitter_card":"summary_large_image","twitter_site":"@SmartImpulse","twitter_misc":{"Est. reading time":"1 minute"},"schema":{"@context":"https:\/\/schema.org","@graph":[{"@type":"Article","@id":"https:\/\/www.smart-impulse.com\/en\/form-webinar-lvmh-replay\/#article","isPartOf":{"@id":"https:\/\/www.smart-impulse.com\/en\/form-webinar-lvmh-replay\/"},"author":{"name":"Shannon Etienne","@id":"https:\/\/www.smart-impulse.com\/#\/schema\/person\/c7644b94e839c291218089efd53affb4"},"headline":"Webinar LVMH &#8211; Replay","datePublished":"2024-10-31T12:15:13+00:00","dateModified":"2024-11-14T08:47:01+00:00","mainEntityOfPage":{"@id":"https:\/\/www.smart-impulse.com\/en\/form-webinar-lvmh-replay\/"},"wordCount":94,"publisher":{"@id":"https:\/\/www.smart-impulse.com\/#organization"},"inLanguage":"en-US"},{"@type":"WebPage","@id":"https:\/\/www.smart-impulse.com\/en\/form-webinar-lvmh-replay\/","url":"https:\/\/www.smart-impulse.com\/en\/form-webinar-lvmh-replay\/","name":"Webinar LVMH - Replay | SMART IMPULSE","isPartOf":{"@id":"https:\/\/www.smart-impulse.com\/#website"},"datePublished":"2024-10-31T12:15:13+00:00","dateModified":"2024-11-14T08:47:01+00:00","breadcrumb":{"@id":"https:\/\/www.smart-impulse.com\/en\/form-webinar-lvmh-replay\/#breadcrumb"},"inLanguage":"en-US","potentialAction":[{"@type":"ReadAction","target":["https:\/\/www.smart-impulse.com\/en\/form-webinar-lvmh-replay\/"]}]},{"@type":"BreadcrumbList","@id":"https:\/\/www.smart-impulse.com\/en\/form-webinar-lvmh-replay\/#breadcrumb","itemListElement":[{"@type":"ListItem","position":1,"name":"Home","item":"https:\/\/www.smart-impulse.com\/en\/"},{"@type":"ListItem","position":2,"name":"Webinar LVMH &#8211; Replay"}]},{"@type":"WebSite","@id":"https:\/\/www.smart-impulse.com\/#website","url":"https:\/\/www.smart-impulse.com\/","name":"SMART IMPULSE","description":"Ma\u00eetriser ses consommations \u00e9lectriques n&#039;aura jamais \u00e9t\u00e9 aussi facile","publisher":{"@id":"https:\/\/www.smart-impulse.com\/#organization"},"potentialAction":[{"@type":"SearchAction","target":{"@type":"EntryPoint","urlTemplate":"https:\/\/www.smart-impulse.com\/?s={search_term_string}"},"query-input":{"@type":"PropertyValueSpecification","valueRequired":true,"valueName":"search_term_string"}}],"inLanguage":"en-US"},{"@type":"Organization","@id":"https:\/\/www.smart-impulse.com\/#organization","name":"Smart Impulse","url":"https:\/\/www.smart-impulse.com\/","logo":{"@type":"ImageObject","inLanguage":"en-US","@id":"https:\/\/www.smart-impulse.com\/#\/schema\/logo\/image\/","url":"https:\/\/www.smart-impulse.com\/wp-content\/uploads\/2017\/08\/logo-vert.png","contentUrl":"https:\/\/www.smart-impulse.com\/wp-content\/uploads\/2017\/08\/logo-vert.png","width":200,"height":96,"caption":"Smart Impulse"},"image":{"@id":"https:\/\/www.smart-impulse.com\/#\/schema\/logo\/image\/"},"sameAs":["https:\/\/www.facebook.com\/Smartimpulse\/","https:\/\/x.com\/SmartImpulse","https:\/\/fr.linkedin.com\/company\/smart-impulse"]},{"@type":"Person","@id":"https:\/\/www.smart-impulse.com\/#\/schema\/person\/c7644b94e839c291218089efd53affb4","name":"Shannon Etienne","image":{"@type":"ImageObject","inLanguage":"en-US","@id":"https:\/\/secure.gravatar.com\/avatar\/3749b41f81b2b8e5bbe719eefc5a194731ceb2fc0a7c74eb53d8ef88330928cb?s=96&d=mm&r=g","url":"https:\/\/secure.gravatar.com\/avatar\/3749b41f81b2b8e5bbe719eefc5a194731ceb2fc0a7c74eb53d8ef88330928cb?s=96&d=mm&r=g","contentUrl":"https:\/\/secure.gravatar.com\/avatar\/3749b41f81b2b8e5bbe719eefc5a194731ceb2fc0a7c74eb53d8ef88330928cb?s=96&d=mm&r=g","caption":"Shannon Etienne"}}]}},"_links":{"self":[{"href":"https:\/\/www.smart-impulse.com\/en\/wp-json\/wp\/v2\/pages\/60803","targetHints":{"allow":["GET"]}}],"collection":[{"href":"https:\/\/www.smart-impulse.com\/en\/wp-json\/wp\/v2\/pages"}],"about":[{"href":"https:\/\/www.smart-impulse.com\/en\/wp-json\/wp\/v2\/types\/page"}],"author":[{"embeddable":true,"href":"https:\/\/www.smart-impulse.com\/en\/wp-json\/wp\/v2\/users\/8"}],"replies":[{"embeddable":true,"href":"https:\/\/www.smart-impulse.com\/en\/wp-json\/wp\/v2\/comments?post=60803"}],"version-history":[{"count":0,"href":"https:\/\/www.smart-impulse.com\/en\/wp-json\/wp\/v2\/pages\/60803\/revisions"}],"wp:attachment":[{"href":"https:\/\/www.smart-impulse.com\/en\/wp-json\/wp\/v2\/media?parent=60803"}],"curies":[{"name":"wp","href":"https:\/\/api.w.org\/{rel}","templated":true}]}}