{"id":64869,"date":"2026-03-31T14:01:15","date_gmt":"2026-03-31T12:01:15","guid":{"rendered":"https:\/\/www.smart-impulse.com\/?page_id=64869"},"modified":"2026-03-31T14:02:11","modified_gmt":"2026-03-31T12:02:11","slug":"leed-certification-form","status":"publish","type":"page","link":"https:\/\/www.smart-impulse.com\/en\/leed-certification-form\/","title":{"rendered":"Resources &#8211; LEED Certification Form"},"content":{"rendered":"<div class=\"wpb-content-wrapper\"><p>[vc_row css_animation=&#8221;&#8221; row_type=&#8221;row&#8221; use_row_as_full_screen_section=&#8221;no&#8221; type=&#8221;full_width&#8221; oblique_section=&#8221;no&#8221; text_align=&#8221;left&#8221; triangle_shape=&#8221;no&#8221; box_shadow_on_row=&#8221;no&#8221;][vc_column][vc_column_text css=&#8221;&#8221;]<\/p>\n<h3 style=\"text-align: center;\"><\/h3>\n<p>&nbsp;<\/p>\n<p><img decoding=\"async\" class=\"alignnone wp-image-64873 size-full\" src=\"https:\/\/www.smart-impulse.com\/wp-content\/uploads\/2026\/03\/banniere-formulaires-de-telechargements-1.jpg\" alt=\"\" width=\"1920\" height=\"523\" srcset=\"https:\/\/www.smart-impulse.com\/wp-content\/uploads\/2026\/03\/banniere-formulaires-de-telechargements-1.jpg 1920w, https:\/\/www.smart-impulse.com\/wp-content\/uploads\/2026\/03\/banniere-formulaires-de-telechargements-1-300x82.jpg 300w, https:\/\/www.smart-impulse.com\/wp-content\/uploads\/2026\/03\/banniere-formulaires-de-telechargements-1-1024x279.jpg 1024w, https:\/\/www.smart-impulse.com\/wp-content\/uploads\/2026\/03\/banniere-formulaires-de-telechargements-1-768x209.jpg 768w, https:\/\/www.smart-impulse.com\/wp-content\/uploads\/2026\/03\/banniere-formulaires-de-telechargements-1-1536x418.jpg 1536w, https:\/\/www.smart-impulse.com\/wp-content\/uploads\/2026\/03\/banniere-formulaires-de-telechargements-1-700x191.jpg 700w\" sizes=\"(max-width: 1920px) 100vw, 1920px\" \/><\/p>\n<p>&nbsp;<\/p>\n<h3 style=\"text-align: center;\"><span style=\"color: #99cc00; font-size: 18pt;\"><strong data-start=\"201\" data-end=\"267\">A practical resource to help strengthen your LEED O+M strategy, download it now!<\/strong><\/span><\/h3>\n<p>&nbsp;<\/p>\n<p data-start=\"269\" data-end=\"481\">Preparing for a <strong data-start=\"285\" data-end=\"311\">LEED O+M certification<\/strong> or looking to improve an existing rating?<\/p>\n<p data-start=\"269\" data-end=\"481\"><br data-start=\"353\" data-end=\"356\" \/>This resource helps you better understand how energy use is assessed and where to focus your efforts for the greatest impact. Inside, you\u2019ll discover how a well-structured <strong data-start=\"529\" data-end=\"558\">end-use metering approach<\/strong> can support your certification journey by helping you identify key consumption drivers, uncover improvement opportunities, and build a stronger, more data-driven LEED strategy.<\/p>\n<p>&nbsp;<\/p>\n<p data-start=\"737\" data-end=\"788\">Fill in the form below to access the full resource:<\/p>\n<p>&nbsp;<\/p>\n\n<div class=\"wpcf7 no-js\" id=\"wpcf7-f64879-o1\" lang=\"fr-FR\" dir=\"ltr\" data-wpcf7-id=\"64879\">\n<div class=\"screen-reader-response\"><p role=\"status\" aria-live=\"polite\" aria-atomic=\"true\"><\/p> <ul><\/ul><\/div>\n<form action=\"\/en\/wp-json\/wp\/v2\/pages\/64869#wpcf7-f64879-o1\" method=\"post\" class=\"wpcf7-form init\" aria-label=\"Formulaire de contact\" novalidate=\"novalidate\" data-status=\"init\">\n<fieldset class=\"hidden-fields-container\"><input type=\"hidden\" name=\"_wpcf7\" value=\"64879\" \/><input type=\"hidden\" name=\"_wpcf7_version\" value=\"6.1.5\" \/><input type=\"hidden\" name=\"_wpcf7_locale\" value=\"fr_FR\" \/><input type=\"hidden\" name=\"_wpcf7_unit_tag\" value=\"wpcf7-f64879-o1\" \/><input type=\"hidden\" name=\"_wpcf7_container_post\" value=\"0\" \/><input type=\"hidden\" name=\"_wpcf7_posted_data_hash\" value=\"\" \/><input type=\"hidden\" name=\"_wpcf7_recaptcha_response\" value=\"\" \/>\n<\/fieldset>\n<p>&nbsp;\n<\/p>\n<p> Mr \/ Mrs. (mandatory)\n<\/p>\n<p><span class=\"wpcf7-form-control-wrap\" data-name=\"your-gender\"><span class=\"wpcf7-form-control wpcf7-checkbox wpcf7-validates-as-required\"><span class=\"wpcf7-list-item first\"><input type=\"checkbox\" name=\"your-gender[]\" value=\"Mr\" \/><span class=\"wpcf7-list-item-label\">Mr<\/span><\/span><span class=\"wpcf7-list-item last\"><input type=\"checkbox\" name=\"your-gender[]\" value=\"Mrs\" \/><span class=\"wpcf7-list-item-label\">Mrs<\/span><\/span><\/span><\/span><br \/>\n&nbsp;\n<\/p>\n<p> First Name (mandatory)\n<\/p>\n<p><span class=\"wpcf7-form-control-wrap\" data-name=\"your-firstname\"><input size=\"40\" maxlength=\"400\" class=\"wpcf7-form-control wpcf7-text wpcf7-validates-as-required\" aria-required=\"true\" aria-invalid=\"false\" value=\"\" type=\"text\" name=\"your-firstname\" \/><\/span>\n<\/p>\n<p>&nbsp;\n<\/p>\n<p> Last Name (mandatory)\n<\/p>\n<p><span class=\"wpcf7-form-control-wrap\" data-name=\"your-name\"><input size=\"40\" maxlength=\"400\" class=\"wpcf7-form-control wpcf7-text wpcf7-validates-as-required\" aria-required=\"true\" aria-invalid=\"false\" value=\"\" type=\"text\" name=\"your-name\" \/><\/span>\n<\/p>\n<p>&nbsp;\n<\/p>\n<p> Business Email address (mandatory)\n<\/p>\n<p><span class=\"wpcf7-form-control-wrap\" data-name=\"your-email\"><input size=\"40\" maxlength=\"400\" class=\"wpcf7-form-control wpcf7-email wpcf7-validates-as-required wpcf7-text wpcf7-validates-as-email\" aria-required=\"true\" aria-invalid=\"false\" value=\"\" type=\"email\" name=\"your-email\" \/><\/span>\n<\/p>\n<p>&nbsp;\n<\/p>\n<p> Company (mandatory)\n<\/p>\n<p><span class=\"wpcf7-form-control-wrap\" data-name=\"your-company\"><input size=\"40\" maxlength=\"400\" class=\"wpcf7-form-control wpcf7-text wpcf7-validates-as-required\" aria-required=\"true\" aria-invalid=\"false\" value=\"\" type=\"text\" name=\"your-company\" \/><\/span>\n<\/p>\n<p>&nbsp;\n<\/p>\n<p> Country (mandatory)\n<\/p>\n<p><span class=\"wpcf7-form-control-wrap\" data-name=\"your-country\"><input size=\"40\" maxlength=\"400\" class=\"wpcf7-form-control wpcf7-text wpcf7-validates-as-required\" aria-required=\"true\" aria-invalid=\"false\" value=\"\" type=\"text\" name=\"your-country\" \/><\/span>\n<\/p>\n<p>&nbsp;\n<\/p>\n<p> Job title (mandatory)\n<\/p>\n<p><span class=\"wpcf7-form-control-wrap\" data-name=\"your-fonction\"><input size=\"40\" maxlength=\"400\" class=\"wpcf7-form-control wpcf7-text wpcf7-validates-as-required\" aria-required=\"true\" aria-invalid=\"false\" value=\"\" type=\"text\" name=\"your-fonction\" \/><\/span>\n<\/p>\n<p>&nbsp;\n<\/p>\n<p> Phone number (mandatory)\n<\/p>\n<p><span class=\"wpcf7-form-control-wrap\" data-name=\"your-phone\"><input size=\"40\" maxlength=\"400\" class=\"wpcf7-form-control wpcf7-tel wpcf7-validates-as-required wpcf7-text wpcf7-validates-as-tel\" aria-required=\"true\" aria-invalid=\"false\" value=\"\" type=\"tel\" name=\"your-phone\" \/><\/span>\n<\/p>\n<p>&nbsp;\n<\/p>\n<p> Please select your sector (mandatory)\n<\/p>\n<p><span class=\"wpcf7-form-control-wrap\" data-name=\"secteur\"><select class=\"wpcf7-form-control wpcf7-select\" aria-invalid=\"false\" name=\"secteur\"><option value=\"Building Owner\">Building Owner<\/option><option value=\"Office Occupier\">Office Occupier<\/option><option value=\"Facility Manager\">Facility Manager<\/option><option value=\"Retail\">Retail<\/option><option value=\"Public Sector\">Public Sector<\/option><option value=\"Consulting\">Consulting<\/option><option value=\"Platform\">Platform<\/option><option value=\"BMS\">BMS<\/option><option value=\"Other\">Other<\/option><\/select><\/span>\n<\/p>\n<p>&nbsp;\n<\/p>\n<p> Please select a preferred language\n<\/p>\n<p><span class=\"wpcf7-form-control-wrap\" data-name=\"langue\"><select class=\"wpcf7-form-control wpcf7-select\" aria-invalid=\"false\" name=\"langue\"><option value=\"French\">French<\/option><option value=\"English\">English<\/option><\/select><\/span>\n<\/p>\n<p>&nbsp;\n<\/p>\n<p><input class=\"wpcf7-form-control wpcf7-submit has-spinner\" type=\"submit\" value=\"Download LEED Certification\" \/>\n<\/p>\n<p>&ensp;<br \/>\n&ensp;<br \/>\n\t<FONT size=\"1pt\">By clicking on the \"Download Case Study\" button, you hereby acknowledge that Smart Impulse will collect your personal information in accordance with our <u><a href=\"https:\/\/www.smart-impulse.com\/mentions-legales\/\">privacy policy<\/a><\/u>. You can unsubscribe from our databases at any time using the unsubscribe links or by contacting us at contact@smart-impulse.com.\n\t<\/font>\n<\/p>\n<p>&ensp;\n<\/p><div class=\"wpcf7-response-output\" aria-hidden=\"true\"><\/div>\n<\/form>\n<\/div>\n\n<p>&nbsp;<\/p>\n<p>&nbsp;<\/p>\n<p><span style=\"font-size: 8pt;\">En cliquant sur le bouton \u00ab Recevoir la checklist\u00bb vous reconnaissez par la pr\u00e9sente que Smart Impulse collectera vos informations personnelles en accord avec notre <a href=\"https:\/\/www.smart-impulse.com\/mentions-legales\/\">politique de confidentialit\u00e9<\/a>. Vous pouvez vous d\u00e9sinscrire de nos bases de donn\u00e9es \u00e0 tout moment \u00e0 l&#8217;aide des liens de d\u00e9sinscription ou en nous contactant \u00e0 l&#8217;adresse contact@smart-impulse.com.<\/span>[\/vc_column_text][\/vc_column][\/vc_row]<\/p>\n<\/div>","protected":false},"excerpt":{"rendered":"<p>[vc_row css_animation=&#8221;&#8221; row_type=&#8221;row&#8221; use_row_as_full_screen_section=&#8221;no&#8221; type=&#8221;full_width&#8221; oblique_section=&#8221;no&#8221; text_align=&#8221;left&#8221; triangle_shape=&#8221;no&#8221; box_shadow_on_row=&#8221;no&#8221;][vc_column][vc_column_text css=&#8221;&#8221;] &nbsp; &nbsp; A practical resource to help strengthen your LEED O+M strategy, download it now! &nbsp; Preparing for a LEED O+M certification or looking to improve an existing rating? This&#8230;<\/p>\n","protected":false},"author":8,"featured_media":0,"parent":0,"menu_order":0,"comment_status":"closed","ping_status":"closed","template":"","meta":{"footnotes":""},"class_list":["post-64869","page","type-page","status-publish","hentry"],"yoast_head":"<!-- This site is optimized with the Yoast SEO plugin v27.3 - https:\/\/yoast.com\/product\/yoast-seo-wordpress\/ -->\n<title>T\u00e9l\u00e9chargez le guide complet pour la mesure et le suivi \u00e9nerg\u00e9tique<\/title>\n<meta name=\"description\" content=\"&quot;D\u00e9cret BACS : le guide complet pour la mesure et le suivi \u00e9nerg\u00e9tique&quot;, t\u00e9l\u00e9chargez notre livre blanc pour une mise en conformit\u00e9 rapide !\" \/>\n<meta name=\"robots\" content=\"index, follow, max-snippet:-1, max-image-preview:large, max-video-preview:-1\" \/>\n<link rel=\"canonical\" href=\"https:\/\/www.smart-impulse.com\/en\/leed-certification-form\/\" \/>\n<meta property=\"og:locale\" content=\"en_US\" \/>\n<meta property=\"og:type\" content=\"article\" \/>\n<meta property=\"og:title\" content=\"T\u00e9l\u00e9chargez le guide complet pour la mesure et le suivi \u00e9nerg\u00e9tique\" \/>\n<meta property=\"og:description\" content=\"&quot;D\u00e9cret BACS : le guide complet pour la mesure et le suivi \u00e9nerg\u00e9tique&quot;, t\u00e9l\u00e9chargez notre livre blanc pour une mise en conformit\u00e9 rapide !\" \/>\n<meta property=\"og:url\" content=\"https:\/\/www.smart-impulse.com\/en\/leed-certification-form\/\" \/>\n<meta property=\"og:site_name\" content=\"SMART IMPULSE\" \/>\n<meta property=\"article:publisher\" content=\"https:\/\/www.facebook.com\/Smartimpulse\/\" \/>\n<meta property=\"article:modified_time\" content=\"2026-03-31T12:02:11+00:00\" \/>\n<meta property=\"og:image\" content=\"https:\/\/www.smart-impulse.com\/wp-content\/uploads\/2026\/03\/banniere-formulaires-de-telechargements-1.jpg\" \/>\n\t<meta property=\"og:image:width\" content=\"1920\" \/>\n\t<meta property=\"og:image:height\" content=\"523\" \/>\n\t<meta property=\"og:image:type\" content=\"image\/jpeg\" \/>\n<meta name=\"twitter:card\" content=\"summary_large_image\" \/>\n<meta name=\"twitter:site\" content=\"@SmartImpulse\" \/>\n<meta name=\"twitter:label1\" content=\"Est. reading time\" \/>\n\t<meta name=\"twitter:data1\" content=\"2 minutes\" \/>\n<script type=\"application\/ld+json\" class=\"yoast-schema-graph\">{\"@context\":\"https:\\\/\\\/schema.org\",\"@graph\":[{\"@type\":\"Article\",\"@id\":\"https:\\\/\\\/www.smart-impulse.com\\\/en\\\/leed-certification-form\\\/#article\",\"isPartOf\":{\"@id\":\"https:\\\/\\\/www.smart-impulse.com\\\/en\\\/leed-certification-form\\\/\"},\"author\":{\"name\":\"Shannon Etienne\",\"@id\":\"https:\\\/\\\/www.smart-impulse.com\\\/#\\\/schema\\\/person\\\/c7644b94e839c291218089efd53affb4\"},\"headline\":\"Resources &#8211; LEED Certification Form\",\"datePublished\":\"2026-03-31T12:01:15+00:00\",\"dateModified\":\"2026-03-31T12:02:11+00:00\",\"mainEntityOfPage\":{\"@id\":\"https:\\\/\\\/www.smart-impulse.com\\\/en\\\/leed-certification-form\\\/\"},\"wordCount\":216,\"publisher\":{\"@id\":\"https:\\\/\\\/www.smart-impulse.com\\\/#organization\"},\"image\":{\"@id\":\"https:\\\/\\\/www.smart-impulse.com\\\/en\\\/leed-certification-form\\\/#primaryimage\"},\"thumbnailUrl\":\"https:\\\/\\\/www.smart-impulse.com\\\/wp-content\\\/uploads\\\/2026\\\/03\\\/banniere-formulaires-de-telechargements-1.jpg\",\"inLanguage\":\"en-US\"},{\"@type\":\"WebPage\",\"@id\":\"https:\\\/\\\/www.smart-impulse.com\\\/en\\\/leed-certification-form\\\/\",\"url\":\"https:\\\/\\\/www.smart-impulse.com\\\/en\\\/leed-certification-form\\\/\",\"name\":\"T\u00e9l\u00e9chargez le guide complet pour la mesure et le suivi \u00e9nerg\u00e9tique\",\"isPartOf\":{\"@id\":\"https:\\\/\\\/www.smart-impulse.com\\\/#website\"},\"primaryImageOfPage\":{\"@id\":\"https:\\\/\\\/www.smart-impulse.com\\\/en\\\/leed-certification-form\\\/#primaryimage\"},\"image\":{\"@id\":\"https:\\\/\\\/www.smart-impulse.com\\\/en\\\/leed-certification-form\\\/#primaryimage\"},\"thumbnailUrl\":\"https:\\\/\\\/www.smart-impulse.com\\\/wp-content\\\/uploads\\\/2026\\\/03\\\/banniere-formulaires-de-telechargements-1.jpg\",\"datePublished\":\"2026-03-31T12:01:15+00:00\",\"dateModified\":\"2026-03-31T12:02:11+00:00\",\"description\":\"\\\"D\u00e9cret BACS : le guide complet pour la mesure et le suivi \u00e9nerg\u00e9tique\\\", t\u00e9l\u00e9chargez notre livre blanc pour une mise en conformit\u00e9 rapide !\",\"breadcrumb\":{\"@id\":\"https:\\\/\\\/www.smart-impulse.com\\\/en\\\/leed-certification-form\\\/#breadcrumb\"},\"inLanguage\":\"en-US\",\"potentialAction\":[{\"@type\":\"ReadAction\",\"target\":[\"https:\\\/\\\/www.smart-impulse.com\\\/en\\\/leed-certification-form\\\/\"]}]},{\"@type\":\"ImageObject\",\"inLanguage\":\"en-US\",\"@id\":\"https:\\\/\\\/www.smart-impulse.com\\\/en\\\/leed-certification-form\\\/#primaryimage\",\"url\":\"https:\\\/\\\/www.smart-impulse.com\\\/wp-content\\\/uploads\\\/2026\\\/03\\\/banniere-formulaires-de-telechargements-1.jpg\",\"contentUrl\":\"https:\\\/\\\/www.smart-impulse.com\\\/wp-content\\\/uploads\\\/2026\\\/03\\\/banniere-formulaires-de-telechargements-1.jpg\"},{\"@type\":\"BreadcrumbList\",\"@id\":\"https:\\\/\\\/www.smart-impulse.com\\\/en\\\/leed-certification-form\\\/#breadcrumb\",\"itemListElement\":[{\"@type\":\"ListItem\",\"position\":1,\"name\":\"Home\",\"item\":\"https:\\\/\\\/www.smart-impulse.com\\\/en\\\/\"},{\"@type\":\"ListItem\",\"position\":2,\"name\":\"Resources &#8211; LEED Certification Form\"}]},{\"@type\":\"WebSite\",\"@id\":\"https:\\\/\\\/www.smart-impulse.com\\\/#website\",\"url\":\"https:\\\/\\\/www.smart-impulse.com\\\/\",\"name\":\"SMART IMPULSE\",\"description\":\"Ma\u00eetriser ses consommations \u00e9lectriques n&#039;aura jamais \u00e9t\u00e9 aussi facile\",\"publisher\":{\"@id\":\"https:\\\/\\\/www.smart-impulse.com\\\/#organization\"},\"potentialAction\":[{\"@type\":\"SearchAction\",\"target\":{\"@type\":\"EntryPoint\",\"urlTemplate\":\"https:\\\/\\\/www.smart-impulse.com\\\/?s={search_term_string}\"},\"query-input\":{\"@type\":\"PropertyValueSpecification\",\"valueRequired\":true,\"valueName\":\"search_term_string\"}}],\"inLanguage\":\"en-US\"},{\"@type\":\"Organization\",\"@id\":\"https:\\\/\\\/www.smart-impulse.com\\\/#organization\",\"name\":\"Smart Impulse\",\"url\":\"https:\\\/\\\/www.smart-impulse.com\\\/\",\"logo\":{\"@type\":\"ImageObject\",\"inLanguage\":\"en-US\",\"@id\":\"https:\\\/\\\/www.smart-impulse.com\\\/#\\\/schema\\\/logo\\\/image\\\/\",\"url\":\"https:\\\/\\\/www.smart-impulse.com\\\/wp-content\\\/uploads\\\/2017\\\/08\\\/logo-vert.png\",\"contentUrl\":\"https:\\\/\\\/www.smart-impulse.com\\\/wp-content\\\/uploads\\\/2017\\\/08\\\/logo-vert.png\",\"width\":200,\"height\":96,\"caption\":\"Smart Impulse\"},\"image\":{\"@id\":\"https:\\\/\\\/www.smart-impulse.com\\\/#\\\/schema\\\/logo\\\/image\\\/\"},\"sameAs\":[\"https:\\\/\\\/www.facebook.com\\\/Smartimpulse\\\/\",\"https:\\\/\\\/x.com\\\/SmartImpulse\",\"https:\\\/\\\/fr.linkedin.com\\\/company\\\/smart-impulse\"]},{\"@type\":\"Person\",\"@id\":\"https:\\\/\\\/www.smart-impulse.com\\\/#\\\/schema\\\/person\\\/c7644b94e839c291218089efd53affb4\",\"name\":\"Shannon Etienne\",\"image\":{\"@type\":\"ImageObject\",\"inLanguage\":\"en-US\",\"@id\":\"https:\\\/\\\/secure.gravatar.com\\\/avatar\\\/3749b41f81b2b8e5bbe719eefc5a194731ceb2fc0a7c74eb53d8ef88330928cb?s=96&d=mm&r=g\",\"url\":\"https:\\\/\\\/secure.gravatar.com\\\/avatar\\\/3749b41f81b2b8e5bbe719eefc5a194731ceb2fc0a7c74eb53d8ef88330928cb?s=96&d=mm&r=g\",\"contentUrl\":\"https:\\\/\\\/secure.gravatar.com\\\/avatar\\\/3749b41f81b2b8e5bbe719eefc5a194731ceb2fc0a7c74eb53d8ef88330928cb?s=96&d=mm&r=g\",\"caption\":\"Shannon Etienne\"}}]}<\/script>\n<!-- \/ Yoast SEO plugin. -->","yoast_head_json":{"title":"T\u00e9l\u00e9chargez le guide complet pour la mesure et le suivi \u00e9nerg\u00e9tique","description":"\"D\u00e9cret BACS : le guide complet pour la mesure et le suivi \u00e9nerg\u00e9tique\", t\u00e9l\u00e9chargez notre livre blanc pour une mise en conformit\u00e9 rapide !","robots":{"index":"index","follow":"follow","max-snippet":"max-snippet:-1","max-image-preview":"max-image-preview:large","max-video-preview":"max-video-preview:-1"},"canonical":"https:\/\/www.smart-impulse.com\/en\/leed-certification-form\/","og_locale":"en_US","og_type":"article","og_title":"T\u00e9l\u00e9chargez le guide complet pour la mesure et le suivi \u00e9nerg\u00e9tique","og_description":"\"D\u00e9cret BACS : le guide complet pour la mesure et le suivi \u00e9nerg\u00e9tique\", t\u00e9l\u00e9chargez notre livre blanc pour une mise en conformit\u00e9 rapide !","og_url":"https:\/\/www.smart-impulse.com\/en\/leed-certification-form\/","og_site_name":"SMART IMPULSE","article_publisher":"https:\/\/www.facebook.com\/Smartimpulse\/","article_modified_time":"2026-03-31T12:02:11+00:00","og_image":[{"width":1920,"height":523,"url":"https:\/\/www.smart-impulse.com\/wp-content\/uploads\/2026\/03\/banniere-formulaires-de-telechargements-1.jpg","type":"image\/jpeg"}],"twitter_card":"summary_large_image","twitter_site":"@SmartImpulse","twitter_misc":{"Est. reading time":"2 minutes"},"schema":{"@context":"https:\/\/schema.org","@graph":[{"@type":"Article","@id":"https:\/\/www.smart-impulse.com\/en\/leed-certification-form\/#article","isPartOf":{"@id":"https:\/\/www.smart-impulse.com\/en\/leed-certification-form\/"},"author":{"name":"Shannon Etienne","@id":"https:\/\/www.smart-impulse.com\/#\/schema\/person\/c7644b94e839c291218089efd53affb4"},"headline":"Resources &#8211; LEED Certification Form","datePublished":"2026-03-31T12:01:15+00:00","dateModified":"2026-03-31T12:02:11+00:00","mainEntityOfPage":{"@id":"https:\/\/www.smart-impulse.com\/en\/leed-certification-form\/"},"wordCount":216,"publisher":{"@id":"https:\/\/www.smart-impulse.com\/#organization"},"image":{"@id":"https:\/\/www.smart-impulse.com\/en\/leed-certification-form\/#primaryimage"},"thumbnailUrl":"https:\/\/www.smart-impulse.com\/wp-content\/uploads\/2026\/03\/banniere-formulaires-de-telechargements-1.jpg","inLanguage":"en-US"},{"@type":"WebPage","@id":"https:\/\/www.smart-impulse.com\/en\/leed-certification-form\/","url":"https:\/\/www.smart-impulse.com\/en\/leed-certification-form\/","name":"T\u00e9l\u00e9chargez le guide complet pour la mesure et le suivi \u00e9nerg\u00e9tique","isPartOf":{"@id":"https:\/\/www.smart-impulse.com\/#website"},"primaryImageOfPage":{"@id":"https:\/\/www.smart-impulse.com\/en\/leed-certification-form\/#primaryimage"},"image":{"@id":"https:\/\/www.smart-impulse.com\/en\/leed-certification-form\/#primaryimage"},"thumbnailUrl":"https:\/\/www.smart-impulse.com\/wp-content\/uploads\/2026\/03\/banniere-formulaires-de-telechargements-1.jpg","datePublished":"2026-03-31T12:01:15+00:00","dateModified":"2026-03-31T12:02:11+00:00","description":"\"D\u00e9cret BACS : le guide complet pour la mesure et le suivi \u00e9nerg\u00e9tique\", t\u00e9l\u00e9chargez notre livre blanc pour une mise en conformit\u00e9 rapide !","breadcrumb":{"@id":"https:\/\/www.smart-impulse.com\/en\/leed-certification-form\/#breadcrumb"},"inLanguage":"en-US","potentialAction":[{"@type":"ReadAction","target":["https:\/\/www.smart-impulse.com\/en\/leed-certification-form\/"]}]},{"@type":"ImageObject","inLanguage":"en-US","@id":"https:\/\/www.smart-impulse.com\/en\/leed-certification-form\/#primaryimage","url":"https:\/\/www.smart-impulse.com\/wp-content\/uploads\/2026\/03\/banniere-formulaires-de-telechargements-1.jpg","contentUrl":"https:\/\/www.smart-impulse.com\/wp-content\/uploads\/2026\/03\/banniere-formulaires-de-telechargements-1.jpg"},{"@type":"BreadcrumbList","@id":"https:\/\/www.smart-impulse.com\/en\/leed-certification-form\/#breadcrumb","itemListElement":[{"@type":"ListItem","position":1,"name":"Home","item":"https:\/\/www.smart-impulse.com\/en\/"},{"@type":"ListItem","position":2,"name":"Resources &#8211; LEED Certification Form"}]},{"@type":"WebSite","@id":"https:\/\/www.smart-impulse.com\/#website","url":"https:\/\/www.smart-impulse.com\/","name":"SMART IMPULSE","description":"Ma\u00eetriser ses consommations \u00e9lectriques n&#039;aura jamais \u00e9t\u00e9 aussi facile","publisher":{"@id":"https:\/\/www.smart-impulse.com\/#organization"},"potentialAction":[{"@type":"SearchAction","target":{"@type":"EntryPoint","urlTemplate":"https:\/\/www.smart-impulse.com\/?s={search_term_string}"},"query-input":{"@type":"PropertyValueSpecification","valueRequired":true,"valueName":"search_term_string"}}],"inLanguage":"en-US"},{"@type":"Organization","@id":"https:\/\/www.smart-impulse.com\/#organization","name":"Smart Impulse","url":"https:\/\/www.smart-impulse.com\/","logo":{"@type":"ImageObject","inLanguage":"en-US","@id":"https:\/\/www.smart-impulse.com\/#\/schema\/logo\/image\/","url":"https:\/\/www.smart-impulse.com\/wp-content\/uploads\/2017\/08\/logo-vert.png","contentUrl":"https:\/\/www.smart-impulse.com\/wp-content\/uploads\/2017\/08\/logo-vert.png","width":200,"height":96,"caption":"Smart Impulse"},"image":{"@id":"https:\/\/www.smart-impulse.com\/#\/schema\/logo\/image\/"},"sameAs":["https:\/\/www.facebook.com\/Smartimpulse\/","https:\/\/x.com\/SmartImpulse","https:\/\/fr.linkedin.com\/company\/smart-impulse"]},{"@type":"Person","@id":"https:\/\/www.smart-impulse.com\/#\/schema\/person\/c7644b94e839c291218089efd53affb4","name":"Shannon Etienne","image":{"@type":"ImageObject","inLanguage":"en-US","@id":"https:\/\/secure.gravatar.com\/avatar\/3749b41f81b2b8e5bbe719eefc5a194731ceb2fc0a7c74eb53d8ef88330928cb?s=96&d=mm&r=g","url":"https:\/\/secure.gravatar.com\/avatar\/3749b41f81b2b8e5bbe719eefc5a194731ceb2fc0a7c74eb53d8ef88330928cb?s=96&d=mm&r=g","contentUrl":"https:\/\/secure.gravatar.com\/avatar\/3749b41f81b2b8e5bbe719eefc5a194731ceb2fc0a7c74eb53d8ef88330928cb?s=96&d=mm&r=g","caption":"Shannon Etienne"}}]}},"_links":{"self":[{"href":"https:\/\/www.smart-impulse.com\/en\/wp-json\/wp\/v2\/pages\/64869","targetHints":{"allow":["GET"]}}],"collection":[{"href":"https:\/\/www.smart-impulse.com\/en\/wp-json\/wp\/v2\/pages"}],"about":[{"href":"https:\/\/www.smart-impulse.com\/en\/wp-json\/wp\/v2\/types\/page"}],"author":[{"embeddable":true,"href":"https:\/\/www.smart-impulse.com\/en\/wp-json\/wp\/v2\/users\/8"}],"replies":[{"embeddable":true,"href":"https:\/\/www.smart-impulse.com\/en\/wp-json\/wp\/v2\/comments?post=64869"}],"version-history":[{"count":0,"href":"https:\/\/www.smart-impulse.com\/en\/wp-json\/wp\/v2\/pages\/64869\/revisions"}],"wp:attachment":[{"href":"https:\/\/www.smart-impulse.com\/en\/wp-json\/wp\/v2\/media?parent=64869"}],"curies":[{"name":"wp","href":"https:\/\/api.w.org\/{rel}","templated":true}]}}